{"id":2,"date":"2023-09-25T19:53:56","date_gmt":"2023-09-25T19:53:56","guid":{"rendered":"https:\/\/rethymno.villas\/?page_id=2"},"modified":"2023-09-25T19:53:56","modified_gmt":"2023-09-25T19:53:56","slug":"ukazkova-stranka","status":"publish","type":"page","link":"https:\/\/rethymno.villas\/cs\/ukazkova-stranka\/","title":{"rendered":"Uk\u00e1zkov\u00e1 str\u00e1nka"},"content":{"rendered":"<p>Toto je p\u0159\u00edklad str\u00e1nky. Li\u0161\u00ed se od p\u0159\u00edsp\u011bvku na blogu, proto\u017ee z\u016fstane na jednom m\u00edst\u011b a zobraz\u00ed se na va\u0161em webu (ve v\u011bt\u0161in\u011b t\u00e9mat). V\u011bt\u0161ina lid\u00ed za\u010d\u00edn\u00e1 str\u00e1nkou O aplikaci, kter\u00e1 je p\u0159edstavuje potenci\u00e1ln\u00edm n\u00e1v\u0161t\u011bvn\u00edk\u016fm webu. M\u016f\u017ee to \u0159\u00edkat n\u011bco takov\u00e9ho:<\/p>\n\n\n\n<blockquote class=\"wp-block-quote is-layout-flow wp-block-quote-is-layout-flow\"><p>Ahoj! Ve dne jsem posl\u00ed\u010dek na kole, v noci cti\u017e\u00e1dostiv\u00fd herec a toto je m\u016fj web. \u017diji v Los Angeles, m\u00e1m skv\u011bl\u00e9ho psa jm\u00e9nem Jack a m\u00e1m r\u00e1d pi\u00f1a coladas. (A chytit se v de\u0161ti.)<\/p><\/blockquote>\n\n\n\n<p>...nebo n\u011bco takov\u00e9ho:<\/p>\n\n\n\n<blockquote class=\"wp-block-quote is-layout-flow wp-block-quote-is-layout-flow\"><p>Spole\u010dnost XYZ Doohickey Company byla zalo\u017eena v roce 1971 a od t\u00e9 doby poskytuje ve\u0159ejnosti kvalitn\u00ed doohickey. Spole\u010dnost XYZ se s\u00eddlem v Gotham City zam\u011bstn\u00e1v\u00e1 v\u00edce ne\u017e 2 000 lid\u00ed a d\u011bl\u00e1 pro komunitu Gothamu v\u0161echny druhy \u00fa\u017easn\u00fdch v\u011bc\u00ed.<\/p><\/blockquote>\n\n\n\n<p>Jako nov\u00fd u\u017eivatel WordPress byste m\u011bli p\u0159ej\u00edt na <a href=\"https:\/\/rethymno.villas\/wp-admin\/\">v\u00e1\u0161 p\u0159\u00edstrojov\u00fd panel<\/a> smazat tuto str\u00e1nku a vytvo\u0159it nov\u00e9 str\u00e1nky pro v\u00e1\u0161 obsah. Bavte se!<\/p>","protected":false},"excerpt":{"rendered":"<p>Toto je p\u0159\u00edklad str\u00e1nky. Li\u0161\u00ed se od p\u0159\u00edsp\u011bvku na blogu, proto\u017ee z\u016fstane na jednom m\u00edst\u011b a zobraz\u00ed se na va\u0161em webu (ve v\u011bt\u0161in\u011b t\u00e9mat). V\u011bt\u0161ina lid\u00ed za\u010d\u00edn\u00e1 str\u00e1nkou O aplikaci, kter\u00e1 je p\u0159edstavuje potenci\u00e1ln\u00edm n\u00e1v\u0161t\u011bvn\u00edk\u016fm webu. Mohlo by to zn\u00edt asi takto: Ahoj! Jsem posl\u00ed\u010dek na kole [\u2026]<\/p>","protected":false},"author":1,"featured_media":0,"parent":0,"menu_order":0,"comment_status":"closed","ping_status":"open","template":"","meta":{"inline_featured_image":false,"footnotes":""},"class_list":["post-2","page","type-page","status-publish","hentry"],"_links":{"self":[{"href":"https:\/\/rethymno.villas\/cs\/wp-json\/wp\/v2\/pages\/2","targetHints":{"allow":["GET"]}}],"collection":[{"href":"https:\/\/rethymno.villas\/cs\/wp-json\/wp\/v2\/pages"}],"about":[{"href":"https:\/\/rethymno.villas\/cs\/wp-json\/wp\/v2\/types\/page"}],"author":[{"embeddable":true,"href":"https:\/\/rethymno.villas\/cs\/wp-json\/wp\/v2\/users\/1"}],"replies":[{"embeddable":true,"href":"https:\/\/rethymno.villas\/cs\/wp-json\/wp\/v2\/comments?post=2"}],"version-history":[{"count":0,"href":"https:\/\/rethymno.villas\/cs\/wp-json\/wp\/v2\/pages\/2\/revisions"}],"wp:attachment":[{"href":"https:\/\/rethymno.villas\/cs\/wp-json\/wp\/v2\/media?parent=2"}],"curies":[{"name":"wp","href":"https:\/\/api.w.org\/{rel}","templated":true}]}}