{"id":80,"date":"2018-08-13T10:01:27","date_gmt":"2018-08-13T10:01:27","guid":{"rendered":"https:\/\/themes.getmotopress.com\/ciestra\/?page_id=80"},"modified":"2023-09-26T03:53:34","modified_gmt":"2023-09-26T00:53:34","slug":"typografie","status":"publish","type":"page","link":"https:\/\/rethymno.villas\/cs\/typografie\/","title":{"rendered":"Typografie"},"content":{"rendered":"<p>Ta posledn\u00ed nen\u00ed v\u00edc ne\u017e stopa vysok\u00e1 a asi sedm krok\u016f v pr\u016fm\u011bru, pouh\u00fd ploch\u00fd vrchol \u0161ed\u00e9 sk\u00e1ly, z n\u00ed\u017e se po spr\u0161e kou\u0159\u00ed jako \u017ehav\u00e1 \u0161kv\u00e1ra, a kde by se \u017e\u00e1dn\u00fd mu\u017e necht\u011bl odv\u00e1\u017eit p\u0159ed z\u00e1padem slunce nahou podr\u00e1\u017eku. Na Mal\u00e9 Isabele \u0161ust\u00ed star\u00e1 otrhan\u00e1 palma s tlust\u00fdm vypoukl\u00fdm kmenem drsn\u00fdm s ostny, velmi \u010darod\u011bjnice mezi palmami, nad hrub\u00fdm p\u00edskem \u0161ust\u00ed ponur\u00fd trs uschl\u00fdch list\u016f.<\/p>\n<h1>Nadpis 1 (H1)<\/h1>\n<p>Ta posledn\u00ed nen\u00ed v\u00edc ne\u017e stopa vysok\u00e1 a asi sedm krok\u016f v pr\u016fm\u011bru, pouh\u00fd ploch\u00fd vrchol \u0161ed\u00e9 sk\u00e1ly, z n\u00ed\u017e se po spr\u0161e kou\u0159\u00ed jako \u017ehav\u00e1 \u0161kv\u00e1ra, a kde by se \u017e\u00e1dn\u00fd mu\u017e necht\u011bl odv\u00e1\u017eit p\u0159ed z\u00e1padem slunce nahou podr\u00e1\u017eku. Na Mal\u00e9 Isabele \u0161ust\u00ed star\u00e1 otrhan\u00e1 palma s tlust\u00fdm vypoukl\u00fdm kmenem drsn\u00fdm s ostny, velmi \u010darod\u011bjnice mezi palmami, nad hrub\u00fdm p\u00edskem \u0161ust\u00ed ponur\u00fd trs uschl\u00fdch list\u016f.<\/p>\n<h2>Nadpis 2 (H2)<\/h2>\n<p>Ta posledn\u00ed nen\u00ed v\u00edc ne\u017e stopa vysok\u00e1 a asi sedm krok\u016f v pr\u016fm\u011bru, pouh\u00fd ploch\u00fd vrchol \u0161ed\u00e9 sk\u00e1ly, z n\u00ed\u017e se po spr\u0161e kou\u0159\u00ed jako \u017ehav\u00e1 \u0161kv\u00e1ra, a kde by se \u017e\u00e1dn\u00fd mu\u017e necht\u011bl odv\u00e1\u017eit p\u0159ed z\u00e1padem slunce nahou podr\u00e1\u017eku. Na Mal\u00e9 Isabele \u0161ust\u00ed star\u00e1 otrhan\u00e1 palma s tlust\u00fdm vypoukl\u00fdm kmenem drsn\u00fdm s ostny, velmi \u010darod\u011bjnice mezi palmami, nad hrub\u00fdm p\u00edskem \u0161ust\u00ed ponur\u00fd trs uschl\u00fdch list\u016f.<\/p>\n<h3>Nadpis 3 (H3)<\/h3>\n<p>Ta posledn\u00ed nen\u00ed v\u00edc ne\u017e stopa vysok\u00e1 a asi sedm krok\u016f v pr\u016fm\u011bru, pouh\u00fd ploch\u00fd vrchol \u0161ed\u00e9 sk\u00e1ly, z n\u00ed\u017e se po spr\u0161e kou\u0159\u00ed jako \u017ehav\u00e1 \u0161kv\u00e1ra, a kde by se \u017e\u00e1dn\u00fd mu\u017e necht\u011bl odv\u00e1\u017eit p\u0159ed z\u00e1padem slunce nahou podr\u00e1\u017eku. Na Mal\u00e9 Isabele \u0161ust\u00ed star\u00e1 otrhan\u00e1 palma s tlust\u00fdm vypoukl\u00fdm kmenem drsn\u00fdm s ostny, velmi \u010darod\u011bjnice mezi palmami, nad hrub\u00fdm p\u00edskem \u0161ust\u00ed ponur\u00fd trs uschl\u00fdch list\u016f.<\/p>\n<h4>Nadpis 4 (H4)<\/h4>\n<p>Ta posledn\u00ed nen\u00ed v\u00edc ne\u017e stopa vysok\u00e1 a asi sedm krok\u016f v pr\u016fm\u011bru, pouh\u00fd ploch\u00fd vrchol \u0161ed\u00e9 sk\u00e1ly, z n\u00ed\u017e se po spr\u0161e kou\u0159\u00ed jako \u017ehav\u00e1 \u0161kv\u00e1ra, a kde by se \u017e\u00e1dn\u00fd mu\u017e necht\u011bl odv\u00e1\u017eit p\u0159ed z\u00e1padem slunce nahou podr\u00e1\u017eku. Na Mal\u00e9 Isabele \u0161ust\u00ed star\u00e1 otrhan\u00e1 palma s tlust\u00fdm vypoukl\u00fdm kmenem drsn\u00fdm s ostny, velmi \u010darod\u011bjnice mezi palmami, nad hrub\u00fdm p\u00edskem \u0161ust\u00ed ponur\u00fd trs uschl\u00fdch list\u016f.<\/p>\n<h5>Nadpis 5 (H5)<\/h5>\n<p>Ta posledn\u00ed nen\u00ed v\u00edc ne\u017e stopa vysok\u00e1 a asi sedm krok\u016f v pr\u016fm\u011bru, pouh\u00fd ploch\u00fd vrchol \u0161ed\u00e9 sk\u00e1ly, z n\u00ed\u017e se po spr\u0161e kou\u0159\u00ed jako \u017ehav\u00e1 \u0161kv\u00e1ra, a kde by se \u017e\u00e1dn\u00fd mu\u017e necht\u011bl odv\u00e1\u017eit p\u0159ed z\u00e1padem slunce nahou podr\u00e1\u017eku. Na Mal\u00e9 Isabele \u0161ust\u00ed star\u00e1 otrhan\u00e1 palma s tlust\u00fdm vypoukl\u00fdm kmenem drsn\u00fdm s ostny, velmi \u010darod\u011bjnice mezi palmami, nad hrub\u00fdm p\u00edskem \u0161ust\u00ed ponur\u00fd trs uschl\u00fdch list\u016f.<\/p>\n<h6>Nadpis 6 (H6)<\/h6>\n<p>Ta posledn\u00ed nen\u00ed v\u00edc ne\u017e stopa vysok\u00e1 a asi sedm krok\u016f v pr\u016fm\u011bru, pouh\u00fd ploch\u00fd vrchol \u0161ed\u00e9 sk\u00e1ly, z n\u00ed\u017e se po spr\u0161e kou\u0159\u00ed jako \u017ehav\u00e1 \u0161kv\u00e1ra, a kde by se \u017e\u00e1dn\u00fd mu\u017e necht\u011bl odv\u00e1\u017eit p\u0159ed z\u00e1padem slunce nahou podr\u00e1\u017eku. Na Mal\u00e9 Isabele \u0161ust\u00ed star\u00e1 otrhan\u00e1 palma s tlust\u00fdm vypoukl\u00fdm kmenem drsn\u00fdm s ostny, velmi \u010darod\u011bjnice mezi palmami, nad hrub\u00fdm p\u00edskem \u0161ust\u00ed ponur\u00fd trs uschl\u00fdch list\u016f.<\/p>\n<h2>Blokov\u00e9 uvozovky<\/h2>\n<p>Jedno\u0159\u00e1dkov\u00e1 blokov\u00e1 citace:<\/p>\n<blockquote><p>Z\u016fstat hladov\u00fd. Z\u016fsta\u0148 hloup\u00fd.<\/p><\/blockquote>\n<p>V\u00edce\u0159\u00e1dkov\u00e1 blokov\u00e1 citace s odkazem na citaci:<\/p>\n<blockquote cite=\"https:\/\/developer.mozilla.org\/en-US\/docs\/Web\/HTML\/Element\/blockquote\"><p>The <strong>HTML <code><blockquote><\/code> \u017divel<\/strong> (nebo <em>Prvek blokov\u00e9 nab\u00eddky HTML<\/em>) ozna\u010duje, \u017ee p\u0159ilo\u017een\u00fd text je roz\u0161\u00ed\u0159enou citac\u00ed. Obvykle se to vykresluje vizu\u00e1ln\u011b odsazen\u00edm (viz <a href=\"https:\/\/developer.mozilla.org\/en-US\/docs\/HTML\/Element\/blockquote#Notes\" target=\"_blank\" rel=\"noopener\">Pozn\u00e1mky<\/a> jak to zm\u011bnit). Adresa URL zdroje nab\u00eddky m\u016f\u017ee b\u00fdt uvedena pomoc\u00ed <strong>uv\u00e9st<\/strong> atribut, zat\u00edmco textovou reprezentaci zdroje lze zadat pomoc\u00ed <a title=\"HTML Citation Element &lt;cite&gt;p\u0159edstavuje odkaz na kreativn\u00ed d\u00edlo. Mus\u00ed obsahovat n\u00e1zev d\u00edla nebo odkaz na URL, kter\u00fd m\u016f\u017ee b\u00fdt ve zkr\u00e1cen\u00e9 form\u011b podle zvyklost\u00ed pou\u017e\u00edvan\u00fdch pro p\u0159id\u00e1v\u00e1n\u00ed metadat citace.&lt;\/cite&gt;\" href=\"https:\/\/developer.mozilla.org\/en-US\/docs\/Web\/HTML\/Element\/cite\" target=\"_blank\" rel=\"noopener\"><code><cite><\/code><\/a> \u017eivel.<\/p><\/blockquote>\n<p><cite>v\u00edce p\u0159isp\u011bvatel\u016f<\/cite> \u2013 Odkaz na prvek HTML MDN \u2013 blockquote<\/p>\n<h2>Tabulky<\/h2>\n<table>\n<thead>\n<tr>\n<th>Zam\u011bstnanec<\/th>\n<th>Plat<\/th>\n<th><\/th>\n<\/tr>\n<\/thead>\n<tbody>\n<tr>\n<th><a href=\"http:\/\/example.org\/\" target=\"_blank\" rel=\"noopener\">John Doe<\/a><\/th>\n<td>$1<\/td>\n<td>Proto\u017ee to je v\u0161e, co Steve Jobs pot\u0159eboval k platu.<\/td>\n<\/tr>\n<tr>\n<th><a href=\"http:\/\/example.org\/\" target=\"_blank\" rel=\"noopener\">Jane Doe<\/a><\/th>\n<td>$100K<\/td>\n<td>Za v\u0161echno blogov\u00e1n\u00ed, kter\u00e9 d\u011bl\u00e1.<\/td>\n<\/tr>\n<tr>\n<th><a href=\"http:\/\/example.org\/\" target=\"_blank\" rel=\"noopener\">Fred Bloggs<\/a><\/th>\n<td>$100M<\/td>\n<td>Obr\u00e1zky vyd\u00e1 za tis\u00edc slov, \u017ee? Tak\u017ee Jane x 1000.<\/td>\n<\/tr>\n<tr>\n<th><a href=\"http:\/\/example.org\/\" target=\"_blank\" rel=\"noopener\">Jane Bloggsov\u00e1<\/a><\/th>\n<td>$100B<\/td>\n<td>S takov\u00fdmi vlasy?! Dost \u0159e\u010d\u00ed\u2026<\/td>\n<\/tr>\n<\/tbody>\n<\/table>\n<h2>Seznamy definic<\/h2>\n<dl>\n<dt>N\u00e1zev seznamu definic<\/dt>\n<dd>Rozd\u011blen\u00ed defini\u010dn\u00edho seznamu.<\/dd>\n<dt>Spu\u0161t\u011bn\u00ed<\/dt>\n<dd>Za\u010d\u00ednaj\u00edc\u00ed spole\u010dnost nebo startup je spole\u010dnost nebo do\u010dasn\u00e1 organizace navr\u017een\u00e1 k hled\u00e1n\u00ed opakovateln\u00e9ho a \u0161k\u00e1lovateln\u00e9ho obchodn\u00edho modelu.<\/dd>\n<dt># pr\u00e1ce<\/dt>\n<dd>\u201eDo pr\u00e1ce\u201c, vytvo\u0159en\u00fd Robem Dyrdekem a jeho osobn\u00edm str\u00e1\u017ecem Christopherem \u201eBig Black\u201c Boykinsem, funguje jako sebemotiv\u00e1tor, kter\u00fd motivuje va\u0161e p\u0159\u00e1tele.<\/dd>\n<dt>Ud\u011blej to na\u017eivo<\/dt>\n<dd>Nech\u00e1m Billa O&#039;Reillyho <a title=\"Ud\u011bl\u00e1me to na\u017eivo\" href=\"https:\/\/www.youtube.com\/watch?v=O_HyZ5aW76c\" target=\"_blank\" rel=\"noopener\">vysv\u011btlit<\/a> toto.<\/dd>\n<\/dl>\n<h2>Neuspo\u0159\u00e1dan\u00e9 seznamy (vno\u0159en\u00e9)<\/h2>\n<ul>\n<li>Prvn\u00ed polo\u017eka seznamu\n<ul>\n<li>Prvn\u00ed polo\u017eka seznamu\n<ul>\n<li>Prvn\u00ed polo\u017eka seznamu<\/li>\n<li>Polo\u017eka seznamu dv\u011b<\/li>\n<li>Polo\u017eka seznamu t\u0159i<\/li>\n<li>\u010ctvrt\u00e1 polo\u017eka seznamu<\/li>\n<\/ul>\n<\/li>\n<li>Polo\u017eka seznamu dv\u011b<\/li>\n<li>Polo\u017eka seznamu t\u0159i<\/li>\n<li>\u010ctvrt\u00e1 polo\u017eka seznamu<\/li>\n<\/ul>\n<\/li>\n<li>Polo\u017eka seznamu dv\u011b<\/li>\n<li>Polo\u017eka seznamu t\u0159i<\/li>\n<li>\u010ctvrt\u00e1 polo\u017eka seznamu<\/li>\n<\/ul>\n<h2>Objednan\u00fd seznam (vno\u0159en\u00fd)<\/h2>\n<ol start=\"8\">\n<li>Polo\u017eka seznamu jedna \u2013 za\u010d\u00e1tek v 8\n<ol>\n<li>Prvn\u00ed polo\u017eka seznamu\n<ol reversed=\"reversed\">\n<li>Polo\u017eka seznamu jedna -obr\u00e1cen\u00fd atribut<\/li>\n<li>Polo\u017eka seznamu dv\u011b<\/li>\n<li>Polo\u017eka seznamu t\u0159i<\/li>\n<li>\u010ctvrt\u00e1 polo\u017eka seznamu<\/li>\n<\/ol>\n<\/li>\n<li>Polo\u017eka seznamu dv\u011b<\/li>\n<li>Polo\u017eka seznamu t\u0159i<\/li>\n<li>\u010ctvrt\u00e1 polo\u017eka seznamu<\/li>\n<\/ol>\n<\/li>\n<li>Polo\u017eka seznamu dv\u011b<\/li>\n<li>Polo\u017eka seznamu t\u0159i<\/li>\n<li>\u010ctvrt\u00e1 polo\u017eka seznamu<\/li>\n<\/ol>\n<h2>HTML tagy<\/h2>\n<p>Tyto podporovan\u00e9 zna\u010dky poch\u00e1zej\u00ed z k\u00f3du WordPress.com <a title=\"K\u00f3d\" href=\"https:\/\/en.support.wordpress.com\/code\/\" target=\"_blank\" rel=\"noopener\">FAQ<\/a>.<\/p>\n<p><strong>Adresn\u00ed \u0161t\u00edtek<\/strong><\/p>\n<address>1 Nekone\u010dn\u00e1 smy\u010dka<br \/>\nCupertino, CA 95014<br \/>\nSpojen\u00e9 st\u00e1ty<\/address>\n<p><strong>Anchor Tag (tak\u00e9 zn\u00e1m\u00fd jako odkaz)<\/strong><\/p>\n<p>Toto je p\u0159\u00edklad a <a title=\"Nadace WordPress\" href=\"https:\/\/wordpressfoundation.org\/\" target=\"_blank\" rel=\"noopener\">odkaz<\/a>.<\/p>\n<p><strong>Zkratka Tag<\/strong><\/p>\n<p>Zkratka <abbr title=\"V\u00e1\u017en\u011b\">srsly<\/abbr> znamen\u00e1 \u201ev\u00e1\u017en\u011b\u201c.<\/p>\n<p><strong>Zna\u010dka akronymu (<em>zastaral\u00e9 v HTML5<\/em>)<\/strong><\/p>\n<p>Zkratka <acronym title=\"Pro v\u00edt\u011bzstv\u00ed\">ftw<\/acronym> znamen\u00e1 \u201epro v\u00edt\u011bzstv\u00ed\u201c.<\/p>\n<p><strong>Big Tag<\/strong> (<em>zastaral\u00e9 v HTML5<\/em>)<\/p>\n<p>Tyto testy jsou a <big>velk\u00fd<\/big> dohoda, ale tato zna\u010dka ji\u017e nen\u00ed v HTML5 podporov\u00e1na.<\/p>\n<p><strong>Citovat zna\u010dku<\/strong><\/p>\n<p>&quot;K\u00f3d je poezie.&quot; \u2014<cite>Automatick\u00e9<\/cite><\/p>\n<p><strong>K\u00f3dov\u00e1 zna\u010dka<\/strong><\/p>\n<p>Tato zna\u010dka stylizuje bloky k\u00f3du.<br \/>\n<code>.post-title {<br \/>\nokraj: 0 0 5px;<br \/>\nv\u00e1ha p\u00edsma: tu\u010dn\u00e9;<br \/>\nvelikost p\u00edsma: 38px;<br \/>\nv\u00fd\u0161ka \u0159\u00e1dku: 1,2;<br \/>\na tady je \u0159\u00e1dek n\u011bjak\u00e9ho opravdu, opravdu, opravdu, opravdu dlouh\u00e9ho textu, jen abychom vid\u011bli, jak se s n\u00edm zach\u00e1z\u00ed, a abychom zjistili, jak p\u0159et\u00e9k\u00e1;<br \/>\n}<\/code><br \/>\nPozd\u011bji se v t\u011bchto testech nau\u010d\u00edte, \u017ee zalamov\u00e1n\u00ed slov: zlomov\u00e9 slovo; bude va\u0161\u00edm nejlep\u0161\u00edm p\u0159\u00edtelem.<\/p>\n<p><strong>Smazat zna\u010dku<\/strong><\/p>\n<p>Tato zna\u010dka v\u00e1m to umo\u017en\u00ed <del>p\u0159e\u0161krtnout text<\/del>, ale tato zna\u010dka je <em>doporu\u010deno<\/em> podporov\u00e1no v HTML5 (pou\u017eijte <code><s><\/code> nam\u00edsto).<\/p>\n<p><strong>Zd\u016fraznit zna\u010dku<\/strong><\/p>\n<p>Zna\u010dka zd\u016fraznit by m\u011bla <em>kurz\u00edvou<\/em> <i>text<\/i>.<\/p>\n<p><strong>Zna\u010dka horizont\u00e1ln\u00edho pravidla<\/strong><\/p>\n<hr \/>\n<p>Tato v\u011bta n\u00e1sleduje za a <code>&lt;hr \/&gt;<\/code> \u0161t\u00edtek.<\/p>\n<p><strong>Vlo\u017eit zna\u010dku<\/strong><\/p>\n<p>Tato zna\u010dka by m\u011bla ozna\u010dovat <ins cite=\"inserted it\">vlo\u017eena<\/ins> text.<\/p>\n<p><strong>Tag kl\u00e1vesnice<\/strong><\/p>\n<p>Tato sotva zn\u00e1m\u00e1 zna\u010dka emuluje <kbd>text kl\u00e1vesnice<\/kbd>, kter\u00fd je obvykle stylizovan\u00fd jako <code><code><\/code> \u0161t\u00edtek.<\/p>\n<p><strong>P\u0159edform\u00e1tovan\u00e1 zna\u010dka<\/strong><\/p>\n<p>Tato zna\u010dka slou\u017e\u00ed k zachov\u00e1n\u00ed mezer p\u0159i psan\u00ed, nap\u0159\u00edklad v poezii nebo um\u011bn\u00ed ASCII.<\/p>\n<h2>Cesta nebyla p\u0159ijata<\/h2>\n<pre><cite>\r\nRobert Frost<\/cite>\r\n\r\n\r\n  Dv\u011b cesty se rozch\u00e1zely ve \u017elut\u00e9m lese, A promi\u0148, \u017ee jsem nemohl cestovat ob\u011bma (_\/) A b\u00fdt jedn\u00edm cestovatelem, dlouho jsem st\u00e1l (=&#039;.&#039;=) A d\u00edval jsem se dol\u016f z jedn\u00e9 tak daleko, jak jsem mohl (&quot;)_(&quot;) Tam, kde se to oh\u00fdbalo v podrostu; Pak vzal ten druh\u00fd, stejn\u011b spravedliv\u00fd, A m\u00e1 snad ten lep\u0161\u00ed n\u00e1rok, |_\/| Proto\u017ee byl travnat\u00fd a cht\u011bl se nosit; \/ @ @ I kdy\u017e co se t\u00fd\u010de toho m\u00edjen\u00ed tam ( &gt; \u00ba &lt; ) Nosil jsem je opravdu asi stejn\u011b, `&gt;&gt;x&lt;&lt;\u00b4 \/ O A oba toho r\u00e1na stejn\u011b le\u017eeli V listech \u017e\u00e1dn\u00fd krok ne\u0161l\u00e1pl do \u010dern\u00e9ho. Oh, prvn\u00ed jsem si nechal na dal\u0161\u00ed den! P\u0159esto, kdy\u017e jsem v\u011bd\u011bl, jak cesta vede d\u00e1l, pochyboval jsem, jestli se m\u00e1m n\u011bkdy vr\u00e1tit. Budu to vypr\u00e1v\u011bt s povzdechem N\u011bkde v\u011bky a v\u011bky odtud: Dv\u011b cesty se rozch\u00e1zely v lese a j\u00e1 \u2013 vzal jsem tu m\u00e9n\u011b ujetou, A to ud\u011blalo ten rozd\u00edl. a tady je \u0159\u00e1dek n\u011bjak\u00e9ho opravdu, opravdu, opravdu, opravdu dlouh\u00e9ho textu, jen abychom vid\u011bli, jak se s n\u00edm zach\u00e1z\u00ed a abychom zjistili, jak p\u0159et\u00e9k\u00e1;<\/pre>\n<p><strong>Citace Tag<\/strong> pro kr\u00e1tk\u00e9, vlo\u017een\u00e9 uvozovky<\/p>\n<p><q>V\u00fdvoj\u00e1\u0159i, v\u00fdvoj\u00e1\u0159i, v\u00fdvoj\u00e1\u0159i\u2026<\/q> \u2013 Steve Ballmer<\/p>\n<p><strong>Strike Tag<\/strong> (<em>zastaral\u00e9 v HTML5<\/em>) a <strong>S Tag<\/strong><\/p>\n<p>Tato zna\u010dka ukazuje <span style=\"text-decoration: line-through;\">p\u0159e\u0161krtnut\u00ed<\/span> <s>text<\/s>.<\/p>\n<p><strong>Mal\u00fd \u0161t\u00edtek<\/strong><\/p>\n<p>Tato zna\u010dka ukazuje <small>men\u0161\u00ed<small> text.<\/small><\/small><\/p>\n<p><strong>Siln\u00e1 zna\u010dka<\/strong><\/p>\n<p>Tato zna\u010dka ukazuje <strong>tu\u010dn\u00e9 p\u00edsmo.<\/strong><\/p>\n<p><strong>Zna\u010dka doln\u00edho indexu<\/strong><\/p>\n<p>Pokra\u010dujeme ve v\u011bdeck\u00e9m stylu s H<sub>2<\/sub>O, co\u017e by m\u011blo stla\u010dit \u201e2\u201c dol\u016f.<\/p>\n<p><strong>Zna\u010dka horn\u00edho indexu<\/strong><\/p>\n<p>St\u00e1le z\u016fst\u00e1v\u00e1me u v\u011bdy a Alberta Einsteina E = MC<sup>2<\/sup>, kter\u00fd by m\u011bl zvednout 2 nahoru.<\/p>\n<p><strong>Dalekopisov\u00e1 zna\u010dka <\/strong>(<em>zastaral\u00e9 v HTML5<\/em>)<\/p>\n<p>Tento z\u0159\u00eddka pou\u017e\u00edvan\u00fd tag emuluje <tt>d\u00e1lnopisn\u00fd text<\/tt>, kter\u00fd je obvykle stylizovan\u00fd jako <code><code><\/code> \u0161t\u00edtek.<\/p>\n<p><strong>Podtr\u017een\u00ed zna\u010dky<\/strong> <em>zastaral\u00fd v HTML 4, znovu zaveden v HTML5 s jinou s\u00e9mantikou<\/em><\/p>\n<p>Tato zna\u010dka ukazuje <u>podtr\u017een\u00fd text<\/u>.<\/p>\n<p><strong>Variabiln\u00ed tag<\/strong><\/p>\n<p>To v\u00e1m umo\u017en\u00ed ozna\u010dit <var>prom\u011bnn\u00e9<\/var>.<\/p>\n<h2>Obr\u00e1zek Alightment<\/h2>\n<h4>Obr\u00e1zek zarovn\u00e1n\u00ed na st\u0159ed<\/h4>\n<p>Lorem ipsum dolor sit amet, consectetur adipiscing elit. Donec posuere augue quam. Proin ligula ligula, rutrum ut consectetur id, tincidunt sit amet ipsum.<\/p>\n<p><img fetchpriority=\"high\" decoding=\"async\" class=\"aligncenter size-large wp-image-39\" src=\"https:\/\/themes.getmotopress.com\/ciestra\/wp-content\/uploads\/sites\/21\/2018\/08\/triple_room_01-1024x728.jpg\" alt=\"\" width=\"746\" height=\"530\" srcset=\"https:\/\/rethymno.villas\/wp-content\/uploads\/triple_room_01-1024x728.jpg 1024w, https:\/\/rethymno.villas\/wp-content\/uploads\/triple_room_01-300x213.jpg 300w, https:\/\/rethymno.villas\/wp-content\/uploads\/triple_room_01-768x546.jpg 768w, https:\/\/rethymno.villas\/wp-content\/uploads\/triple_room_01-1536x1092.jpg 1536w, https:\/\/rethymno.villas\/wp-content\/uploads\/triple_room_01-891x633.jpg 891w, https:\/\/rethymno.villas\/wp-content\/uploads\/triple_room_01-235x167.jpg 235w, https:\/\/rethymno.villas\/wp-content\/uploads\/triple_room_01.jpg 1600w\" sizes=\"(max-width: 746px) 100vw, 746px\" \/>V sed porta lectus, auctor bibendum est. Mauris tempor fermentum nisl vel imperdiet. Donec consequat sapien ac nisl pellentesque, eget condimentum felis rhoncus.<\/p>\n<h4>Obr\u00e1zek zarovn\u00e1n\u00ed vlevo<\/h4>\n<p><img decoding=\"async\" class=\"alignleft wp-image-25 size-medium\" src=\"https:\/\/themes.getmotopress.com\/ciestra\/wp-content\/uploads\/sites\/21\/2018\/08\/03_conference_rom-300x233.jpg\" alt=\"\" width=\"300\" height=\"233\" \/>Lorem ipsum dolor sit amet, consectetur adipiscing elit. Donec posuere augue quam. Proin ligula ligula, rutrum ut consectetur id, tincidunt sit amet ipsum. Proin magna dolor, fringilla non malesuada vitae, suscipit at est. Pellentesque ex orci, fringilla in viverra eu, interdum at eros. Vivamus at scelerisque est.<\/p>\n<p>Quisque in justo ultrices, efficitur lorem quis, pharetra mauris. Vestibulum ante ipsum primis in faucibus orci luctus et ultrices posuere cubilia. Nunc ultricies nisl sollicitudin, maximus lacus bibendum, pharetra eros. V sed nibh arcu. Mauris in orci a neque posuere fermentum. Aliquam eu accumsan nulla. Phasellus tincidunt tristique arcu sed tempus. Praesent id lorem nec turpis porttitor semper. Quisque nec ligula erat. Pellentesque eu gravida lacus.<\/p>\n<p>Aliquam eu accumsan nulla. Phasellus tincidunt tristique arcu sed tempus. Praesent id Quisque interdum luctus est, ut consequat felis. Sed sagittis ipsum scelerisque, dictum nibh id, posuere augue. Integer facilisis aliquet elit, egestas quam cursus quis. V mattis volutpat arcu. Vestibulum blandit purus sed nisi elementum.<\/p>\n<h4>Obr\u00e1zek zarovn\u00e1n\u00ed vpravo<\/h4>\n<p><img decoding=\"async\" class=\"alignright wp-image-23 size-medium\" src=\"https:\/\/themes.getmotopress.com\/ciestra\/wp-content\/uploads\/sites\/21\/2018\/08\/04_home_theather-300x233.jpg\" alt=\"\" width=\"300\" height=\"233\" \/>Lorem ipsum dolor sit amet, consectetur adipiscing elit. Donec posuere augue quam. Proin ligula ligula, rutrum ut consectetur id, tincidunt sit amet ipsum. Proin magna dolor, fringilla non malesuada vitae, suscipit at est. Pellentesque ex orci, fringilla in viverra eu, interdum at eros. Vivamus at scelerisque est.<\/p>\n<p>Quisque in justo ultrices, efficitur lorem quis, pharetra mauris. Vestibulum ante ipsum primis in faucibus orci luctus et ultrices posuere cubilia. Nunc ultricies nisl sollicitudin, maximus lacus bibendum, pharetra eros. V sed nibh arcu. Mauris in orci a neque posuere fermentum. Aliquam eu accumsan nulla. Phasellus tincidunt tristique arcu sed tempus. Praesent id lorem nec turpis porttitor semper. Quisque nec ligula erat. Pellentesque eu gravida lacus.<\/p>\n<p>Aliquam eu accumsan nulla. Phasellus tincidunt tristique arcu sed tempus. Praesent id Quisque interdum luctus est, ut consequat felis. Sed sagittis ipsum scelerisque, dictum nibh id, posuere augue. Integer facilisis aliquet elit, egestas quam cursus quis. V mattis volutpat arcu. Vestibulum blandit purus sed nisi elementum.<\/p>\n<h4>Obr\u00e1zek 150 \u00d7 150, kter\u00fd je zarovn\u00e1n doleva<\/h4>\n<p><img loading=\"lazy\" decoding=\"async\" class=\"size-thumbnail wp-image-29 alignleft\" src=\"https:\/\/themes.getmotopress.com\/ciestra\/wp-content\/uploads\/sites\/21\/2018\/08\/01_restaurant-150x150.jpg\" alt=\"\" width=\"150\" height=\"150\" \/>Lorem ipsum dolor sit amet, consectetur adipiscing elit. Donec posuere augue quam. Proin ligula ligula, rutrum ut consectetur id, tincidunt sit amet ipsum. Proin magna dolor, fringilla non malesuada vitae, suscipit at est. Pellentesque ex orci, fringilla in viverra eu, interdum at eros. Vivamus at scelerisque est.<\/p>\n<p>Quisque in justo ultrices, efficitur lorem quis, pharetra mauris. Vestibulum ante ipsum primis in faucibus orci luctus et ultrices posuere cubilia. Nunc ultricies nisl sollicitudin, maximus lacus bibendum, pharetra eros. V sed nibh arcu. Mauris in orci a neque posuere fermentum. Aliquam eu accumsan nulla. Phasellus tincidunt tristique arcu sed tempus. Praesent id lorem nec turpis porttitor semper. Quisque nec ligula erat. Pellentesque eu gravida lacus.<\/p>\n<p>Aliquam eu accumsan nulla. Phasellus tincidunt tristique arcu sed tempus. Praesent id Quisque interdum luctus est, ut consequat felis. Sed sagittis ipsum scelerisque, dictum nibh id, posuere augue. Integer facilisis aliquet elit, egestas quam cursus quis. V mattis volutpat arcu. Vestibulum blandit purus sed nisi elementum.<\/p>\n<h4>Velk\u00fd obr\u00e1zek<\/h4>\n<p>Lorem ipsum dolor sit amet, consectetur adipiscing elit. Donec posuere augue quam. Proin ligula ligula, rutrum ut consectetur id, tincidunt sit amet ipsum.<\/p>\n<figure id=\"attachment_36\" aria-describedby=\"caption-attachment-36\" style=\"width: 1600px\" class=\"wp-caption aligncenter\"><img loading=\"lazy\" decoding=\"async\" class=\"wp-image-36 size-full\" src=\"https:\/\/rethymno.villas\/wp-content\/uploads\/surf_lesson.jpg\" alt=\"\" width=\"1600\" height=\"1067\" srcset=\"https:\/\/rethymno.villas\/wp-content\/uploads\/surf_lesson.jpg 1600w, https:\/\/rethymno.villas\/wp-content\/uploads\/surf_lesson-300x200.jpg 300w, https:\/\/rethymno.villas\/wp-content\/uploads\/surf_lesson-1024x683.jpg 1024w, https:\/\/rethymno.villas\/wp-content\/uploads\/surf_lesson-768x512.jpg 768w, https:\/\/rethymno.villas\/wp-content\/uploads\/surf_lesson-1536x1024.jpg 1536w, https:\/\/rethymno.villas\/wp-content\/uploads\/surf_lesson-891x594.jpg 891w\" sizes=\"(max-width: 1600px) 100vw, 1600px\" \/><figcaption id=\"caption-attachment-36\" class=\"wp-caption-text\">lekce surfov\u00e1n\u00ed<\/figcaption><\/figure>\n<p>V sed porta lectus, auctor bibendum est. Mauris tempor fermentum nisl vel imperdiet. Donec consequat sapien ac nisl pellentesque, eget condimentum felis rhoncus.<\/p>","protected":false},"excerpt":{"rendered":"<p>Ta posledn\u00ed nen\u00ed v\u00edc ne\u017e stopa vysok\u00e1 a asi sedm krok\u016f v pr\u016fm\u011bru, pouh\u00fd ploch\u00fd vrchol \u0161ed\u00e9 sk\u00e1ly, ze kter\u00e9 se po spr\u0161e kou\u0159\u00ed jako rozp\u00e1len\u00e1 \u0161kv\u00e1ra, a kde by se \u017e\u00e1dn\u00fd mu\u017e necht\u011bl odv\u00e1\u017eit p\u0159ed z\u00e1padem slunce nahou podr\u00e1\u017eku. Na Mal\u00e9 Isabele star\u00e1 otrhan\u00e1 dla\u0148 s tlustou [\u2026]<\/p>","protected":false},"author":1,"featured_media":0,"parent":0,"menu_order":0,"comment_status":"closed","ping_status":"closed","template":"","meta":{"inline_featured_image":false,"footnotes":""},"class_list":["post-80","page","type-page","status-publish","hentry"],"_links":{"self":[{"href":"https:\/\/rethymno.villas\/cs\/wp-json\/wp\/v2\/pages\/80","targetHints":{"allow":["GET"]}}],"collection":[{"href":"https:\/\/rethymno.villas\/cs\/wp-json\/wp\/v2\/pages"}],"about":[{"href":"https:\/\/rethymno.villas\/cs\/wp-json\/wp\/v2\/types\/page"}],"author":[{"embeddable":true,"href":"https:\/\/rethymno.villas\/cs\/wp-json\/wp\/v2\/users\/1"}],"replies":[{"embeddable":true,"href":"https:\/\/rethymno.villas\/cs\/wp-json\/wp\/v2\/comments?post=80"}],"version-history":[{"count":0,"href":"https:\/\/rethymno.villas\/cs\/wp-json\/wp\/v2\/pages\/80\/revisions"}],"wp:attachment":[{"href":"https:\/\/rethymno.villas\/cs\/wp-json\/wp\/v2\/media?parent=80"}],"curies":[{"name":"wp","href":"https:\/\/api.w.org\/{rel}","templated":true}]}}