{"id":2,"date":"2023-09-25T19:53:56","date_gmt":"2023-09-25T19:53:56","guid":{"rendered":"https:\/\/rethymno.villas\/?page_id=2"},"modified":"2023-09-25T19:53:56","modified_gmt":"2023-09-25T19:53:56","slug":"eksempel-side","status":"publish","type":"page","link":"https:\/\/rethymno.villas\/da\/eksempel-side\/","title":{"rendered":"Eksempelside"},"content":{"rendered":"<p>Dette er en eksempelside. Det adskiller sig fra et blogindl\u00e6g, fordi det forbliver \u00e9t sted og vises i din webstedsnavigation (i de fleste temaer). De fleste mennesker starter med en Om-side, der introducerer dem til potentielle bes\u00f8gende p\u00e5 webstedet. Det kan sige noget som dette:<\/p>\n\n\n\n<blockquote class=\"wp-block-quote is-layout-flow wp-block-quote-is-layout-flow\"><p>Hej! Jeg er cykelbud om dagen, aspirerende skuespiller om natten, og dette er min hjemmeside. Jeg bor i Los Angeles, har en fantastisk hund ved navn Jack, og jeg kan godt lide pi\u00f1a coladas. (Og bliver fanget i regnen.)<\/p><\/blockquote>\n\n\n\n<p>\u2026eller s\u00e5dan noget:<\/p>\n\n\n\n<blockquote class=\"wp-block-quote is-layout-flow wp-block-quote-is-layout-flow\"><p>XYZ Doohickey Company blev grundlagt i 1971 og har leveret kvalitets doohickeys til offentligheden lige siden. Beliggende i Gotham City, besk\u00e6ftiger XYZ over 2.000 mennesker og g\u00f8r alle mulige fantastiske ting for Gotham-samfundet.<\/p><\/blockquote>\n\n\n\n<p>Som ny WordPress-bruger b\u00f8r du g\u00e5 til <a href=\"https:\/\/rethymno.villas\/wp-admin\/\">dit dashboard<\/a> for at slette denne side og oprette nye sider til dit indhold. Hav det sjovt!<\/p>","protected":false},"excerpt":{"rendered":"<p>Dette er en eksempelside. Det adskiller sig fra et blogindl\u00e6g, fordi det forbliver \u00e9t sted og vises i din webstedsnavigation (i de fleste temaer). De fleste mennesker starter med en Om-side, der introducerer dem til potentielle bes\u00f8gende p\u00e5 webstedet. Den siger m\u00e5ske noget som dette: Hej! Jeg er en cykelbudbringer [\u2026]<\/p>","protected":false},"author":1,"featured_media":0,"parent":0,"menu_order":0,"comment_status":"closed","ping_status":"open","template":"","meta":{"inline_featured_image":false,"footnotes":""},"class_list":["post-2","page","type-page","status-publish","hentry"],"_links":{"self":[{"href":"https:\/\/rethymno.villas\/da\/wp-json\/wp\/v2\/pages\/2","targetHints":{"allow":["GET"]}}],"collection":[{"href":"https:\/\/rethymno.villas\/da\/wp-json\/wp\/v2\/pages"}],"about":[{"href":"https:\/\/rethymno.villas\/da\/wp-json\/wp\/v2\/types\/page"}],"author":[{"embeddable":true,"href":"https:\/\/rethymno.villas\/da\/wp-json\/wp\/v2\/users\/1"}],"replies":[{"embeddable":true,"href":"https:\/\/rethymno.villas\/da\/wp-json\/wp\/v2\/comments?post=2"}],"version-history":[{"count":0,"href":"https:\/\/rethymno.villas\/da\/wp-json\/wp\/v2\/pages\/2\/revisions"}],"wp:attachment":[{"href":"https:\/\/rethymno.villas\/da\/wp-json\/wp\/v2\/media?parent=2"}],"curies":[{"name":"wp","href":"https:\/\/api.w.org\/{rel}","templated":true}]}}