{"id":77,"date":"2018-08-13T09:59:23","date_gmt":"2018-08-13T06:59:23","guid":{"rendered":"https:\/\/themes.getmotopress.com\/ciestra\/?page_id=77"},"modified":"2025-04-15T21:20:03","modified_gmt":"2025-04-15T18:20:03","slug":"sun-angelo-villas-high-quality-amenities","status":"publish","type":"page","link":"https:\/\/rethymno.villas\/de\/sun-angelo-villas-high-quality-amenities\/","title":{"rendered":"Ausstattung der Villen"},"content":{"rendered":"<div data-elementor-type=\"wp-page\" data-elementor-id=\"77\" class=\"elementor elementor-77\" data-elementor-post-type=\"page\">\n\t\t\t\t\t\t<section class=\"elementor-section elementor-top-section elementor-element elementor-element-c9d22d0 elementor-section-boxed elementor-section-height-default elementor-section-height-default\" data-id=\"c9d22d0\" data-element_type=\"section\">\n\t\t\t\t\t\t<div class=\"elementor-container elementor-column-gap-default\">\n\t\t\t\t\t<div class=\"elementor-column elementor-col-100 elementor-top-column elementor-element elementor-element-4461b21\" data-id=\"4461b21\" data-element_type=\"column\">\n\t\t\t<div class=\"elementor-widget-wrap elementor-element-populated\">\n\t\t\t\t\t\t<div class=\"elementor-element elementor-element-ecdb4a5 elementor-widget elementor-widget-heading\" data-id=\"ecdb4a5\" data-element_type=\"widget\" data-widget_type=\"heading.default\">\n\t\t\t\t<div class=\"elementor-widget-container\">\n\t\t\t\t\t<h2 class=\"elementor-heading-title elementor-size-default\">Sun Angelo villas high quality amenities<span style=\"font-size: 1.9375rem\"><\/span><\/h2>\t\t\t\t<\/div>\n\t\t\t\t<\/div>\n\t\t\t\t<div class=\"elementor-element elementor-element-4543ea4 elementor-widget elementor-widget-image\" data-id=\"4543ea4\" data-element_type=\"widget\" data-widget_type=\"image.default\">\n\t\t\t\t<div class=\"elementor-widget-container\">\n\t\t\t\t\t\t\t\t\t\t\t\t\t\t\t<img fetchpriority=\"high\" decoding=\"async\" width=\"790\" height=\"134\" src=\"https:\/\/rethymno.villas\/wp-content\/uploads\/Sun-Angelo-luxury-villas-in-Paradisos-Rethymno-facilities.jpg\" class=\"attachment-large size-large wp-image-327\" alt=\"Sun Angelo Luxusvillen im Paradisos Rethymno \u2013 Ausstattung\" srcset=\"https:\/\/rethymno.villas\/wp-content\/uploads\/Sun-Angelo-luxury-villas-in-Paradisos-Rethymno-facilities.jpg 790w, https:\/\/rethymno.villas\/wp-content\/uploads\/Sun-Angelo-luxury-villas-in-Paradisos-Rethymno-facilities-300x51.jpg 300w, https:\/\/rethymno.villas\/wp-content\/uploads\/Sun-Angelo-luxury-villas-in-Paradisos-Rethymno-facilities-768x130.jpg 768w\" sizes=\"(max-width: 790px) 100vw, 790px\" \/>\t\t\t\t\t\t\t\t\t\t\t\t\t\t\t<\/div>\n\t\t\t\t<\/div>\n\t\t\t\t\t<\/div>\n\t\t<\/div>\n\t\t\t\t\t<\/div>\n\t\t<\/section>\n\t\t<div class=\"elementor-element elementor-element-1be8de18 e-flex e-con-boxed e-con e-parent\" data-id=\"1be8de18\" data-element_type=\"container\">\n\t\t\t\t\t<div class=\"e-con-inner\">\n\t\t\t\t<div class=\"elementor-element elementor-element-6dde4d6 elementor-widget elementor-widget-button\" data-id=\"6dde4d6\" data-element_type=\"widget\" data-widget_type=\"button.default\">\n\t\t\t\t<div class=\"elementor-widget-container\">\n\t\t\t\t\t\t\t\t\t<div class=\"elementor-button-wrapper\">\n\t\t\t\t\t<a class=\"elementor-button elementor-button-link elementor-size-md\" href=\"\/beaches-on-crete\/\">\n\t\t\t\t\t\t<span class=\"elementor-button-content-wrapper\">\n\t\t\t\t\t\t\t\t\t<span class=\"elementor-button-text\">Str\u00e4nde in der N\u00e4he - Str\u00e4nde in Rethymno Kreta<\/span>\n\t\t\t\t\t<\/span>\n\t\t\t\t\t<\/a>\n\t\t\t\t<\/div>\n\t\t\t\t\t\t\t\t<\/div>\n\t\t\t\t<\/div>\n\t\t\t\t<div class=\"elementor-element elementor-element-7afca64e elementor-widget elementor-widget-text-editor\" data-id=\"7afca64e\" data-element_type=\"widget\" data-widget_type=\"text-editor.default\">\n\t\t\t\t<div class=\"elementor-widget-container\">\n\t\t\t\t\t\t\t\t\t<p class=\"\" style=\"text-align: center;\" data-start=\"75\" data-end=\"606\"><strong data-start=\"75\" data-end=\"100\">Sun Angelo Eco Villas<\/strong>, located in the peaceful village of Armenoi near Rethymno, Crete, offer a luxurious and eco-friendly escape surrounded by stunning natural beauty. Each of the two villas can accommodate up to four guests and includes two bedrooms, a spacious living area, <strong>a fully equipped kitchen<\/strong>, <a href=\"https:\/\/rethymno.villas\/img_5657\/\" rel=\"attachment wp-att-3111\"><img decoding=\"async\" class=\"aligncenter wp-image-3111 size-medium\" src=\"http:\/\/rethymno.villas\/wp-content\/uploads\/IMG_5657-200x300.jpeg\" alt=\"Sun Angelo villas high quality amenities\" width=\"200\" height=\"300\" srcset=\"https:\/\/rethymno.villas\/wp-content\/uploads\/IMG_5657-200x300.jpeg 200w, https:\/\/rethymno.villas\/wp-content\/uploads\/IMG_5657-683x1024.jpeg 683w, https:\/\/rethymno.villas\/wp-content\/uploads\/IMG_5657-768x1152.jpeg 768w, https:\/\/rethymno.villas\/wp-content\/uploads\/IMG_5657-1024x1536.jpeg 1024w, https:\/\/rethymno.villas\/wp-content\/uploads\/IMG_5657-8x12.jpeg 8w, https:\/\/rethymno.villas\/wp-content\/uploads\/IMG_5657-891x1337.jpeg 891w, https:\/\/rethymno.villas\/wp-content\/uploads\/IMG_5657.jpeg 1290w\" sizes=\"(max-width: 200px) 100vw, 200px\" \/><\/a><\/p><p class=\"\" data-start=\"75\" data-end=\"606\">\u00a0and a modern bathroom. The interiors are designed with comfort in mind, featuring air conditioning, flat-screen TVs, and free Wi-Fi throughout. Guests can also enjoy <strong>private terraces<\/strong> with breathtaking sea and mountain views.<\/p><p data-start=\"75\" data-end=\"606\"><a href=\"https:\/\/rethymno.villas\/img_5655\/\" rel=\"attachment wp-att-3112\"><img decoding=\"async\" class=\"alignnone wp-image-3112 size-large\" src=\"http:\/\/rethymno.villas\/wp-content\/uploads\/IMG_5655-1024x683.jpeg\" alt=\"Sun Angelo villas high quality amenities\" width=\"1024\" height=\"683\" srcset=\"https:\/\/rethymno.villas\/wp-content\/uploads\/IMG_5655-1024x683.jpeg 1024w, https:\/\/rethymno.villas\/wp-content\/uploads\/IMG_5655-300x200.jpeg 300w, https:\/\/rethymno.villas\/wp-content\/uploads\/IMG_5655-768x512.jpeg 768w, https:\/\/rethymno.villas\/wp-content\/uploads\/IMG_5655-18x12.jpeg 18w, https:\/\/rethymno.villas\/wp-content\/uploads\/IMG_5655-891x594.jpeg 891w, https:\/\/rethymno.villas\/wp-content\/uploads\/IMG_5655.jpeg 1290w\" sizes=\"(max-width: 1024px) 100vw, 1024px\" \/><\/a><\/p><p data-start=\"75\" data-end=\"606\"><a href=\"https:\/\/rethymno.villas\/img_2934\/\" rel=\"attachment wp-att-3113\"><img loading=\"lazy\" decoding=\"async\" class=\"alignnone wp-image-3113 size-large\" src=\"http:\/\/rethymno.villas\/wp-content\/uploads\/IMG_2934-1024x768.jpeg\" alt=\"Sun Angelo villas high quality amenities\" width=\"1024\" height=\"768\" srcset=\"https:\/\/rethymno.villas\/wp-content\/uploads\/IMG_2934-1024x768.jpeg 1024w, https:\/\/rethymno.villas\/wp-content\/uploads\/IMG_2934-300x225.jpeg 300w, https:\/\/rethymno.villas\/wp-content\/uploads\/IMG_2934-768x576.jpeg 768w, https:\/\/rethymno.villas\/wp-content\/uploads\/IMG_2934-1536x1152.jpeg 1536w, https:\/\/rethymno.villas\/wp-content\/uploads\/IMG_2934-2048x1536.jpeg 2048w, https:\/\/rethymno.villas\/wp-content\/uploads\/IMG_2934-16x12.jpeg 16w, https:\/\/rethymno.villas\/wp-content\/uploads\/IMG_2934-891x668.jpeg 891w\" sizes=\"(max-width: 1024px) 100vw, 1024px\" \/><\/a><\/p><p class=\"\" data-start=\"608\" data-end=\"983\">The villas are equipped with a variety of high-quality amenities to enhance your stay. These include a 6-meter outdoor swimming pool overlooking the ocean, barbecue facilities for outdoor meals, and <strong>free parking<\/strong>. An optional airport shuttle service is available for added convenience, and concierge services are provided to help plan local activities and excursions.<\/p><p class=\"\" data-start=\"985\" data-end=\"1332\">Situated just 9.6 kilometers from Rethymno\u2019s charming old town (<a title=\"view location\" href=\"https:\/\/www.google.com\/maps\/dir\/Sun+Angelo+luxury+apartments+in+Paradise,+%CE%9F%CE%B9%CE%BA%CE%B9%CF%83%CE%BC%CF%8C%CF%82+%CE%94%CE%B1%CF%83%CE%BA%CE%AC%CE%BB%CF%89%CE%BD+%CE%A0%CE%B1%CF%81%CE%AC%CE%B4%CE%B5%CE%B9%CF%83%CE%BF%CF%82,+%CE%91%CF%81%CE%BC%CE%AD%CE%BD%CE%BF%CE%B9+741+00,+%CE%95%CE%BB%CE%BB%CE%AC%CE%B4%CE%B1\/Old+Town,+Rethymno\/@35.3432695,24.4400186,14z\/data=!3m1!4b1!4m13!4m12!1m5!1m1!1s0x149b75cf2b918891:0xdbd1cdff2e74a56c!2m2!1d24.4758675!2d35.3199869!1m5!1m1!1s0x149b75a0da01874d:0xde1653eab4b9f35b!2m2!1d24.472755!2d35.3695613?entry=ttu&amp;g_ep=EgoyMDI1MDQwOS4wIKXMDSoASAFQAw%3D%3D\" target=\"_blank\" rel=\"noopener\">view location<\/a>), Sun Angelo Eco Villas are perfectly placed for guests who want to experience both relaxation and adventure. The location offers easy access to beautiful beaches, traditional villages, and scenic hiking trails, making it an ideal base for exploring the culture and landscape of Crete.<\/p>\t\t\t\t\t\t\t\t<\/div>\n\t\t\t\t<\/div>\n\t\t\t\t\t<\/div>\n\t\t\t\t<\/div>\n\t\t\t\t<\/div>","protected":false},"excerpt":{"rendered":"<p>Sun Angelo villas high quality amenities Nearby beaches &#8211; Beaches in Rethymno Crete Sun Angelo Eco Villas, located in the peaceful village of Armenoi near Rethymno, Crete, offer a luxurious and eco-friendly escape surrounded by stunning natural beauty. Each of the two villas can accommodate up to four guests and includes two bedrooms, a spacious [&hellip;]<\/p>","protected":false},"author":1,"featured_media":0,"parent":0,"menu_order":0,"comment_status":"closed","ping_status":"closed","template":"template-page-wide.php","meta":{"inline_featured_image":false,"footnotes":""},"class_list":["post-77","page","type-page","status-publish","hentry"],"_links":{"self":[{"href":"https:\/\/rethymno.villas\/de\/wp-json\/wp\/v2\/pages\/77","targetHints":{"allow":["GET"]}}],"collection":[{"href":"https:\/\/rethymno.villas\/de\/wp-json\/wp\/v2\/pages"}],"about":[{"href":"https:\/\/rethymno.villas\/de\/wp-json\/wp\/v2\/types\/page"}],"author":[{"embeddable":true,"href":"https:\/\/rethymno.villas\/de\/wp-json\/wp\/v2\/users\/1"}],"replies":[{"embeddable":true,"href":"https:\/\/rethymno.villas\/de\/wp-json\/wp\/v2\/comments?post=77"}],"version-history":[{"count":7,"href":"https:\/\/rethymno.villas\/de\/wp-json\/wp\/v2\/pages\/77\/revisions"}],"predecessor-version":[{"id":3120,"href":"https:\/\/rethymno.villas\/de\/wp-json\/wp\/v2\/pages\/77\/revisions\/3120"}],"wp:attachment":[{"href":"https:\/\/rethymno.villas\/de\/wp-json\/wp\/v2\/media?parent=77"}],"curies":[{"name":"wp","href":"https:\/\/api.w.org\/{rel}","templated":true}]}}