{"id":80,"date":"2018-08-13T10:01:27","date_gmt":"2018-08-13T10:01:27","guid":{"rendered":"https:\/\/themes.getmotopress.com\/ciestra\/?page_id=80"},"modified":"2023-09-26T03:53:34","modified_gmt":"2023-09-26T00:53:34","slug":"typografie","status":"publish","type":"page","link":"https:\/\/rethymno.villas\/de\/typografie\/","title":{"rendered":"Typografie"},"content":{"rendered":"<p>Letzteres ist nicht mehr als einen Fu\u00df hoch und etwa sieben Schritte breit, eine blo\u00dfe flache Spitze eines grauen Felsens, der nach einem Regenschauer wie hei\u00dfe Asche raucht und an dem sich kein Mensch vor Sonnenuntergang wagen w\u00fcrde, eine nackte Sohle zu sehen. Auf der Little Isabel raschelt eine alte, zerlumpte Palme mit einem dicken, wulstigen Stamm voller Stacheln, eine wahre Hexe unter Palmen, mit einem d\u00fcsteren Haufen toter Bl\u00e4tter \u00fcber dem groben Sand.<\/p>\n<h1>\u00dcberschrift 1 (H1)<\/h1>\n<p>Letzteres ist nicht mehr als einen Fu\u00df hoch und etwa sieben Schritte breit, eine blo\u00dfe flache Spitze eines grauen Felsens, der nach einem Regenschauer wie hei\u00dfe Asche raucht und an dem sich kein Mensch vor Sonnenuntergang wagen w\u00fcrde, eine nackte Sohle zu sehen. Auf der Little Isabel raschelt eine alte, zerlumpte Palme mit einem dicken, wulstigen Stamm voller Stacheln, eine wahre Hexe unter Palmen, mit einem d\u00fcsteren Haufen toter Bl\u00e4tter \u00fcber dem groben Sand.<\/p>\n<h2>\u00dcberschrift 2 (H2)<\/h2>\n<p>Letzteres ist nicht mehr als einen Fu\u00df hoch und etwa sieben Schritte breit, eine blo\u00dfe flache Spitze eines grauen Felsens, der nach einem Regenschauer wie hei\u00dfe Asche raucht und an dem sich kein Mensch vor Sonnenuntergang wagen w\u00fcrde, eine nackte Sohle zu sehen. Auf der Little Isabel raschelt eine alte, zerlumpte Palme mit einem dicken, wulstigen Stamm voller Stacheln, eine wahre Hexe unter Palmen, mit einem d\u00fcsteren Haufen toter Bl\u00e4tter \u00fcber dem groben Sand.<\/p>\n<h3>\u00dcberschrift 3 (H3)<\/h3>\n<p>Letzteres ist nicht mehr als einen Fu\u00df hoch und etwa sieben Schritte breit, eine blo\u00dfe flache Spitze eines grauen Felsens, der nach einem Regenschauer wie hei\u00dfe Asche raucht und an dem sich kein Mensch vor Sonnenuntergang wagen w\u00fcrde, eine nackte Sohle zu sehen. Auf der Little Isabel raschelt eine alte, zerlumpte Palme mit einem dicken, wulstigen Stamm voller Stacheln, eine wahre Hexe unter Palmen, mit einem d\u00fcsteren Haufen toter Bl\u00e4tter \u00fcber dem groben Sand.<\/p>\n<h4>\u00dcberschrift 4 (H4)<\/h4>\n<p>Letzteres ist nicht mehr als einen Fu\u00df hoch und etwa sieben Schritte breit, eine blo\u00dfe flache Spitze eines grauen Felsens, der nach einem Regenschauer wie hei\u00dfe Asche raucht und an dem sich kein Mensch vor Sonnenuntergang wagen w\u00fcrde, eine nackte Sohle zu sehen. Auf der Little Isabel raschelt eine alte, zerlumpte Palme mit einem dicken, wulstigen Stamm voller Stacheln, eine wahre Hexe unter Palmen, mit einem d\u00fcsteren Haufen toter Bl\u00e4tter \u00fcber dem groben Sand.<\/p>\n<h5>\u00dcberschrift 5 (H5)<\/h5>\n<p>Letzteres ist nicht mehr als einen Fu\u00df hoch und etwa sieben Schritte breit, eine blo\u00dfe flache Spitze eines grauen Felsens, der nach einem Regenschauer wie hei\u00dfe Asche raucht und an dem sich kein Mensch vor Sonnenuntergang wagen w\u00fcrde, eine nackte Sohle zu sehen. Auf der Little Isabel raschelt eine alte, zerlumpte Palme mit einem dicken, wulstigen Stamm voller Stacheln, eine wahre Hexe unter Palmen, mit einem d\u00fcsteren Haufen toter Bl\u00e4tter \u00fcber dem groben Sand.<\/p>\n<h6>\u00dcberschrift 6 (H6)<\/h6>\n<p>Letzteres ist nicht mehr als einen Fu\u00df hoch und etwa sieben Schritte breit, eine blo\u00dfe flache Spitze eines grauen Felsens, der nach einem Regenschauer wie hei\u00dfe Asche raucht und an dem sich kein Mensch vor Sonnenuntergang wagen w\u00fcrde, eine nackte Sohle zu sehen. Auf der Little Isabel raschelt eine alte, zerlumpte Palme mit einem dicken, wulstigen Stamm voller Stacheln, eine wahre Hexe unter Palmen, mit einem d\u00fcsteren Haufen toter Bl\u00e4tter \u00fcber dem groben Sand.<\/p>\n<h2>Block Zitate<\/h2>\n<p>Einzeiliges Blockzitat:<\/p>\n<blockquote><p>Hungrig bleiben. Bleib dumm.<\/p><\/blockquote>\n<p>Mehrzeiliges Blockzitat mit Zitierreferenz:<\/p>\n<blockquote cite=\"https:\/\/developer.mozilla.org\/en-US\/docs\/Web\/HTML\/Element\/blockquote\"><p>Der <strong>HTML <code><blockquote><\/code> Element<\/strong> (oder <em>HTML-Block-Zitat-Element<\/em>) weist darauf hin, dass es sich bei dem beigef\u00fcgten Text um ein erweitertes Zitat handelt. Normalerweise wird dies visuell durch Einr\u00fcckung dargestellt (siehe <a href=\"https:\/\/developer.mozilla.org\/en-US\/docs\/HTML\/Element\/blockquote#Notes\" target=\"_blank\" rel=\"noopener\">Anmerkungen<\/a> wie man es \u00e4ndert). Eine URL f\u00fcr die Quelle des Zitats kann mit angegeben werden <strong>zitieren<\/strong> Attribut, w\u00e4hrend eine Textdarstellung der Quelle mit dem angegeben werden kann <a title=\"Das HTML Citation Element &lt;cite&gt;stellt einen Verweis auf ein kreatives Werk dar. Es muss den Titel eines Werks oder eine URL-Referenz enthalten, die gem\u00e4\u00df den Konventionen f\u00fcr das Hinzuf\u00fcgen von Zitiermetadaten in abgek\u00fcrzter Form vorliegen kann.&lt;\/cite&gt;\" href=\"https:\/\/developer.mozilla.org\/en-US\/docs\/Web\/HTML\/Element\/cite\" target=\"_blank\" rel=\"noopener\"><code><cite><\/code><\/a> Element.<\/p><\/blockquote>\n<p><cite>mehrere Mitwirkende<\/cite> \u2013 MDN-HTML-Elementreferenz \u2013 Blockquote<\/p>\n<h2>Tische<\/h2>\n<table>\n<thead>\n<tr>\n<th>Mitarbeiter<\/th>\n<th>Gehalt<\/th>\n<th><\/th>\n<\/tr>\n<\/thead>\n<tbody>\n<tr>\n<th><a href=\"http:\/\/example.org\/\" target=\"_blank\" rel=\"noopener\">John Doe<\/a><\/th>\n<td>$1<\/td>\n<td>Denn das ist alles, was Steve Jobs als Gehalt brauchte.<\/td>\n<\/tr>\n<tr>\n<th><a href=\"http:\/\/example.org\/\" target=\"_blank\" rel=\"noopener\">Jane Doe<\/a><\/th>\n<td>$100K<\/td>\n<td>F\u00fcr all das Bloggen, das sie betreibt.<\/td>\n<\/tr>\n<tr>\n<th><a href=\"http:\/\/example.org\/\" target=\"_blank\" rel=\"noopener\">Fred Bloggs<\/a><\/th>\n<td>$100M<\/td>\n<td>Bilder sagen mehr als tausend Worte, oder? Also Jane x 1.000.<\/td>\n<\/tr>\n<tr>\n<th><a href=\"http:\/\/example.org\/\" target=\"_blank\" rel=\"noopener\">Jane Bloggs<\/a><\/th>\n<td>$100B<\/td>\n<td>Mit solchen Haaren?! Genug gesagt\u2026<\/td>\n<\/tr>\n<\/tbody>\n<\/table>\n<h2>Definitionslisten<\/h2>\n<dl>\n<dt>Titel der Definitionsliste<\/dt>\n<dd>Definitionslisteneinteilung.<\/dd>\n<dt>Start-up<\/dt>\n<dd>Ein Startup-Unternehmen oder Startup ist ein Unternehmen oder eine tempor\u00e4re Organisation, die auf der Suche nach einem wiederholbaren und skalierbaren Gesch\u00e4ftsmodell ist.<\/dd>\n<dt>#dowork<\/dt>\n<dd>\u201eDo Work\u201c wurde von Rob Dyrdek und seinem pers\u00f6nlichen Leibw\u00e4chter Christopher \u201eBig Black\u201c Boykins gepr\u00e4gt und dient als Selbstmotivator, um Ihre Freunde zu motivieren.<\/dd>\n<dt>Mach es live<\/dt>\n<dd>Ich \u00fcberlasse es Bill O&#039;Reilly <a title=\"Wir machen es live\" href=\"https:\/\/www.youtube.com\/watch?v=O_HyZ5aW76c\" target=\"_blank\" rel=\"noopener\">erkl\u00e4ren<\/a> Dieses hier.<\/dd>\n<\/dl>\n<h2>Ungeordnete Listen (verschachtelt)<\/h2>\n<ul>\n<li>Listenpunkt eins\n<ul>\n<li>Listenpunkt eins\n<ul>\n<li>Listenpunkt eins<\/li>\n<li>Listen Sie Punkt zwei auf<\/li>\n<li>Listen Sie Punkt drei auf<\/li>\n<li>Listen Sie Punkt vier auf<\/li>\n<\/ul>\n<\/li>\n<li>Listen Sie Punkt zwei auf<\/li>\n<li>Listen Sie Punkt drei auf<\/li>\n<li>Listen Sie Punkt vier auf<\/li>\n<\/ul>\n<\/li>\n<li>Listen Sie Punkt zwei auf<\/li>\n<li>Listen Sie Punkt drei auf<\/li>\n<li>Listen Sie Punkt vier auf<\/li>\n<\/ul>\n<h2>Geordnete Liste (verschachtelt)<\/h2>\n<ol start=\"8\">\n<li>Listenpunkt eins \u2013 beginnen Sie bei 8\n<ol>\n<li>Listenpunkt eins\n<ol reversed=\"reversed\">\n<li>Listenelement eins \u2013 umgekehrtes Attribut<\/li>\n<li>Listen Sie Punkt zwei auf<\/li>\n<li>Listen Sie Punkt drei auf<\/li>\n<li>Listen Sie Punkt vier auf<\/li>\n<\/ol>\n<\/li>\n<li>Listen Sie Punkt zwei auf<\/li>\n<li>Listen Sie Punkt drei auf<\/li>\n<li>Listen Sie Punkt vier auf<\/li>\n<\/ol>\n<\/li>\n<li>Listen Sie Punkt zwei auf<\/li>\n<li>Listen Sie Punkt drei auf<\/li>\n<li>Listen Sie Punkt vier auf<\/li>\n<\/ol>\n<h2>HTML-Tags<\/h2>\n<p>Diese unterst\u00fctzten Tags stammen aus dem WordPress.com-Code <a title=\"Code\" href=\"https:\/\/en.support.wordpress.com\/code\/\" target=\"_blank\" rel=\"noopener\">FAQ<\/a>.<\/p>\n<p><strong>Adressanh\u00e4nger<\/strong><\/p>\n<address>1 Endlosschleife<br \/>\nCupertino, CA 95014<br \/>\nVereinigte Staaten<\/address>\n<p><strong>Anker-Tag (auch bekannt als Link)<\/strong><\/p>\n<p>Dies ist ein Beispiel f\u00fcr a <a title=\"WordPress Foundation\" href=\"https:\/\/wordpressfoundation.org\/\" target=\"_blank\" rel=\"noopener\">Verkn\u00fcpfung<\/a>.<\/p>\n<p><strong>Abk\u00fcrzungs-Tag<\/strong><\/p>\n<p>Die Abk\u00fcrzung <abbr title=\"Ernsthaft\">Ehrlich gesagt<\/abbr> steht f\u00fcr \u201eernsthaft\u201c.<\/p>\n<p><strong>Akronym-Tag (<em>in HTML5 veraltet<\/em>)<\/strong><\/p>\n<p>Das Akronym <acronym title=\"F\u00fcr den Sieg\">ftw<\/acronym> steht f\u00fcr \u201ef\u00fcr den Sieg\u201c.<\/p>\n<p><strong>Gro\u00dfer Anh\u00e4nger<\/strong> (<em>in HTML5 veraltet<\/em>)<\/p>\n<p>Diese Tests sind a <big>gro\u00df<\/big> Deal, aber dieses Tag wird in HTML5 nicht mehr unterst\u00fctzt.<\/p>\n<p><strong>Zitat-Tag<\/strong><\/p>\n<p>\u201eCode ist Poesie.\u201c \u2014<cite>Automatisch<\/cite><\/p>\n<p><strong>Code-Tag<\/strong><\/p>\n<p>Dieses Tag formatiert Codebl\u00f6cke.<br \/>\n<code>.post-title {<br \/>\nRand: 0 0 5px;<br \/>\nSchriftdicke: fett;<br \/>\nSchriftgr\u00f6\u00dfe: 38px;<br \/>\nZeilenh\u00f6he: 1,2;<br \/>\nUnd hier ist eine Zeile mit wirklich, wirklich, wirklich, wirklich langem Text, nur um zu sehen, wie er gehandhabt wird und um herauszufinden, wie er \u00fcberl\u00e4uft;<br \/>\n}<\/code><br \/>\nSp\u00e4ter in diesen Tests werden Sie erfahren, dass word-wrap: break-word; Ihr bester Freund sein wird.<\/p>\n<p><strong>Tag l\u00f6schen<\/strong><\/p>\n<p>Mit diesem Tag k\u00f6nnen Sie <del>Text durchstreichen<\/del>, aber dieses Tag ist <em>empfohlen<\/em> unterst\u00fctzt in HTML5 (verwenden Sie die <code><s><\/code> stattdessen).<\/p>\n<p><strong>Tag hervorheben<\/strong><\/p>\n<p>Das Hervorhebungs-Tag sollte <em>kursiv schreiben<\/em> <i>Text<\/i>.<\/p>\n<p><strong>Horizontales Regeletikett<\/strong><\/p>\n<hr \/>\n<p>Dieser Satz folgt a <code>&lt;hr \/&gt;<\/code> Etikett.<\/p>\n<p><strong>Tag einf\u00fcgen<\/strong><\/p>\n<p>Dieses Tag sollte bezeichnen <ins cite=\"inserted it\">eingef\u00fcgt<\/ins> Text.<\/p>\n<p><strong>Tastatur-Tag<\/strong><\/p>\n<p>Dieser kaum bekannte Tag emuliert <kbd>Tastaturtext<\/kbd>, das normalerweise wie das gestylt ist <code><code><\/code> Etikett.<\/p>\n<p><strong>Vorformatiertes Tag<\/strong><\/p>\n<p>Dieses Tag dient dazu, Leerzeichen bei der Eingabe beizubehalten, beispielsweise in Gedichten oder ASCII-Grafiken.<\/p>\n<h2>Der nicht eingeschlagene Weg<\/h2>\n<pre><cite>\r\nRobert Frost<\/cite>\r\n\r\n\r\n  Zwei Stra\u00dfen gingen in einem gelben Wald auseinander, und es tut mir leid, dass ich nicht beide bereisen konnte (_\/) Und ein einziger Reisender sein, lange stand ich (=&#039;.&#039;=) und blickte eine so weit ich konnte hinunter (&quot;)_(&quot;) Dorthin, wo es sich im Unterholz bog; Dann nahm er den anderen, der genauso fair war und vielleicht den besseren Anspruch hatte, |_\/| Weil es grasig war und abgenutzt werden wollte; \/ @ @ Obwohl die dort Vor\u00fcbergehenden ( &gt; \u00ba &lt; ) sie eigentlich ungef\u00e4hr gleich getragen hatten, \u201e&gt;&gt;x&lt;&lt;\u201c \/ O Und beide lagen an diesem Morgen gleicherma\u00dfen in Bl\u00e4ttern, auf denen kein Schritt schwarz getreten war. Oh, das erste habe ich noch einen Tag aufbewahrt! Doch da ich wusste, wie ein Weg zu einem anderen f\u00fchrt, bezweifelte ich, dass ich jemals zur\u00fcckkommen sollte. Ich werde dies mit einem Seufzer erz\u00e4hlen: Irgendwo in Ewigkeiten und Ewigkeiten: Zwei Stra\u00dfen trennten sich in einem Wald, und ich \u2013 ich nahm diejenige, die weniger befahren wurde, und das hat den ganzen Unterschied gemacht. Und hier ist eine Zeile mit wirklich, wirklich, wirklich, wirklich langem Text, nur um zu sehen, wie er gehandhabt wird und um herauszufinden, wie er \u00fcberl\u00e4uft;<\/pre>\n<p><strong>Zitat-Tag<\/strong> f\u00fcr kurze Inline-Zitate<\/p>\n<p><q>Entwickler, Entwickler, Entwickler\u2026<\/q> \u2013Steve Ballmer<\/p>\n<p><strong>Strike-Tag<\/strong> (<em>in HTML5 veraltet<\/em>) Und <strong>S-Tag<\/strong><\/p>\n<p>Dieses Tag wird angezeigt <span style=\"text-decoration: line-through;\">durchgestrichen<\/span> <s>Text<\/s>.<\/p>\n<p><strong>Kleines Etikett<\/strong><\/p>\n<p>Dieses Tag wird angezeigt <small>kleiner<small> Text.<\/small><\/small><\/p>\n<p><strong>Starkes Etikett<\/strong><\/p>\n<p>Dieses Tag wird angezeigt <strong>fetter Text.<\/strong><\/p>\n<p><strong>Tiefgestelltes Tag<\/strong><\/p>\n<p>Wir bringen unser wissenschaftliches Styling mit H. voran<sub>2<\/sub>O, was die \u201e2\u201c nach unten dr\u00fccken sollte.<\/p>\n<p><strong>Hochgestelltes Tag<\/strong><\/p>\n<p>Ich bleibe immer noch bei der Wissenschaft und Albert Einsteins E = MC<sup>2<\/sup>, was die 2 anheben sollte.<\/p>\n<p><strong>Fernschreiber-Tag <\/strong>(<em>in HTML5 veraltet<\/em>)<\/p>\n<p>Dieses selten verwendete Tag emuliert <tt>Fernschreibtext<\/tt>, das normalerweise wie das gestylt ist <code><code><\/code> Etikett.<\/p>\n<p><strong>Tag unterstreichen<\/strong> <em>in HTML 4 veraltet, in HTML5 mit anderer Semantik wieder eingef\u00fchrt<\/em><\/p>\n<p>Dieses Tag wird angezeigt <u>unterstrichener Text<\/u>.<\/p>\n<p><strong>Variablen-Tag<\/strong><\/p>\n<p>Dadurch k\u00f6nnen Sie bezeichnen <var>Variablen<\/var>.<\/p>\n<h2>Bildausrichtung<\/h2>\n<h4>Bild mit zentrierter Ausrichtung<\/h4>\n<p>Lorem ipsum dolor sit amet, consectetur adipiscing elit. Donec posuere augue quam. Proin ligula ligula, rutrum ut consectetur id, tincidunt sit amet ipsum.<\/p>\n<p><img fetchpriority=\"high\" decoding=\"async\" class=\"aligncenter size-large wp-image-39\" src=\"https:\/\/themes.getmotopress.com\/ciestra\/wp-content\/uploads\/sites\/21\/2018\/08\/triple_room_01-1024x728.jpg\" alt=\"\" width=\"746\" height=\"530\" srcset=\"https:\/\/rethymno.villas\/wp-content\/uploads\/triple_room_01-1024x728.jpg 1024w, https:\/\/rethymno.villas\/wp-content\/uploads\/triple_room_01-300x213.jpg 300w, https:\/\/rethymno.villas\/wp-content\/uploads\/triple_room_01-768x546.jpg 768w, https:\/\/rethymno.villas\/wp-content\/uploads\/triple_room_01-1536x1092.jpg 1536w, https:\/\/rethymno.villas\/wp-content\/uploads\/triple_room_01-891x633.jpg 891w, https:\/\/rethymno.villas\/wp-content\/uploads\/triple_room_01-235x167.jpg 235w, https:\/\/rethymno.villas\/wp-content\/uploads\/triple_room_01.jpg 1600w\" sizes=\"(max-width: 746px) 100vw, 746px\" \/>In sed porta lectus, auctor bibendum est. Mauris tempor fermentum nisl vel imperdiet. Donec consequat sapien ac nisl pellentesque, eget condimentum felis rhoncus.<\/p>\n<h4>Bild mit linker Ausrichtung<\/h4>\n<p><img decoding=\"async\" class=\"alignleft wp-image-25 size-medium\" src=\"https:\/\/themes.getmotopress.com\/ciestra\/wp-content\/uploads\/sites\/21\/2018\/08\/03_conference_rom-300x233.jpg\" alt=\"\" width=\"300\" height=\"233\" \/>Lorem ipsum dolor sit amet, consectetur adipiscing elit. Donec posuere augue quam. Proin ligula ligula, rutrum ut consectetur id, tincidunt sit amet ipsum. Proin magna dolor, fringilla non malesuada vitae, suscipit at est. Pellentesque ex orci, fringilla in viverra eu, interdum at eros. Vivamus bei scelerisque est.<\/p>\n<p>Quisque in justo ultrices, efficitur lorem quis, pharetra mauris. Vestibulum ante ipsum primis im Faucibus orci luctus und Ultrices posuere cubilia. Nunc ultricies nisl sollicitudin, maximus lacus bibendum, pharetra eros. In sed nibh arcu. Mauris in orci a neque posuere fermentum. Aliquam eu accumsan nulla. Phasellus tincidunt tristique arcu sed tempus. Praesent id lorem nec turpis porttitor semper. Quisque nec ligula erat. Pellentesque eu gravida lacus.<\/p>\n<p>Aliquam eu accumsan nulla. Phasellus tincidunt tristique arcu sed tempus. Praesent id Quisque interdum luctus est, ut consequat felis. Sed sagittis ipsum scelerisque, dictum nibh id, posuere augue. Integer erleichtert das Ausw\u00e4hlen, und Sie werden wissen, was Sie dar\u00fcber wissen m\u00fcssen. In mattis volutpat arcu. Vestibulum blandit purus sed nisi elementum.<\/p>\n<h4>Rechtsausrichtungsbild<\/h4>\n<p><img decoding=\"async\" class=\"alignright wp-image-23 size-medium\" src=\"https:\/\/themes.getmotopress.com\/ciestra\/wp-content\/uploads\/sites\/21\/2018\/08\/04_home_theather-300x233.jpg\" alt=\"\" width=\"300\" height=\"233\" \/>Lorem ipsum dolor sit amet, consectetur adipiscing elit. Donec posuere augue quam. Proin ligula ligula, rutrum ut consectetur id, tincidunt sit amet ipsum. Proin magna dolor, fringilla non malesuada vitae, suscipit at est. Pellentesque ex orci, fringilla in viverra eu, interdum at eros. Vivamus bei scelerisque est.<\/p>\n<p>Quisque in justo ultrices, efficitur lorem quis, pharetra mauris. Vestibulum ante ipsum primis im Faucibus orci luctus und Ultrices posuere cubilia. Nunc ultricies nisl sollicitudin, maximus lacus bibendum, pharetra eros. In sed nibh arcu. Mauris in orci a neque posuere fermentum. Aliquam eu accumsan nulla. Phasellus tincidunt tristique arcu sed tempus. Praesent id lorem nec turpis porttitor semper. Quisque nec ligula erat. Pellentesque eu gravida lacus.<\/p>\n<p>Aliquam eu accumsan nulla. Phasellus tincidunt tristique arcu sed tempus. Praesent id Quisque interdum luctus est, ut consequat felis. Sed sagittis ipsum scelerisque, dictum nibh id, posuere augue. Integer erleichtert das Ausw\u00e4hlen, und Sie werden wissen, was Sie dar\u00fcber wissen m\u00fcssen. In mattis volutpat arcu. Vestibulum blandit purus sed nisi elementum.<\/p>\n<h4>150 \u00d7 150-Bild, das linksb\u00fcndig ist<\/h4>\n<p><img loading=\"lazy\" decoding=\"async\" class=\"size-thumbnail wp-image-29 alignleft\" src=\"https:\/\/themes.getmotopress.com\/ciestra\/wp-content\/uploads\/sites\/21\/2018\/08\/01_restaurant-150x150.jpg\" alt=\"\" width=\"150\" height=\"150\" \/>Lorem ipsum dolor sit amet, consectetur adipiscing elit. Donec posuere augue quam. Proin ligula ligula, rutrum ut consectetur id, tincidunt sit amet ipsum. Proin magna dolor, fringilla non malesuada vitae, suscipit at est. Pellentesque ex orci, fringilla in viverra eu, interdum at eros. Vivamus bei scelerisque est.<\/p>\n<p>Quisque in justo ultrices, efficitur lorem quis, pharetra mauris. Vestibulum ante ipsum primis im Faucibus orci luctus und Ultrices posuere cubilia. Nunc ultricies nisl sollicitudin, maximus lacus bibendum, pharetra eros. In sed nibh arcu. Mauris in orci a neque posuere fermentum. Aliquam eu accumsan nulla. Phasellus tincidunt tristique arcu sed tempus. Praesent id lorem nec turpis porttitor semper. Quisque nec ligula erat. Pellentesque eu gravida lacus.<\/p>\n<p>Aliquam eu accumsan nulla. Phasellus tincidunt tristique arcu sed tempus. Praesent id Quisque interdum luctus est, ut consequat felis. Sed sagittis ipsum scelerisque, dictum nibh id, posuere augue. Integer erleichtert das Ausw\u00e4hlen, und Sie werden wissen, was Sie dar\u00fcber wissen m\u00fcssen. In mattis volutpat arcu. Vestibulum blandit purus sed nisi elementum.<\/p>\n<h4>Gro\u00dfes Bild<\/h4>\n<p>Lorem ipsum dolor sit amet, consectetur adipiscing elit. Donec posuere augue quam. Proin ligula ligula, rutrum ut consectetur id, tincidunt sit amet ipsum.<\/p>\n<figure id=\"attachment_36\" aria-describedby=\"caption-attachment-36\" style=\"width: 1600px\" class=\"wp-caption aligncenter\"><img loading=\"lazy\" decoding=\"async\" class=\"wp-image-36 size-full\" src=\"https:\/\/rethymno.villas\/wp-content\/uploads\/surf_lesson.jpg\" alt=\"\" width=\"1600\" height=\"1067\" srcset=\"https:\/\/rethymno.villas\/wp-content\/uploads\/surf_lesson.jpg 1600w, https:\/\/rethymno.villas\/wp-content\/uploads\/surf_lesson-300x200.jpg 300w, https:\/\/rethymno.villas\/wp-content\/uploads\/surf_lesson-1024x683.jpg 1024w, https:\/\/rethymno.villas\/wp-content\/uploads\/surf_lesson-768x512.jpg 768w, https:\/\/rethymno.villas\/wp-content\/uploads\/surf_lesson-1536x1024.jpg 1536w, https:\/\/rethymno.villas\/wp-content\/uploads\/surf_lesson-891x594.jpg 891w\" sizes=\"(max-width: 1600px) 100vw, 1600px\" \/><figcaption id=\"caption-attachment-36\" class=\"wp-caption-text\">Surfunterricht<\/figcaption><\/figure>\n<p>In sed porta lectus, auctor bibendum est. Mauris tempor fermentum nisl vel imperdiet. Donec consequat sapien ac nisl pellentesque, eget condimentum felis rhoncus.<\/p>","protected":false},"excerpt":{"rendered":"<p>Letzteres ist nicht mehr als einen Fu\u00df hoch und etwa sieben Schritte breit, eine blo\u00dfe flache Spitze eines grauen Felsens, der nach einem Regenschauer wie hei\u00dfe Asche raucht und an dem sich kein Mensch vor Sonnenuntergang wagen w\u00fcrde, eine nackte Sohle zu sehen. Auf der Little Isabel eine alte zerlumpte Palme mit einem dicken [\u2026]<\/p>","protected":false},"author":1,"featured_media":0,"parent":0,"menu_order":0,"comment_status":"closed","ping_status":"closed","template":"","meta":{"inline_featured_image":false,"footnotes":""},"class_list":["post-80","page","type-page","status-publish","hentry"],"_links":{"self":[{"href":"https:\/\/rethymno.villas\/de\/wp-json\/wp\/v2\/pages\/80","targetHints":{"allow":["GET"]}}],"collection":[{"href":"https:\/\/rethymno.villas\/de\/wp-json\/wp\/v2\/pages"}],"about":[{"href":"https:\/\/rethymno.villas\/de\/wp-json\/wp\/v2\/types\/page"}],"author":[{"embeddable":true,"href":"https:\/\/rethymno.villas\/de\/wp-json\/wp\/v2\/users\/1"}],"replies":[{"embeddable":true,"href":"https:\/\/rethymno.villas\/de\/wp-json\/wp\/v2\/comments?post=80"}],"version-history":[{"count":0,"href":"https:\/\/rethymno.villas\/de\/wp-json\/wp\/v2\/pages\/80\/revisions"}],"wp:attachment":[{"href":"https:\/\/rethymno.villas\/de\/wp-json\/wp\/v2\/media?parent=80"}],"curies":[{"name":"wp","href":"https:\/\/api.w.org\/{rel}","templated":true}]}}