{"id":583,"date":"2025-01-29T18:13:59","date_gmt":"2025-01-29T16:13:59","guid":{"rendered":"https:\/\/rethymno.villas\/?page_id=583"},"modified":"2025-01-29T18:17:54","modified_gmt":"2025-01-29T16:17:54","slug":"pongase-en-contacto-con-nosotros-sun-angelo-luxury-eco-villas-en-paradisos-rethymno-creta-grecia","status":"publish","type":"page","link":"https:\/\/rethymno.villas\/es\/pongase-en-contacto-con-nosotros-sun-angelo-luxury-eco-villas-en-paradisos-rethymno-creta-grecia\/","title":{"rendered":"P\u00f3ngase en contacto \u2013 Sun Angelo Luxury Eco Villas en Paradisos RETHYMNO CRETA GRECIA"},"content":{"rendered":"<div data-elementor-type=\"wp-post\" data-elementor-id=\"583\" class=\"elementor elementor-583\" data-elementor-post-type=\"page\">\n\t\t\t\t<div class=\"elementor-element elementor-element-30bcc4d e-flex e-con-boxed e-con e-parent\" data-id=\"30bcc4d\" data-element_type=\"container\">\n\t\t\t\t\t<div class=\"e-con-inner\">\n\t\t\t\t<div class=\"elementor-element elementor-element-ce610ca elementor-shape-rounded elementor-grid-0 e-grid-align-center elementor-widget elementor-widget-social-icons\" data-id=\"ce610ca\" data-element_type=\"widget\" data-widget_type=\"social-icons.default\">\n\t\t\t\t<div class=\"elementor-widget-container\">\n\t\t\t\t\t\t\t<div class=\"elementor-social-icons-wrapper elementor-grid\" role=\"list\">\n\t\t\t\t\t\t\t<span class=\"elementor-grid-item\" role=\"listitem\">\n\t\t\t\t\t<a class=\"elementor-icon elementor-social-icon elementor-social-icon-facebook elementor-repeater-item-1a787dc\" href=\"https:\/\/www.facebook.com\/profile.php?id=61558219622428\" target=\"_blank\" rel=\"noopener\">\n\t\t\t\t\t\t<span class=\"elementor-screen-only\">Facebook<\/span>\n\t\t\t\t\t\t<i aria-hidden=\"true\" class=\"fab fa-facebook\"><\/i>\t\t\t\t\t<\/a>\n\t\t\t\t<\/span>\n\t\t\t\t\t\t\t<span class=\"elementor-grid-item\" role=\"listitem\">\n\t\t\t\t\t<a class=\"elementor-icon elementor-social-icon elementor-social-icon-instagram elementor-repeater-item-d64e2a0\" href=\"https:\/\/www.instagram.com\/sun_angelo_rethymno\/\" target=\"_blank\" rel=\"noopener\">\n\t\t\t\t\t\t<span class=\"elementor-screen-only\">Instagram<\/span>\n\t\t\t\t\t\t<i aria-hidden=\"true\" class=\"fab fa-instagram\"><\/i>\t\t\t\t\t<\/a>\n\t\t\t\t<\/span>\n\t\t\t\t\t\t\t<span class=\"elementor-grid-item\" role=\"listitem\">\n\t\t\t\t\t<a class=\"elementor-icon elementor-social-icon elementor-social-icon-tiktok elementor-repeater-item-35c6f7f\" href=\"https:\/\/www.tiktok.com\/@sun.angelo.rethymno?is_from_webapp=1&#038;sender_device=pc\" target=\"_blank\" rel=\"noopener\">\n\t\t\t\t\t\t<span class=\"elementor-screen-only\">Tik Tok<\/span>\n\t\t\t\t\t\t<i aria-hidden=\"true\" class=\"fab fa-tiktok\"><\/i>\t\t\t\t\t<\/a>\n\t\t\t\t<\/span>\n\t\t\t\t\t\t\t<span class=\"elementor-grid-item\" role=\"listitem\">\n\t\t\t\t\t<a class=\"elementor-icon elementor-social-icon elementor-social-icon-whatsapp elementor-repeater-item-0bb7fb3\" href=\"http:\/\/wa.me\/306988620723\" target=\"_blank\" rel=\"noopener\">\n\t\t\t\t\t\t<span class=\"elementor-screen-only\">WhatsApp<\/span>\n\t\t\t\t\t\t<i aria-hidden=\"true\" class=\"fab fa-whatsapp\"><\/i>\t\t\t\t\t<\/a>\n\t\t\t\t<\/span>\n\t\t\t\t\t\t\t<span class=\"elementor-grid-item\" role=\"listitem\">\n\t\t\t\t\t<a class=\"elementor-icon elementor-social-icon elementor-social-icon-viber elementor-repeater-item-ffca222\" href=\"https:\/\/connect.viber.com\/el\/business\/dd76f6fa-fa1a-11ee-95da-bad02d5565f2?utm_source=manage&#038;utm_medium=copy_link\" target=\"_blank\" rel=\"noopener\">\n\t\t\t\t\t\t<span class=\"elementor-screen-only\">Viber<\/span>\n\t\t\t\t\t\t<i aria-hidden=\"true\" class=\"fab fa-viber\"><\/i>\t\t\t\t\t<\/a>\n\t\t\t\t<\/span>\n\t\t\t\t\t\t\t<span class=\"elementor-grid-item\" role=\"listitem\">\n\t\t\t\t\t<a class=\"elementor-icon elementor-social-icon elementor-social-icon-telegram elementor-repeater-item-24ed21f\" href=\"https:\/\/t.me\/Sun_Angelo_Rethymno\" target=\"_blank\">\n\t\t\t\t\t\t<span class=\"elementor-screen-only\">Telegrama<\/span>\n\t\t\t\t\t\t<i aria-hidden=\"true\" class=\"fab fa-telegram\"><\/i>\t\t\t\t\t<\/a>\n\t\t\t\t<\/span>\n\t\t\t\t\t<\/div>\n\t\t\t\t\t\t<\/div>\n\t\t\t\t<\/div>\n\t\t\t\t\t<\/div>\n\t\t\t\t<\/div>\n\t\t\t\t<section class=\"elementor-section elementor-top-section elementor-element elementor-element-0e109fb elementor-section-boxed elementor-section-height-default elementor-section-height-default\" data-id=\"0e109fb\" data-element_type=\"section\">\n\t\t\t\t\t\t<div class=\"elementor-container elementor-column-gap-default\">\n\t\t\t\t\t<div class=\"elementor-column elementor-col-100 elementor-top-column elementor-element elementor-element-7092133\" data-id=\"7092133\" data-element_type=\"column\">\n\t\t\t<div class=\"elementor-widget-wrap elementor-element-populated\">\n\t\t\t\t\t\t<div class=\"elementor-element elementor-element-3644a9d elementor-icon-list--layout-traditional elementor-list-item-link-full_width elementor-widget elementor-widget-icon-list\" data-id=\"3644a9d\" data-element_type=\"widget\" data-widget_type=\"icon-list.default\">\n\t\t\t\t<div class=\"elementor-widget-container\">\n\t\t\t\t\t\t\t<ul class=\"elementor-icon-list-items\">\n\t\t\t\t\t\t\t<li class=\"elementor-icon-list-item\">\n\t\t\t\t\t\t\t\t\t\t\t<a href=\"#\">\n\n\t\t\t\t\t\t\t\t\t\t\t\t<span class=\"elementor-icon-list-icon\">\n\t\t\t\t\t\t\t<i aria-hidden=\"true\" class=\"fas fa-map-marker-alt\"><\/i>\t\t\t\t\t\t<\/span>\n\t\t\t\t\t\t\t\t\t\t<span class=\"elementor-icon-list-text\">Paradisos, Armenoi, Rethymno, Creta, Grecia<\/span>\n\t\t\t\t\t\t\t\t\t\t\t<\/a>\n\t\t\t\t\t\t\t\t\t<\/li>\n\t\t\t\t\t\t\t\t<li class=\"elementor-icon-list-item\">\n\t\t\t\t\t\t\t\t\t\t\t<span class=\"elementor-icon-list-icon\">\n\t\t\t\t\t\t\t<i aria-hidden=\"true\" class=\"fas fa-phone-alt\"><\/i>\t\t\t\t\t\t<\/span>\n\t\t\t\t\t\t\t\t\t\t<span class=\"elementor-icon-list-text\">+30 6988620723<\/span>\n\t\t\t\t\t\t\t\t\t<\/li>\n\t\t\t\t\t\t\t\t<li class=\"elementor-icon-list-item\">\n\t\t\t\t\t\t\t\t\t\t\t<a href=\"tel:+306937466357\">\n\n\t\t\t\t\t\t\t\t\t\t\t\t<span class=\"elementor-icon-list-icon\">\n\t\t\t\t\t\t\t<i aria-hidden=\"true\" class=\"fas fa-phone-alt\"><\/i>\t\t\t\t\t\t<\/span>\n\t\t\t\t\t\t\t\t\t\t<span class=\"elementor-icon-list-text\">+30 6937 466357<\/span>\n\t\t\t\t\t\t\t\t\t\t\t<\/a>\n\t\t\t\t\t\t\t\t\t<\/li>\n\t\t\t\t\t\t\t\t<li class=\"elementor-icon-list-item\">\n\t\t\t\t\t\t\t\t\t\t\t<a href=\"mailto:info@rethymno.villas\">\n\n\t\t\t\t\t\t\t\t\t\t\t\t<span class=\"elementor-icon-list-icon\">\n\t\t\t\t\t\t\t<i aria-hidden=\"true\" class=\"fas fa-at\"><\/i>\t\t\t\t\t\t<\/span>\n\t\t\t\t\t\t\t\t\t\t<span class=\"elementor-icon-list-text\">info@rethymno.villas<\/span>\n\t\t\t\t\t\t\t\t\t\t\t<\/a>\n\t\t\t\t\t\t\t\t\t<\/li>\n\t\t\t\t\t\t<\/ul>\n\t\t\t\t\t\t<\/div>\n\t\t\t\t<\/div>\n\t\t\t\t<div class=\"elementor-element elementor-element-c14c503 elementor-widget elementor-widget-heading\" data-id=\"c14c503\" data-element_type=\"widget\" data-widget_type=\"heading.default\">\n\t\t\t\t<div class=\"elementor-widget-container\">\n\t\t\t\t\t<h2 class=\"elementor-heading-title elementor-size-default\">D\u00e9janos un mensaje<\/h2>\t\t\t\t<\/div>\n\t\t\t\t<\/div>\n\t\t\t\t<div class=\"elementor-element elementor-element-5d3b131 elementor-widget elementor-widget-shortcode\" data-id=\"5d3b131\" data-element_type=\"widget\" data-widget_type=\"shortcode.default\">\n\t\t\t\t<div class=\"elementor-widget-container\">\n\t\t\t\t\t\t\t<div class=\"elementor-shortcode\">\n<div class=\"wpcf7 no-js\" id=\"wpcf7-f279-o1\" lang=\"en-US\" dir=\"ltr\" data-wpcf7-id=\"279\">\n<div class=\"screen-reader-response\"><p role=\"status\" aria-live=\"polite\" aria-atomic=\"true\"><\/p> <ul><\/ul><\/div>\n<form action=\"\/es\/wp-json\/wp\/v2\/pages\/583#wpcf7-f279-o1\" method=\"post\" class=\"wpcf7-form init\" aria-label=\"Formulario de contacto\" novalidate=\"novalidate\" data-status=\"init\" data-trp-original-action=\"\/es\/wp-json\/wp\/v2\/pages\/583#wpcf7-f279-o1\">\n<fieldset class=\"hidden-fields-container\"><input type=\"hidden\" name=\"_wpcf7\" value=\"279\" \/><input type=\"hidden\" name=\"_wpcf7_version\" value=\"6.1.4\" \/><input type=\"hidden\" name=\"_wpcf7_locale\" value=\"en_US\" \/><input type=\"hidden\" name=\"_wpcf7_unit_tag\" value=\"wpcf7-f279-o1\" \/><input type=\"hidden\" name=\"_wpcf7_container_post\" value=\"0\" \/><input type=\"hidden\" name=\"_wpcf7_posted_data_hash\" value=\"\" \/>\n<\/fieldset>\n<p><label> Su nombre<br \/>\n<span class=\"wpcf7-form-control-wrap\" data-name=\"your-name\"><input size=\"40\" maxlength=\"400\" class=\"wpcf7-form-control wpcf7-text wpcf7-validates-as-required\" autocomplete=\"name\" aria-required=\"true\" aria-invalid=\"false\" value=\"\" type=\"text\" name=\"your-name\" \/><\/span> <\/label>\n<\/p>\n<p><label> Tu correo electr\u00f3nico<br \/>\n<span class=\"wpcf7-form-control-wrap\" data-name=\"your-email\"><input size=\"40\" maxlength=\"400\" class=\"wpcf7-form-control wpcf7-email wpcf7-validates-as-required wpcf7-text wpcf7-validates-as-email\" autocomplete=\"email\" aria-required=\"true\" aria-invalid=\"false\" value=\"\" type=\"email\" name=\"your-email\" \/><\/span> <\/label>\n<\/p>\n<p><label> Sujeto<br \/>\n<span class=\"wpcf7-form-control-wrap\" data-name=\"your-subject\"><input size=\"40\" maxlength=\"400\" class=\"wpcf7-form-control wpcf7-text wpcf7-validates-as-required\" aria-required=\"true\" aria-invalid=\"false\" value=\"\" type=\"text\" name=\"your-subject\" \/><\/span> <\/label>\n<\/p>\n<p><label> Tu mensaje (opcional)<br \/>\n<span class=\"wpcf7-form-control-wrap\" data-name=\"your-message\"><textarea cols=\"40\" rows=\"10\" maxlength=\"2000\" class=\"wpcf7-form-control wpcf7-textarea\" aria-invalid=\"false\" name=\"your-message\"><\/textarea><\/span> <\/label>\n<\/p>\n<p><div class=\"cf7-cf-turnstile\" style=\"margin-top: 0px; margin-bottom: -15px;\"> <div id=\"cf-turnstile-cf7-899996673\" class=\"cf-turnstile\" data-sitekey=\"0x4AAAAAAAKsCC0ri7DeEjvg\" data-theme=\"light\" data-language=\"auto\" data-size=\"\" data-retry=\"auto\" data-retry-interval=\"1000\" data-refresh-expired=\"auto\" data-action=\"contact-form-7\" data-appearance=\"always\"><\/div> <script>document.addEventListener(\"DOMContentLoaded\", function() { setTimeout(function(){ var e=document.getElementById(\"cf-turnstile-cf7-899996673\"); e&&!e.innerHTML.trim()&&(turnstile.remove(\"#cf-turnstile-cf7-899996673\"), turnstile.render(\"#cf-turnstile-cf7-899996673\", {sitekey:\"0x4AAAAAAAKsCC0ri7DeEjvg\"})); }, 100); });<\/script> <br class=\"cf-turnstile-br cf-turnstile-br-cf7-899996673\"> <style>#cf-turnstile-cf7-899996673 { margin-left: -15px; }<\/style> <script>document.addEventListener(\"DOMContentLoaded\",function(){document.querySelectorAll('.wpcf7-form').forEach(function(e){e.addEventListener('submit',function(){if(document.getElementById('cf-turnstile-cf7-899996673')){setTimeout(function(){turnstile.reset('#cf-turnstile-cf7-899996673');},1000)}})})});<\/script> <\/div>\n<\/p>\n<p><input class=\"wpcf7-form-control wpcf7-submit has-spinner\" type=\"submit\" value=\"Entregar\" \/>\n<\/p><div class=\"wpcf7-response-output\" aria-hidden=\"true\"><\/div>\n<input type=\"hidden\" name=\"trp-form-language\" value=\"es\"\/><\/form>\n<\/div>\n<\/div>\n\t\t\t\t\t\t<\/div>\n\t\t\t\t<\/div>\n\t\t\t\t<div class=\"elementor-element elementor-element-6e6134c elementor-widget elementor-widget-html\" data-id=\"6e6134c\" data-element_type=\"widget\" data-widget_type=\"html.default\">\n\t\t\t\t<div class=\"elementor-widget-container\">\n\t\t\t\t\t<div style=\"width: 100%\"><iframe width=\"100%\" height=\"600\" frameborder=\"0\" scrolling=\"no\" marginheight=\"0\" marginwidth=\"0\" src=\"https:\/\/maps.google.com\/maps?width=100%25&amp;height=600&amp;hl=en&amp;q=Sun%20Angelo%20luxury%20apartment%20in%20Paradise%201,%20%CE%9F%CE%B9%CE%BA%CE%B9%CF%83%CE%BC%CF%8C%CF%82%20%CE%94%CE%B1%CF%83%CE%BA%CE%AC%CE%BB%CF%89%CE%BD%20%CE%A0%CE%B1%CF%81%CE%AC%CE%B4%CE%B5%CE%B9%CF%83%CE%BF%CF%82,%20%CE%91%CF%81%CE%BC%CE%AD%CE%BD%CE%BF%CE%B9,%20%CE%95%CE%BB%CE%BB%CE%AC%CE%B4%CE%B1+(My%20BusinesSun%20Angelo%20luxury%20eco%20villas%20in%20Paradisos%20Rethymno%20Crete%20Greece)&amp;t=&amp;z=9&amp;ie=UTF8&amp;iwloc=B&amp;output=embed\"><a href=\"https:\/\/www.maps.ie\/population\/\" target=\"_blank\" rel=\"noopener\">Buscar poblaci\u00f3n en el mapa<\/a><\/iframe><\/div>\t\t\t\t<\/div>\n\t\t\t\t<\/div>\n\t\t\t\t<div class=\"elementor-element elementor-element-10bc995 elementor-widget elementor-widget-text-editor\" data-id=\"10bc995\" data-element_type=\"widget\" data-widget_type=\"text-editor.default\">\n\t\t\t\t<div class=\"elementor-widget-container\">\n\t\t\t\t\t\t\t\t\t<p>Amplias, lujosas y luminosas con un toque moderno, nuestras villas de ecoturismo tienen 90 m2. con apartamentos y casas disponibles. <span style=\"font-size: 1rem;\">La villa est\u00e1 ubicada en Paradisos, Armenoi en Rethymno CRETA GRECIA, donde hay muchos restaurantes diferentes y, adem\u00e1s, en solo 6,8 km en coche, estar\u00e1s en la l\u00ednea costera del casco antiguo de Rethymno y las playas.<br \/><\/span><\/p>\t\t\t\t\t\t\t\t<\/div>\n\t\t\t\t<\/div>\n\t\t\t\t\t<\/div>\n\t\t<\/div>\n\t\t\t\t\t<\/div>\n\t\t<\/section>\n\t\t\t\t<\/div>","protected":false},"excerpt":{"rendered":"<p>Facebook Instagram Tiktok Whatsapp Viber Telegram Paradisos, Armenoi, Rethymno, Creta, Grecia +30 6988620723 +30 6937 466357 info@rethymno.villas D\u00e9janos un mensaje Encuentra la poblaci\u00f3n en el mapa Espaciosas, lujosas y luminosas con un toque moderno, nuestras villas de ecoturismo tienen una superficie de 90 m\u00b2 y cuentan con apartamentos y casas disponibles. La villa est\u00e1 situada en Paradisos, Armenoi [\u2026]<\/p>","protected":false},"author":1,"featured_media":0,"parent":0,"menu_order":0,"comment_status":"closed","ping_status":"closed","template":"","meta":{"inline_featured_image":false,"footnotes":""},"class_list":["post-583","page","type-page","status-publish","hentry"],"_links":{"self":[{"href":"https:\/\/rethymno.villas\/es\/wp-json\/wp\/v2\/pages\/583","targetHints":{"allow":["GET"]}}],"collection":[{"href":"https:\/\/rethymno.villas\/es\/wp-json\/wp\/v2\/pages"}],"about":[{"href":"https:\/\/rethymno.villas\/es\/wp-json\/wp\/v2\/types\/page"}],"author":[{"embeddable":true,"href":"https:\/\/rethymno.villas\/es\/wp-json\/wp\/v2\/users\/1"}],"replies":[{"embeddable":true,"href":"https:\/\/rethymno.villas\/es\/wp-json\/wp\/v2\/comments?post=583"}],"version-history":[{"count":0,"href":"https:\/\/rethymno.villas\/es\/wp-json\/wp\/v2\/pages\/583\/revisions"}],"wp:attachment":[{"href":"https:\/\/rethymno.villas\/es\/wp-json\/wp\/v2\/media?parent=583"}],"curies":[{"name":"Gracias","href":"https:\/\/api.w.org\/{rel}","templated":true}]}}