{"id":80,"date":"2018-08-13T10:01:27","date_gmt":"2018-08-13T10:01:27","guid":{"rendered":"https:\/\/themes.getmotopress.com\/ciestra\/?page_id=80"},"modified":"2023-09-26T03:53:34","modified_gmt":"2023-09-26T00:53:34","slug":"tipografia","status":"publish","type":"page","link":"https:\/\/rethymno.villas\/es\/tipografia\/","title":{"rendered":"Tipograf\u00eda"},"content":{"rendered":"<p>Este \u00faltimo no tiene m\u00e1s de un pie de alto y unos siete pasos de ancho, una simple cima plana de una roca gris que humea como brasas calientes despu\u00e9s de una lluvia, y donde ning\u00fan hombre se atrever\u00eda a aventurar una planta desnuda antes del atardecer. En la Peque\u00f1a Isabel, una vieja palmera andrajosa, de tronco grueso y abultado, \u00e1spera de espinas, muy bruja entre las palmeras, susurra un l\u00fagubre manojo de hojas muertas sobre la arena gruesa.<\/p>\n<h1>R\u00fabrica 1 (H1)<\/h1>\n<p>Este \u00faltimo no tiene m\u00e1s de un pie de alto y unos siete pasos de ancho, una simple cima plana de una roca gris que humea como brasas calientes despu\u00e9s de una lluvia, y donde ning\u00fan hombre se atrever\u00eda a aventurar una planta desnuda antes del atardecer. En la Peque\u00f1a Isabel, una vieja palmera andrajosa, de tronco grueso y abultado, \u00e1spera de espinas, muy bruja entre las palmeras, susurra un l\u00fagubre manojo de hojas muertas sobre la arena gruesa.<\/p>\n<h2>R\u00fabrica 2 (H2)<\/h2>\n<p>Este \u00faltimo no tiene m\u00e1s de un pie de alto y unos siete pasos de ancho, una simple cima plana de una roca gris que humea como brasas calientes despu\u00e9s de una lluvia, y donde ning\u00fan hombre se atrever\u00eda a aventurar una planta desnuda antes del atardecer. En la Peque\u00f1a Isabel, una vieja palmera andrajosa, de tronco grueso y abultado, \u00e1spera de espinas, muy bruja entre las palmeras, susurra un l\u00fagubre manojo de hojas muertas sobre la arena gruesa.<\/p>\n<h3>R\u00fabrica 3 (H3)<\/h3>\n<p>Este \u00faltimo no tiene m\u00e1s de un pie de alto y unos siete pasos de ancho, una simple cima plana de una roca gris que humea como brasas calientes despu\u00e9s de una lluvia, y donde ning\u00fan hombre se atrever\u00eda a aventurar una planta desnuda antes del atardecer. En la Peque\u00f1a Isabel, una vieja palmera andrajosa, de tronco grueso y abultado, \u00e1spera de espinas, muy bruja entre las palmeras, susurra un l\u00fagubre manojo de hojas muertas sobre la arena gruesa.<\/p>\n<h4>R\u00fabrica 4 (H4)<\/h4>\n<p>Este \u00faltimo no tiene m\u00e1s de un pie de alto y unos siete pasos de ancho, una simple cima plana de una roca gris que humea como brasas calientes despu\u00e9s de una lluvia, y donde ning\u00fan hombre se atrever\u00eda a aventurar una planta desnuda antes del atardecer. En la Peque\u00f1a Isabel, una vieja palmera andrajosa, de tronco grueso y abultado, \u00e1spera de espinas, muy bruja entre las palmeras, susurra un l\u00fagubre manojo de hojas muertas sobre la arena gruesa.<\/p>\n<h5>R\u00fabrica 5 (H5)<\/h5>\n<p>Este \u00faltimo no tiene m\u00e1s de un pie de alto y unos siete pasos de ancho, una simple cima plana de una roca gris que humea como brasas calientes despu\u00e9s de una lluvia, y donde ning\u00fan hombre se atrever\u00eda a aventurar una planta desnuda antes del atardecer. En la Peque\u00f1a Isabel, una vieja palmera andrajosa, de tronco grueso y abultado, \u00e1spera de espinas, muy bruja entre las palmeras, susurra un l\u00fagubre manojo de hojas muertas sobre la arena gruesa.<\/p>\n<h6>R\u00fabrica 6 (H6)<\/h6>\n<p>Este \u00faltimo no tiene m\u00e1s de un pie de alto y unos siete pasos de ancho, una simple cima plana de una roca gris que humea como brasas calientes despu\u00e9s de una lluvia, y donde ning\u00fan hombre se atrever\u00eda a aventurar una planta desnuda antes del atardecer. En la Peque\u00f1a Isabel, una vieja palmera andrajosa, de tronco grueso y abultado, \u00e1spera de espinas, muy bruja entre las palmeras, susurra un l\u00fagubre manojo de hojas muertas sobre la arena gruesa.<\/p>\n<h2>Citas en bloque<\/h2>\n<p>Cita en bloque de una sola l\u00ednea:<\/p>\n<blockquote><p>Quedarse con hambre. Sigue siendo tonto.<\/p><\/blockquote>\n<p>Cita en bloque de varias l\u00edneas con una referencia de cita:<\/p>\n<blockquote cite=\"https:\/\/developer.mozilla.org\/en-US\/docs\/Web\/HTML\/Element\/blockquote\"><p>El <strong>HTML <code><blockquote><\/code> Elemento<\/strong> (o <em>Elemento de cita de bloque HTML<\/em>) indica que el texto adjunto es una cita ampliada. Por lo general, esto se representa visualmente mediante sangr\u00eda (ver <a href=\"https:\/\/developer.mozilla.org\/en-US\/docs\/HTML\/Element\/blockquote#Notes\" target=\"_blank\" rel=\"noopener\">Notas<\/a> para saber c\u00f3mo cambiarlo). Se puede proporcionar una URL para la fuente de la cita utilizando el <strong>citar<\/strong> atributo, mientras que se puede proporcionar una representaci\u00f3n textual de la fuente utilizando el <a title=\"El elemento de cita HTML &lt;cite&gt;representa una referencia a un trabajo creativo. Debe incluir el t\u00edtulo de una obra o una referencia URL, que puede estar en forma abreviada de acuerdo con las convenciones utilizadas para la adici\u00f3n de metadatos de citas.&lt;\/cite&gt;\" href=\"https:\/\/developer.mozilla.org\/en-US\/docs\/Web\/HTML\/Element\/cite\" target=\"_blank\" rel=\"noopener\"><code><cite><\/code><\/a> elemento.<\/p><\/blockquote>\n<p><cite>m\u00faltiples contribuyentes<\/cite> \u2013 Referencia del elemento HTML de MDN \u2013 cita en bloque<\/p>\n<h2>Mesas<\/h2>\n<table>\n<thead>\n<tr>\n<th>Empleado<\/th>\n<th>Salario<\/th>\n<th><\/th>\n<\/tr>\n<\/thead>\n<tbody>\n<tr>\n<th><a href=\"http:\/\/example.org\/\" target=\"_blank\" rel=\"noopener\">Juan P\u00e9rez<\/a><\/th>\n<td>$1<\/td>\n<td>Porque eso es todo lo que Steve Jobs necesitaba para ganar un salario.<\/td>\n<\/tr>\n<tr>\n<th><a href=\"http:\/\/example.org\/\" target=\"_blank\" rel=\"noopener\">fulano de tal<\/a><\/th>\n<td>$100K<\/td>\n<td>Por todos los blogs que hace.<\/td>\n<\/tr>\n<tr>\n<th><a href=\"http:\/\/example.org\/\" target=\"_blank\" rel=\"noopener\">Fred Blogs<\/a><\/th>\n<td>$100M<\/td>\n<td>Las im\u00e1genes valen m\u00e1s que mil palabras, \u00bfverdad? Entonces Jane x 1000.<\/td>\n<\/tr>\n<tr>\n<th><a href=\"http:\/\/example.org\/\" target=\"_blank\" rel=\"noopener\">Jane Blogs<\/a><\/th>\n<td>$100B<\/td>\n<td>\u00a1\u00bfCon el pelo as\u00ed?! Basta de charla\u2026<\/td>\n<\/tr>\n<\/tbody>\n<\/table>\n<h2>Listas de definiciones<\/h2>\n<dl>\n<dt>T\u00edtulo de la lista de definiciones<\/dt>\n<dd>Divisi\u00f3n de la lista de definiciones.<\/dd>\n<dt>Puesta en marcha<\/dt>\n<dd>Una startup o startup es una empresa u organizaci\u00f3n temporal dise\u00f1ada para buscar un modelo de negocio repetible y escalable.<\/dd>\n<dt>#dowork<\/dt>\n<dd>Acu\u00f1ado por Rob Dyrdek y su guardaespaldas personal Christopher \u201cBig Black\u201d Boykins, \u201cDo Work\u201d funciona como un auto motivador para motivar a tus amigos.<\/dd>\n<dt>Hazlo en vivo<\/dt>\n<dd>Dejar\u00e9 que Bill O&#039;Reilly lo haga <a title=\"Lo haremos en vivo\" href=\"https:\/\/www.youtube.com\/watch?v=O_HyZ5aW76c\" target=\"_blank\" rel=\"noopener\">explicar<\/a> \u00c9ste.<\/dd>\n<\/dl>\n<h2>Listas desordenadas (anidadas)<\/h2>\n<ul>\n<li>Listar elemento uno\n<ul>\n<li>Listar elemento uno\n<ul>\n<li>Listar elemento uno<\/li>\n<li>Enumere el elemento dos<\/li>\n<li>Enumere el elemento tres<\/li>\n<li>Enumere el punto cuatro<\/li>\n<\/ul>\n<\/li>\n<li>Enumere el elemento dos<\/li>\n<li>Enumere el elemento tres<\/li>\n<li>Enumere el punto cuatro<\/li>\n<\/ul>\n<\/li>\n<li>Enumere el elemento dos<\/li>\n<li>Enumere el elemento tres<\/li>\n<li>Enumere el punto cuatro<\/li>\n<\/ul>\n<h2>Lista ordenada (anidada)<\/h2>\n<ol start=\"8\">\n<li>Lista del elemento uno: comienza en 8\n<ol>\n<li>Listar elemento uno\n<ol reversed=\"reversed\">\n<li>Elemento de lista uno: atributo invertido<\/li>\n<li>Enumere el elemento dos<\/li>\n<li>Enumere el elemento tres<\/li>\n<li>Enumere el punto cuatro<\/li>\n<\/ol>\n<\/li>\n<li>Enumere el elemento dos<\/li>\n<li>Enumere el elemento tres<\/li>\n<li>Enumere el punto cuatro<\/li>\n<\/ol>\n<\/li>\n<li>Enumere el elemento dos<\/li>\n<li>Enumere el elemento tres<\/li>\n<li>Enumere el punto cuatro<\/li>\n<\/ol>\n<h2>Etiquetas HTML<\/h2>\n<p>Estas etiquetas admitidas provienen del c\u00f3digo de WordPress.com <a title=\"C\u00f3digo\" href=\"https:\/\/en.support.wordpress.com\/code\/\" target=\"_blank\" rel=\"noopener\">Preguntas m\u00e1s frecuentes<\/a>.<\/p>\n<p><strong>Etiqueta de direcci\u00f3n<\/strong><\/p>\n<address>1 bucle infinito<br \/>\nCupertino, CA 95014<br \/>\nEstados Unidos<\/address>\n<p><strong>Etiqueta de anclaje (tambi\u00e9n conocida como enlace)<\/strong><\/p>\n<p>\u00c9ste es un ejemplo de un <a title=\"Fundaci\u00f3n WordPress\" href=\"https:\/\/wordpressfoundation.org\/\" target=\"_blank\" rel=\"noopener\">enlace<\/a>.<\/p>\n<p><strong>Etiqueta de abreviatura<\/strong><\/p>\n<p>La abreviatura <abbr title=\"En serio\">srsly<\/abbr> significa &quot;en serio&quot;.<\/p>\n<p><strong>Etiqueta de acr\u00f3nimo (<em>obsoleto en HTML5<\/em>)<\/strong><\/p>\n<p>El acr\u00f3nimo <acronym title=\"Por la victoria\">ftw<\/acronym> significa &quot;para ganar&quot;.<\/p>\n<p><strong>etiqueta grande<\/strong> (<em>obsoleto en HTML5<\/em>)<\/p>\n<p>Estas pruebas son una <big>grande<\/big> trato, pero esta etiqueta ya no es compatible con HTML5.<\/p>\n<p><strong>Etiqueta de cita<\/strong><\/p>\n<p>&quot;El c\u00f3digo es poes\u00eda&quot;. \u2014<cite>Autom\u00e1tico<\/cite><\/p>\n<p><strong>Etiqueta de c\u00f3digo<\/strong><\/p>\n<p>Esta etiqueta dise\u00f1a bloques de c\u00f3digo.<br \/>\n<code>.t\u00edtulo de la entrada {<br \/>\nmargen: 0 0 5px;<br \/>\npeso de fuente: negrita;<br \/>\ntama\u00f1o de fuente: 38px;<br \/>\naltura de l\u00ednea: 1,2;<br \/>\ny aqu\u00ed hay una l\u00ednea de un texto muy, muy, muy, muy largo, s\u00f3lo para ver c\u00f3mo se maneja y descubrir c\u00f3mo se desborda;<br \/>\n}<\/code><br \/>\nM\u00e1s adelante aprender\u00e1 en estas pruebas que ajuste de palabras: ruptura de palabras ser\u00e1 su mejor amigo.<\/p>\n<p><strong>Eliminar etiqueta<\/strong><\/p>\n<p>Esta etiqueta te permitir\u00e1 <del>tachar el texto<\/del>, pero esta etiqueta es <em>recomendado<\/em> compatible con HTML5 (use el <code><s><\/code> en cambio).<\/p>\n<p><strong>Enfatizar etiqueta<\/strong><\/p>\n<p>La etiqueta de \u00e9nfasis debe <em>escribir en cursiva<\/em> <i>texto<\/i>.<\/p>\n<p><strong>Etiqueta de regla horizontal<\/strong><\/p>\n<hr \/>\n<p>Esta frase sigue una <code>&lt;hr \/&gt;<\/code> etiqueta.<\/p>\n<p><strong>Insertar etiqueta<\/strong><\/p>\n<p>Esta etiqueta debe indicar <ins cite=\"inserted it\">insertado<\/ins> texto.<\/p>\n<p><strong>Etiqueta de teclado<\/strong><\/p>\n<p>Esta etiqueta poco conocida emula <kbd>texto del teclado<\/kbd>, que generalmente tiene el estilo de <code><code><\/code> etiqueta.<\/p>\n<p><strong>Etiqueta preformateada<\/strong><\/p>\n<p>Esta etiqueta sirve para preservar los espacios en blanco tal como se escriben, como en la poes\u00eda o el arte ASCII.<\/p>\n<h2>El camino no tomado<\/h2>\n<pre><cite>\r\nRoberto Frost<\/cite>\r\n\r\n\r\n  Dos caminos se bifurcaban en un bosque amarillo, y lo siento, no pude viajar ambos (_\/) y ser un solo viajero, por mucho tiempo estuve de pie (=&#039;.&#039;=) y mir\u00e9 hacia abajo lo m\u00e1s que pude (&quot;)_() hacia donde se inclinaba entre la maleza; Luego tom\u00f3 el otro, igual de justo, y que quiz\u00e1s ten\u00eda el mejor derecho, |_\/| Porque estaba cubierto de hierba y necesitaba desgaste; \/ @ @ Aunque en cuanto a eso el paso all\u00ed ( &gt; \u00ba &lt; ) Los hab\u00eda usado realmente m\u00e1s o menos igual, `&gt;&gt;x&lt;&lt;\u00b4 \/ O Y ambos esa ma\u00f1ana yac\u00edan igualmente En hojas que ning\u00fan paso hab\u00eda pisado negro. \u00a1Ah, me qued\u00e9 con el primero para otro d\u00eda! Sin embargo, sabiendo que el camino lleva al camino, dudaba si alguna vez regresar\u00eda. Estar\u00e9 contando esto con un suspiro En alg\u00fan lugar dentro de siglos y siglos: Dos caminos se bifurcaban en un bosque, y yo... tom\u00e9 el menos transitado, Y eso ha marcado toda la diferencia. y aqu\u00ed hay una l\u00ednea de un texto muy, muy, muy, muy largo, s\u00f3lo para ver c\u00f3mo se maneja y descubrir c\u00f3mo se desborda;<\/pre>\n<p><strong>Etiqueta de cotizaci\u00f3n<\/strong> para cotizaciones breves en l\u00ednea<\/p>\n<p><q>Desarrolladores, desarrolladores, desarrolladores\u2026<\/q> \u2013Steve Ballmer<\/p>\n<p><strong>Etiqueta de huelga<\/strong> (<em>obsoleto en HTML5<\/em>) y <strong>Etiqueta S<\/strong><\/p>\n<p>Esta etiqueta muestra <span style=\"text-decoration: line-through;\">tachado<\/span> <s>texto<\/s>.<\/p>\n<p><strong>Etiqueta peque\u00f1a<\/strong><\/p>\n<p>Esta etiqueta muestra <small>menor<small> texto.<\/small><\/small><\/p>\n<p><strong>Etiqueta fuerte<\/strong><\/p>\n<p>Esta etiqueta muestra <strong>texto en negrita.<\/strong><\/p>\n<p><strong>Etiqueta de sub\u00edndice<\/strong><\/p>\n<p>Poniendo nuestro estilo cient\u00edfico con H<sub>2<\/sub>O, lo que deber\u00eda empujar el \u201c2\u201d hacia abajo.<\/p>\n<p><strong>Etiqueta de super\u00edndice<\/strong><\/p>\n<p>Sigo apeg\u00e1ndome a la ciencia y a la E = MC de Albert Einstein<sup>2<\/sup>, lo que deber\u00eda levantar el 2.<\/p>\n<p><strong>Etiqueta de teletipo <\/strong>(<em>obsoleto en HTML5<\/em>)<\/p>\n<p>Esta etiqueta poco utilizada emula <tt>texto de teletipo<\/tt>, que generalmente tiene el estilo de <code><code><\/code> etiqueta.<\/p>\n<p><strong>Etiqueta subrayada<\/strong> <em>obsoleto en HTML 4, reintroducido en HTML5 con otra sem\u00e1ntica<\/em><\/p>\n<p>Esta etiqueta muestra <u>texto subrayado<\/u>.<\/p>\n<p><strong>Etiqueta variable<\/strong><\/p>\n<p>Esto le permite denotar <var>variables<\/var>.<\/p>\n<h2>Iluminaci\u00f3n de imagen<\/h2>\n<h4>Imagen de alineaci\u00f3n central<\/h4>\n<p>Lorem ipsum dolor sit amet, consectetur adipiscing elit. Donec posuere augue quam. Proin ligula ligula, rutrum ut consectetur id, tincidunt sit amet ipsum.<\/p>\n<p><img fetchpriority=\"high\" decoding=\"async\" class=\"aligncenter size-large wp-image-39\" src=\"https:\/\/themes.getmotopress.com\/ciestra\/wp-content\/uploads\/sites\/21\/2018\/08\/triple_room_01-1024x728.jpg\" alt=\"\" width=\"746\" height=\"530\" srcset=\"https:\/\/rethymno.villas\/wp-content\/uploads\/triple_room_01-1024x728.jpg 1024w, https:\/\/rethymno.villas\/wp-content\/uploads\/triple_room_01-300x213.jpg 300w, https:\/\/rethymno.villas\/wp-content\/uploads\/triple_room_01-768x546.jpg 768w, https:\/\/rethymno.villas\/wp-content\/uploads\/triple_room_01-1536x1092.jpg 1536w, https:\/\/rethymno.villas\/wp-content\/uploads\/triple_room_01-891x633.jpg 891w, https:\/\/rethymno.villas\/wp-content\/uploads\/triple_room_01-235x167.jpg 235w, https:\/\/rethymno.villas\/wp-content\/uploads\/triple_room_01.jpg 1600w\" sizes=\"(max-width: 746px) 100vw, 746px\" \/>In sed porta lectus, auctor bibendum est. Mauris tempor fermentum nisl vel imperdiet. Donec consequat sapien ac nisl pellentesque, eget condimentum felis rhoncus.<\/p>\n<h4>Imagen de alineaci\u00f3n izquierda<\/h4>\n<p><img decoding=\"async\" class=\"alignleft wp-image-25 size-medium\" src=\"https:\/\/themes.getmotopress.com\/ciestra\/wp-content\/uploads\/sites\/21\/2018\/08\/03_conference_rom-300x233.jpg\" alt=\"\" width=\"300\" height=\"233\" \/>Lorem ipsum dolor sit amet, consectetur adipiscing elit. Donec posuere augue quam. Proin ligula ligula, rutrum ut consectetur id, tincidunt sit amet ipsum. Proin magna dolor, fringilla non malesuada vitae, suscipit at est. Pellentesque ex orci, fringilla in viverra eu, interdum at eros. Vivamus en scelerisque est.<\/p>\n<p>Quisque in justo ultrices, efficitur lorem quis, pharetra mauris. Vestibulum ante ipsum primis in faucibus orci luctus et ultrices posuere cubilia. Nunc ultricies nisl sollicitudin, maximus lacus bibendum, pharetra eros. En sed nibh arcu. Mauris in orci a neque posuere fermentum. Aliquam eu accumsan nulla. Phasellus tincidunt tristique arcus sed tempus. Praesent id lorem nec turpis porttitor semper. Quisque nec ligula erat. Pellentesque eu gravida lacus.<\/p>\n<p>Aliquam eu accumsan nulla. Phasellus tincidunt tristique arcus sed tempus. Praesent id Quisque interdum luctus est, ut consequat felis. Sed sagittis ipsum scelerisque, dictum nibh id, posuere augue. Entero facilisis aliquet elit, a egetas quam cursus quis. En mattis volutpat arcu. Vestibulum blandit purus sed nisi elementum.<\/p>\n<h4>Imagen de alineaci\u00f3n derecha<\/h4>\n<p><img decoding=\"async\" class=\"alignright wp-image-23 size-medium\" src=\"https:\/\/themes.getmotopress.com\/ciestra\/wp-content\/uploads\/sites\/21\/2018\/08\/04_home_theather-300x233.jpg\" alt=\"\" width=\"300\" height=\"233\" \/>Lorem ipsum dolor sit amet, consectetur adipiscing elit. Donec posuere augue quam. Proin ligula ligula, rutrum ut consectetur id, tincidunt sit amet ipsum. Proin magna dolor, fringilla non malesuada vitae, suscipit at est. Pellentesque ex orci, fringilla in viverra eu, interdum at eros. Vivamus en scelerisque est.<\/p>\n<p>Quisque in justo ultrices, efficitur lorem quis, pharetra mauris. Vestibulum ante ipsum primis in faucibus orci luctus et ultrices posuere cubilia. Nunc ultricies nisl sollicitudin, maximus lacus bibendum, pharetra eros. En sed nibh arcu. Mauris in orci a neque posuere fermentum. Aliquam eu accumsan nulla. Phasellus tincidunt tristique arcus sed tempus. Praesent id lorem nec turpis porttitor semper. Quisque nec ligula erat. Pellentesque eu gravida lacus.<\/p>\n<p>Aliquam eu accumsan nulla. Phasellus tincidunt tristique arcus sed tempus. Praesent id Quisque interdum luctus est, ut consequat felis. Sed sagittis ipsum scelerisque, dictum nibh id, posuere augue. Entero facilisis aliquet elit, a egetas quam cursus quis. En mattis volutpat arcu. Vestibulum blandit purus sed nisi elementum.<\/p>\n<h4>Imagen de 150 \u00d7 150, alineada a la izquierda<\/h4>\n<p><img loading=\"lazy\" decoding=\"async\" class=\"size-thumbnail wp-image-29 alignleft\" src=\"https:\/\/themes.getmotopress.com\/ciestra\/wp-content\/uploads\/sites\/21\/2018\/08\/01_restaurant-150x150.jpg\" alt=\"\" width=\"150\" height=\"150\" \/>Lorem ipsum dolor sit amet, consectetur adipiscing elit. Donec posuere augue quam. Proin ligula ligula, rutrum ut consectetur id, tincidunt sit amet ipsum. Proin magna dolor, fringilla non malesuada vitae, suscipit at est. Pellentesque ex orci, fringilla in viverra eu, interdum at eros. Vivamus en scelerisque est.<\/p>\n<p>Quisque in justo ultrices, efficitur lorem quis, pharetra mauris. Vestibulum ante ipsum primis in faucibus orci luctus et ultrices posuere cubilia. Nunc ultricies nisl sollicitudin, maximus lacus bibendum, pharetra eros. En sed nibh arcu. Mauris in orci a neque posuere fermentum. Aliquam eu accumsan nulla. Phasellus tincidunt tristique arcus sed tempus. Praesent id lorem nec turpis porttitor semper. Quisque nec ligula erat. Pellentesque eu gravida lacus.<\/p>\n<p>Aliquam eu accumsan nulla. Phasellus tincidunt tristique arcus sed tempus. Praesent id Quisque interdum luctus est, ut consequat felis. Sed sagittis ipsum scelerisque, dictum nibh id, posuere augue. Entero facilisis aliquet elit, a egetas quam cursus quis. En mattis volutpat arcu. Vestibulum blandit purus sed nisi elementum.<\/p>\n<h4>Imagen grande<\/h4>\n<p>Lorem ipsum dolor sit amet, consectetur adipiscing elit. Donec posuere augue quam. Proin ligula ligula, rutrum ut consectetur id, tincidunt sit amet ipsum.<\/p>\n<figure id=\"attachment_36\" aria-describedby=\"caption-attachment-36\" style=\"width: 1600px\" class=\"wp-caption aligncenter\"><img loading=\"lazy\" decoding=\"async\" class=\"wp-image-36 size-full\" src=\"https:\/\/rethymno.villas\/wp-content\/uploads\/surf_lesson.jpg\" alt=\"\" width=\"1600\" height=\"1067\" srcset=\"https:\/\/rethymno.villas\/wp-content\/uploads\/surf_lesson.jpg 1600w, https:\/\/rethymno.villas\/wp-content\/uploads\/surf_lesson-300x200.jpg 300w, https:\/\/rethymno.villas\/wp-content\/uploads\/surf_lesson-1024x683.jpg 1024w, https:\/\/rethymno.villas\/wp-content\/uploads\/surf_lesson-768x512.jpg 768w, https:\/\/rethymno.villas\/wp-content\/uploads\/surf_lesson-1536x1024.jpg 1536w, https:\/\/rethymno.villas\/wp-content\/uploads\/surf_lesson-891x594.jpg 891w\" sizes=\"(max-width: 1600px) 100vw, 1600px\" \/><figcaption id=\"caption-attachment-36\" class=\"wp-caption-text\">clases de surf<\/figcaption><\/figure>\n<p>In sed porta lectus, auctor bibendum est. Mauris tempor fermentum nisl vel imperdiet. Donec consequat sapien ac nisl pellentesque, eget condimentum felis rhoncus.<\/p>","protected":false},"excerpt":{"rendered":"<p>Este \u00faltimo no tiene m\u00e1s de un pie de alto y unos siete pasos de ancho, una simple cima plana de una roca gris que humea como brasas calientes despu\u00e9s de una lluvia, y donde ning\u00fan hombre se atrever\u00eda a aventurar una planta desnuda antes del atardecer. Sobre la Peque\u00f1a Isabel una palma vieja y andrajosa, con una gruesa [\u2026]<\/p>","protected":false},"author":1,"featured_media":0,"parent":0,"menu_order":0,"comment_status":"closed","ping_status":"closed","template":"","meta":{"inline_featured_image":false,"footnotes":""},"class_list":["post-80","page","type-page","status-publish","hentry"],"_links":{"self":[{"href":"https:\/\/rethymno.villas\/es\/wp-json\/wp\/v2\/pages\/80","targetHints":{"allow":["GET"]}}],"collection":[{"href":"https:\/\/rethymno.villas\/es\/wp-json\/wp\/v2\/pages"}],"about":[{"href":"https:\/\/rethymno.villas\/es\/wp-json\/wp\/v2\/types\/page"}],"author":[{"embeddable":true,"href":"https:\/\/rethymno.villas\/es\/wp-json\/wp\/v2\/users\/1"}],"replies":[{"embeddable":true,"href":"https:\/\/rethymno.villas\/es\/wp-json\/wp\/v2\/comments?post=80"}],"version-history":[{"count":0,"href":"https:\/\/rethymno.villas\/es\/wp-json\/wp\/v2\/pages\/80\/revisions"}],"wp:attachment":[{"href":"https:\/\/rethymno.villas\/es\/wp-json\/wp\/v2\/media?parent=80"}],"curies":[{"name":"Gracias","href":"https:\/\/api.w.org\/{rel}","templated":true}]}}