{"id":80,"date":"2018-08-13T10:01:27","date_gmt":"2018-08-13T10:01:27","guid":{"rendered":"https:\/\/themes.getmotopress.com\/ciestra\/?page_id=80"},"modified":"2023-09-26T03:53:34","modified_gmt":"2023-09-26T00:53:34","slug":"typografia","status":"publish","type":"page","link":"https:\/\/rethymno.villas\/fi\/typografia\/","title":{"rendered":"Typografia"},"content":{"rendered":"<p>Tuo viimeinen on korkeintaan jalkaa korkea ja noin seitsem\u00e4n askelta leve\u00e4, pelkk\u00e4 litte\u00e4 harmaan kiven latva, joka savuaa kuin kuuma tuhka suihkun j\u00e4lkeen ja jossa kukaan ei v\u00e4lit\u00e4 uskaltautua paljaalle pohjalle ennen auringonlaskua. Pikku Isabelilla vanha repaleinen k\u00e4mmen, jossa on paksu, pullistuva runko, jossa on karkea piikit, hyvin noita palmujen keskell\u00e4, kahisee synkk\u00e4\u00e4 kuolleita lehti\u00e4 karkean hiekan yl\u00e4puolella.<\/p>\n<h1>Otsikko 1 (H1)<\/h1>\n<p>Tuo viimeinen on korkeintaan jalkaa korkea ja noin seitsem\u00e4n askelta leve\u00e4, pelkk\u00e4 litte\u00e4 harmaan kiven latva, joka savuaa kuin kuuma tuhka suihkun j\u00e4lkeen ja jossa kukaan ei v\u00e4lit\u00e4 uskaltautua paljaalle pohjalle ennen auringonlaskua. Pikku Isabelilla vanha repaleinen k\u00e4mmen, jossa on paksu, pullistuva runko, jossa on karkea piikit, hyvin noita palmujen keskell\u00e4, kahisee synkk\u00e4\u00e4 kuolleita lehti\u00e4 karkean hiekan yl\u00e4puolella.<\/p>\n<h2>Otsikko 2 (H2)<\/h2>\n<p>Tuo viimeinen on korkeintaan jalkaa korkea ja noin seitsem\u00e4n askelta leve\u00e4, pelkk\u00e4 litte\u00e4 harmaan kiven latva, joka savuaa kuin kuuma tuhka suihkun j\u00e4lkeen ja jossa kukaan ei v\u00e4lit\u00e4 uskaltautua paljaalle pohjalle ennen auringonlaskua. Pikku Isabelilla vanha repaleinen k\u00e4mmen, jossa on paksu, pullistuva runko, jossa on karkea piikit, hyvin noita palmujen keskell\u00e4, kahisee synkk\u00e4\u00e4 kuolleita lehti\u00e4 karkean hiekan yl\u00e4puolella.<\/p>\n<h3>Otsikko 3 (H3)<\/h3>\n<p>Tuo viimeinen on korkeintaan jalkaa korkea ja noin seitsem\u00e4n askelta leve\u00e4, pelkk\u00e4 litte\u00e4 harmaan kiven latva, joka savuaa kuin kuuma tuhka suihkun j\u00e4lkeen ja jossa kukaan ei v\u00e4lit\u00e4 uskaltautua paljaalle pohjalle ennen auringonlaskua. Pikku Isabelilla vanha repaleinen k\u00e4mmen, jossa on paksu, pullistuva runko, jossa on karkea piikit, hyvin noita palmujen keskell\u00e4, kahisee synkk\u00e4\u00e4 kuolleita lehti\u00e4 karkean hiekan yl\u00e4puolella.<\/p>\n<h4>Otsikko 4 (H4)<\/h4>\n<p>Tuo viimeinen on korkeintaan jalkaa korkea ja noin seitsem\u00e4n askelta leve\u00e4, pelkk\u00e4 litte\u00e4 harmaan kiven latva, joka savuaa kuin kuuma tuhka suihkun j\u00e4lkeen ja jossa kukaan ei v\u00e4lit\u00e4 uskaltautua paljaalle pohjalle ennen auringonlaskua. Pikku Isabelilla vanha repaleinen k\u00e4mmen, jossa on paksu, pullistuva runko, jossa on karkea piikit, hyvin noita palmujen keskell\u00e4, kahisee synkk\u00e4\u00e4 kuolleita lehti\u00e4 karkean hiekan yl\u00e4puolella.<\/p>\n<h5>Otsikko 5 (H5)<\/h5>\n<p>Tuo viimeinen on korkeintaan jalkaa korkea ja noin seitsem\u00e4n askelta leve\u00e4, pelkk\u00e4 litte\u00e4 harmaan kiven latva, joka savuaa kuin kuuma tuhka suihkun j\u00e4lkeen ja jossa kukaan ei v\u00e4lit\u00e4 uskaltautua paljaalle pohjalle ennen auringonlaskua. Pikku Isabelilla vanha repaleinen k\u00e4mmen, jossa on paksu, pullistuva runko, jossa on karkea piikit, hyvin noita palmujen keskell\u00e4, kahisee synkk\u00e4\u00e4 kuolleita lehti\u00e4 karkean hiekan yl\u00e4puolella.<\/p>\n<h6>Otsikko 6 (H6)<\/h6>\n<p>Tuo viimeinen on korkeintaan jalkaa korkea ja noin seitsem\u00e4n askelta leve\u00e4, pelkk\u00e4 litte\u00e4 harmaan kiven latva, joka savuaa kuin kuuma tuhka suihkun j\u00e4lkeen ja jossa kukaan ei v\u00e4lit\u00e4 uskaltautua paljaalle pohjalle ennen auringonlaskua. Pikku Isabelilla vanha repaleinen k\u00e4mmen, jossa on paksu, pullistuva runko, jossa on karkea piikit, hyvin noita palmujen keskell\u00e4, kahisee synkk\u00e4\u00e4 kuolleita lehti\u00e4 karkean hiekan yl\u00e4puolella.<\/p>\n<h2>Lohkolainaukset<\/h2>\n<p>Yhden rivin lohkolainaus:<\/p>\n<blockquote><p>Pysy n\u00e4lk\u00e4isen\u00e4. Pysy hassuna.<\/p><\/blockquote>\n<p>Monirivinen lohkolainaus lainausviitteell\u00e4:<\/p>\n<blockquote cite=\"https:\/\/developer.mozilla.org\/en-US\/docs\/Web\/HTML\/Element\/blockquote\"><p>The <strong>HTML <code><blockquote><\/code> Elementti<\/strong> (tai <em>HTML Block lainauselementti<\/em>) osoittaa, ett\u00e4 oheinen teksti on laajennettu lainaus. Yleens\u00e4 t\u00e4m\u00e4 esitet\u00e4\u00e4n visuaalisesti sisennyksen avulla (katso <a href=\"https:\/\/developer.mozilla.org\/en-US\/docs\/HTML\/Element\/blockquote#Notes\" target=\"_blank\" rel=\"noopener\">Huomautuksia<\/a> miten se vaihdetaan). Lainauksen l\u00e4hteen URL-osoite voidaan antaa k\u00e4ytt\u00e4m\u00e4ll\u00e4 <strong>lainata<\/strong> attribuutti, kun taas l\u00e4hteen tekstiesitys voidaan antaa k\u00e4ytt\u00e4m\u00e4ll\u00e4 <a title=\"HTML-viiteelementti &lt;cite&gt;edustaa viittausta luovaan ty\u00f6h\u00f6n. Sen tulee sis\u00e4lt\u00e4\u00e4 teoksen nimi tai URL-viittaus, joka voi olla lyhennettyn\u00e4 sitaatin metatietojen lis\u00e4\u00e4miseen k\u00e4ytettyjen k\u00e4yt\u00e4nt\u00f6jen mukaisesti.&lt;\/cite&gt;\" href=\"https:\/\/developer.mozilla.org\/en-US\/docs\/Web\/HTML\/Element\/cite\" target=\"_blank\" rel=\"noopener\"><code><cite><\/code><\/a> elementti.<\/p><\/blockquote>\n<p><cite>useita avustajia<\/cite> \u2013 MDN HTML-elementin viittaus \u2013 blockquote<\/p>\n<h2>Taulukot<\/h2>\n<table>\n<thead>\n<tr>\n<th>Ty\u00f6ntekij\u00e4<\/th>\n<th>Palkka<\/th>\n<th><\/th>\n<\/tr>\n<\/thead>\n<tbody>\n<tr>\n<th><a href=\"http:\/\/example.org\/\" target=\"_blank\" rel=\"noopener\">John Doe<\/a><\/th>\n<td>$1<\/td>\n<td>Koska se on kaikki mit\u00e4 Steve Jobs tarvitsee palkkaansa varten.<\/td>\n<\/tr>\n<tr>\n<th><a href=\"http:\/\/example.org\/\" target=\"_blank\" rel=\"noopener\">Jane Doe<\/a><\/th>\n<td>$100K<\/td>\n<td>Kaikesta h\u00e4nen tekem\u00e4st\u00e4\u00e4n blogista.<\/td>\n<\/tr>\n<tr>\n<th><a href=\"http:\/\/example.org\/\" target=\"_blank\" rel=\"noopener\">Fred Bloggs<\/a><\/th>\n<td>$100M<\/td>\n<td>Kuvat ovat tuhannen sanan arvoisia, eik\u00f6 niin? Joten Jane x 1000.<\/td>\n<\/tr>\n<tr>\n<th><a href=\"http:\/\/example.org\/\" target=\"_blank\" rel=\"noopener\">Jane Bloggs<\/a><\/th>\n<td>$100B<\/td>\n<td>sellaisilla hiuksilla?! Tarpeeksi sanottu\u2026<\/td>\n<\/tr>\n<\/tbody>\n<\/table>\n<h2>M\u00e4\u00e4ritelm\u00e4luettelot<\/h2>\n<dl>\n<dt>M\u00e4\u00e4ritelm\u00e4luettelon otsikko<\/dt>\n<dd>M\u00e4\u00e4ritelm\u00e4luettelon jako.<\/dd>\n<dt>Aloittaa<\/dt>\n<dd>Startup-yritys tai startup on yritys tai tilap\u00e4inen organisaatio, joka on suunniteltu etsim\u00e4\u00e4n toistettavaa ja skaalautuvaa liiketoimintamallia.<\/dd>\n<dt>#ty\u00f6<\/dt>\n<dd>Rob Dyrdekin ja h\u00e4nen henkil\u00f6kohtaisen ruumiinvartijansa Christopher \u201cBig Black\u201d Boykinsin luoma \u201dDo Work\u201d toimii itsemotivaattorina, joka motivoi yst\u00e4vi\u00e4si.<\/dd>\n<dt>Tee se liven\u00e4<\/dt>\n<dd>Annan Bill O&#039;Reillyn tehd\u00e4 sen <a title=\"Teemme sen liven\u00e4\" href=\"https:\/\/www.youtube.com\/watch?v=O_HyZ5aW76c\" target=\"_blank\" rel=\"noopener\">selitt\u00e4\u00e4<\/a> T\u00e4m\u00e4.<\/dd>\n<\/dl>\n<h2>J\u00e4rjest\u00e4m\u00e4tt\u00f6m\u00e4t luettelot (sis\u00e4kk\u00e4iset)<\/h2>\n<ul>\n<li>Listaa kohde yksi\n<ul>\n<li>Listaa kohde yksi\n<ul>\n<li>Listaa kohde yksi<\/li>\n<li>Listaa kohde kaksi<\/li>\n<li>Listaa kohta kolme<\/li>\n<li>Listaa kohta nelj\u00e4<\/li>\n<\/ul>\n<\/li>\n<li>Listaa kohde kaksi<\/li>\n<li>Listaa kohta kolme<\/li>\n<li>Listaa kohta nelj\u00e4<\/li>\n<\/ul>\n<\/li>\n<li>Listaa kohde kaksi<\/li>\n<li>Listaa kohta kolme<\/li>\n<li>Listaa kohta nelj\u00e4<\/li>\n<\/ul>\n<h2>Tilattu luettelo (sis\u00e4kk\u00e4inen)<\/h2>\n<ol start=\"8\">\n<li>Luettelokohde yksi - alkaa 8\n<ol>\n<li>Listaa kohde yksi\n<ol reversed=\"reversed\">\n<li>Luettelokohde yksi -k\u00e4\u00e4nteinen attribuutti<\/li>\n<li>Listaa kohde kaksi<\/li>\n<li>Listaa kohta kolme<\/li>\n<li>Listaa kohta nelj\u00e4<\/li>\n<\/ol>\n<\/li>\n<li>Listaa kohde kaksi<\/li>\n<li>Listaa kohta kolme<\/li>\n<li>Listaa kohta nelj\u00e4<\/li>\n<\/ol>\n<\/li>\n<li>Listaa kohde kaksi<\/li>\n<li>Listaa kohta kolme<\/li>\n<li>Listaa kohta nelj\u00e4<\/li>\n<\/ol>\n<h2>HTML-tunnisteet<\/h2>\n<p>N\u00e4m\u00e4 tuetut tagit tulevat WordPress.com-koodista <a title=\"Koodi\" href=\"https:\/\/en.support.wordpress.com\/code\/\" target=\"_blank\" rel=\"noopener\">FAQ<\/a>.<\/p>\n<p><strong>Osoitemerkki<\/strong><\/p>\n<address>1 Infinite Loop<br \/>\nCupertino, CA 95014<br \/>\nYhdysvallat<\/address>\n<p><strong>Ankkuritunniste (alias linkki)<\/strong><\/p>\n<p>T\u00e4m\u00e4 on esimerkki a <a title=\"WordPress Foundation\" href=\"https:\/\/wordpressfoundation.org\/\" target=\"_blank\" rel=\"noopener\">linkki<\/a>.<\/p>\n<p><strong>Lyhenne Tag<\/strong><\/p>\n<p>Lyhenne <abbr title=\"Vakavasti\">srsly<\/abbr> tarkoittaa &quot;vakavasti&quot;.<\/p>\n<p><strong>Lyhenne tag (<em>poistettu k\u00e4yt\u00f6st\u00e4 HTML5:ss\u00e4<\/em>)<\/strong><\/p>\n<p>Lyhenne <acronym title=\"Voitosta\">ftw<\/acronym> tarkoittaa &quot;for the win&quot;.<\/p>\n<p><strong>Iso Tag<\/strong> (<em>poistettu k\u00e4yt\u00f6st\u00e4 HTML5:ss\u00e4<\/em>)<\/p>\n<p>N\u00e4m\u00e4 testit ovat a <big>iso<\/big> sopimus, mutta t\u00e4t\u00e4 tunnistetta ei en\u00e4\u00e4 tueta HTML5:ss\u00e4.<\/p>\n<p><strong>Lainaa tagia<\/strong><\/p>\n<p>&quot;Koodi on runoutta.&quot; \u2014<cite>Automaattinen<\/cite><\/p>\n<p><strong>Kooditunniste<\/strong><\/p>\n<p>T\u00e4m\u00e4 tagi tyylittelee koodilohkoja.<br \/>\n<code>.post-title {<br \/>\nmarginaali: 0 0 5px;<br \/>\nfontin paino: lihavoitu;<br \/>\nfonttikoko: 38px;<br \/>\nlinjan korkeus: 1,2;<br \/>\nja t\u00e4ss\u00e4 on rivi todella, todella, todella, todella, todella pitk\u00e4\u00e4 teksti\u00e4, vain n\u00e4hd\u00e4kseni, kuinka sit\u00e4 k\u00e4sitell\u00e4\u00e4n ja selvitt\u00e4\u00e4kseen, kuinka se ylitt\u00e4\u00e4;<br \/>\n}<\/code><br \/>\nMy\u00f6hemmin n\u00e4iss\u00e4 testeiss\u00e4 opit, ett\u00e4 sana rivitys: break-word;on paras yst\u00e4v\u00e4si.<\/p>\n<p><strong>Poista tunniste<\/strong><\/p>\n<p>T\u00e4m\u00e4 tagi antaa sinulle mahdollisuuden <del>yliviivata teksti\u00e4<\/del>, mutta t\u00e4m\u00e4 tagi on <em>suositellaan<\/em> tuettu HTML5:ss\u00e4 (k\u00e4yt\u00e4 <code><s><\/code> sen sijaan).<\/p>\n<p><strong>Korosta tunniste<\/strong><\/p>\n<p>Korostustunnisteen pit\u00e4isi <em>kursivoida<\/em> <i>teksti<\/i>.<\/p>\n<p><strong>Vaakasuuntainen s\u00e4\u00e4nt\u00f6tunniste<\/strong><\/p>\n<hr \/>\n<p>T\u00e4m\u00e4 lause seuraa a <code>&lt;hr \/&gt;<\/code> tag.<\/p>\n<p><strong>Lis\u00e4\u00e4 tunniste<\/strong><\/p>\n<p>T\u00e4m\u00e4n tagin tulee osoittaa <ins cite=\"inserted it\">lis\u00e4tty<\/ins> teksti.<\/p>\n<p><strong>N\u00e4pp\u00e4imist\u00f6n tunniste<\/strong><\/p>\n<p>T\u00e4m\u00e4 tuskin tunnettu tagi j\u00e4ljittelee <kbd>n\u00e4pp\u00e4imist\u00f6n teksti\u00e4<\/kbd>, joka on yleens\u00e4 tyylitelty kuten <code><code><\/code> tag.<\/p>\n<p><strong>Esimuotoiltu tunniste<\/strong><\/p>\n<p>T\u00e4m\u00e4 tunniste on tarkoitettu v\u00e4lily\u00f6ntien s\u00e4ilytt\u00e4miseen kirjoitettuna, kuten runoissa tai ASCII-taidetta.<\/p>\n<h2>Kuljettamaton tie<\/h2>\n<pre><cite>\r\nRobert Frost<\/cite>\r\n\r\n\r\n  Kaksi tiet\u00e4 erottui keltaisessa mets\u00e4ss\u00e4, ja anteeksi, etten voinut matkustaa molempia (_\/) Ja olla yksi matkustaja, kauan seisoin (=&#039;.&#039;=) Ja katsoin yht\u00e4 alas niin pitk\u00e4lle kuin pystyin (&quot;)_(&quot;) Sinne, miss\u00e4 se taipui aluskasvillisuudessa; Sitten otti toisen, aivan yht\u00e4 oikeudenmukaisena, ja jolla oli ehk\u00e4 parempi vaatimus, |_\/| Koska se oli ruohoinen ja halusi k\u00e4ytt\u00e4\u00e4; \/ @ @ Tosin sen ohimeneminen siell\u00e4 ( &gt; \u00ba &lt; ) Oli k\u00e4ytt\u00e4nyt niit\u00e4 todella suunnilleen samalla tavalla, `&gt;&gt;x&lt;&lt;\u00b4 \/ O Ja molemmat sin\u00e4 aamuna makasivat tasapuolisesti Lehdiss\u00e4 ei askelta ollut tallannut mustaksi. Oi, pidin ensimm\u00e4ist\u00e4 toista p\u00e4iv\u00e4\u00e4! Silti tiet\u00e4en kuinka tie vie tielle, ep\u00e4ilin, pit\u00e4isik\u00f6 minun koskaan palata. Kerron t\u00e4m\u00e4n huokaisten Jossain i\u00e4t ja i\u00e4t t\u00e4st\u00e4: Kaksi tiet\u00e4 erosi mets\u00e4ss\u00e4, ja min\u00e4 \u2013 otin sen, jonka kautta kuljettiin v\u00e4hemm\u00e4n, ja se on tehnyt kaiken eron. ja t\u00e4ss\u00e4 on rivi todella, todella, todella, todella, todella pitk\u00e4\u00e4 teksti\u00e4, vain n\u00e4hd\u00e4kseni, kuinka sit\u00e4 k\u00e4sitell\u00e4\u00e4n ja selvitt\u00e4\u00e4kseen, kuinka se ylitt\u00e4\u00e4;<\/pre>\n<p><strong>Lainausmerkki<\/strong> lyhyit\u00e4 lainauksia varten<\/p>\n<p><q>Kehitt\u00e4j\u00e4t, kehitt\u00e4j\u00e4t, kehitt\u00e4j\u00e4t\u2026<\/q> \u2013 Steve Ballmer<\/p>\n<p><strong>Strike Tag<\/strong> (<em>poistettu k\u00e4yt\u00f6st\u00e4 HTML5:ss\u00e4<\/em>) ja <strong>S Tag<\/strong><\/p>\n<p>T\u00e4m\u00e4 tagi n\u00e4ytt\u00e4\u00e4 <span style=\"text-decoration: line-through;\">l\u00e4piviivaus<\/span> <s>teksti<\/s>.<\/p>\n<p><strong>Pieni Tag<\/strong><\/p>\n<p>T\u00e4m\u00e4 tagi n\u00e4ytt\u00e4\u00e4 <small>pienempi<small> teksti.<\/small><\/small><\/p>\n<p><strong>Vahva Tag<\/strong><\/p>\n<p>T\u00e4m\u00e4 tagi n\u00e4ytt\u00e4\u00e4 <strong>lihavoitu teksti.<\/strong><\/p>\n<p><strong>Alaindeksin tunniste<\/strong><\/p>\n<p>Tieteellisen tyylimme kehitt\u00e4minen H<sub>2<\/sub>O, jonka pit\u00e4isi painaa &quot;2&quot; alas.<\/p>\n<p><strong>Yl\u00e4indeksitunniste<\/strong><\/p>\n<p>Pysyn edelleen tieteess\u00e4 ja Albert Einsteinin E = MC:ss\u00e4<sup>2<\/sup>, jonka pit\u00e4isi nostaa 2 yl\u00f6s.<\/p>\n<p><strong>Teletype Tag <\/strong>(<em>vanhentunut HTML5:ss\u00e4<\/em>)<\/p>\n<p>T\u00e4m\u00e4 harvoin k\u00e4ytetty tunniste emuloi <tt>teletype teksti\u00e4<\/tt>, joka on yleens\u00e4 tyylitelty kuten <code><code><\/code> tag.<\/p>\n<p><strong>Alleviivaa tunniste<\/strong> <em>poistettu k\u00e4yt\u00f6st\u00e4 HTML 4:ss\u00e4, otettu uudelleen k\u00e4ytt\u00f6\u00f6n HTML5:ss\u00e4 muun semantiikan kanssa<\/em><\/p>\n<p>T\u00e4m\u00e4 tagi n\u00e4ytt\u00e4\u00e4 <u>alleviivattu teksti<\/u>.<\/p>\n<p><strong>Muuttuva tunniste<\/strong><\/p>\n<p>T\u00e4m\u00e4n avulla voit merkit\u00e4 <var>muuttujia<\/var>.<\/p>\n<h2>Image Alightment<\/h2>\n<h4>Keskitasauskuva<\/h4>\n<p>Lorem ipsum dolor sit amet, consectetur adipiscing elit. Donec posuere augue quam. Proin ligula ligula, rutrum ut consectetur id, tincidunt sit amet ipsum.<\/p>\n<p><img fetchpriority=\"high\" decoding=\"async\" class=\"aligncenter size-large wp-image-39\" src=\"https:\/\/themes.getmotopress.com\/ciestra\/wp-content\/uploads\/sites\/21\/2018\/08\/triple_room_01-1024x728.jpg\" alt=\"\" width=\"746\" height=\"530\" srcset=\"https:\/\/rethymno.villas\/wp-content\/uploads\/triple_room_01-1024x728.jpg 1024w, https:\/\/rethymno.villas\/wp-content\/uploads\/triple_room_01-300x213.jpg 300w, https:\/\/rethymno.villas\/wp-content\/uploads\/triple_room_01-768x546.jpg 768w, https:\/\/rethymno.villas\/wp-content\/uploads\/triple_room_01-1536x1092.jpg 1536w, https:\/\/rethymno.villas\/wp-content\/uploads\/triple_room_01-891x633.jpg 891w, https:\/\/rethymno.villas\/wp-content\/uploads\/triple_room_01-235x167.jpg 235w, https:\/\/rethymno.villas\/wp-content\/uploads\/triple_room_01.jpg 1600w\" sizes=\"(max-width: 746px) 100vw, 746px\" \/>In sed porta lectus, auctor bibendum est. Mauris tempor fermentum nisl vel imperdiet. Donec consequat sapien ac nisl pellentesque, eget condimentum felis rhoncus.<\/p>\n<h4>Vasen tasauskuva<\/h4>\n<p><img decoding=\"async\" class=\"alignleft wp-image-25 size-medium\" src=\"https:\/\/themes.getmotopress.com\/ciestra\/wp-content\/uploads\/sites\/21\/2018\/08\/03_conference_rom-300x233.jpg\" alt=\"\" width=\"300\" height=\"233\" \/>Lorem ipsum dolor sit amet, consectetur adipiscing elit. Donec posuere augue quam. Proin ligula ligula, rutrum ut consectetur id, tincidunt sit amet ipsum. Proin magna dolor, fringilla non malesuada vitae, suscipit at est. Pellentesque ex orci, fringilla in viverra eu, interdum ja eros. Vivamus osoitteessa scelerisque est.<\/p>\n<p>Quisque in justo ultrices, efficitur lorem quis, pharetra mauris. Vestibulum ante ipsum primis in faucibus orci luctus et ultrices posuere cubilia. Nunc ultricies nisl sollicitudin, maximus lacus bibendum, pharetra eros. sed nibh arcussa. Mauris orci a neque posuere fermentum. Aliquam eu accumsan nulla. Phasellus tincidunt tristique arcu sed tempus. Praesent id lorem muualle turpis porttitor semper. Quisque eic ligula erat. Pellentesque eu gravida lacus.<\/p>\n<p>Aliquam eu accumsan nulla. Phasellus tincidunt tristique arcu sed tempus. Praesent id Quisque interdum luctus est, ut consequat felis. Sed sagittis ipsum scelerisque, dictum nibh id, posuere augue. Kokonaisluku facilisis aliquet elit, a egestas quam cursus quis. In mattis volutpat arcu. Vestibulum blandit purus sed nisi elementum.<\/p>\n<h4>Oikea kohdistuskuva<\/h4>\n<p><img decoding=\"async\" class=\"alignright wp-image-23 size-medium\" src=\"https:\/\/themes.getmotopress.com\/ciestra\/wp-content\/uploads\/sites\/21\/2018\/08\/04_home_theather-300x233.jpg\" alt=\"\" width=\"300\" height=\"233\" \/>Lorem ipsum dolor sit amet, consectetur adipiscing elit. Donec posuere augue quam. Proin ligula ligula, rutrum ut consectetur id, tincidunt sit amet ipsum. Proin magna dolor, fringilla non malesuada vitae, suscipit at est. Pellentesque ex orci, fringilla in viverra eu, interdum ja eros. Vivamus osoitteessa scelerisque est.<\/p>\n<p>Quisque in justo ultrices, efficitur lorem quis, pharetra mauris. Vestibulum ante ipsum primis in faucibus orci luctus et ultrices posuere cubilia. Nunc ultricies nisl sollicitudin, maximus lacus bibendum, pharetra eros. sed nibh arcussa. Mauris orci a neque posuere fermentum. Aliquam eu accumsan nulla. Phasellus tincidunt tristique arcu sed tempus. Praesent id lorem muualle turpis porttitor semper. Quisque eic ligula erat. Pellentesque eu gravida lacus.<\/p>\n<p>Aliquam eu accumsan nulla. Phasellus tincidunt tristique arcu sed tempus. Praesent id Quisque interdum luctus est, ut consequat felis. Sed sagittis ipsum scelerisque, dictum nibh id, posuere augue. Kokonaisluku facilisis aliquet elit, a egestas quam cursus quis. In mattis volutpat arcu. Vestibulum blandit purus sed nisi elementum.<\/p>\n<h4>150 \u00d7 150 kuva, joka on tasattu vasemmalle<\/h4>\n<p><img loading=\"lazy\" decoding=\"async\" class=\"size-thumbnail wp-image-29 alignleft\" src=\"https:\/\/themes.getmotopress.com\/ciestra\/wp-content\/uploads\/sites\/21\/2018\/08\/01_restaurant-150x150.jpg\" alt=\"\" width=\"150\" height=\"150\" \/>Lorem ipsum dolor sit amet, consectetur adipiscing elit. Donec posuere augue quam. Proin ligula ligula, rutrum ut consectetur id, tincidunt sit amet ipsum. Proin magna dolor, fringilla non malesuada vitae, suscipit at est. Pellentesque ex orci, fringilla in viverra eu, interdum ja eros. Vivamus osoitteessa scelerisque est.<\/p>\n<p>Quisque in justo ultrices, efficitur lorem quis, pharetra mauris. Vestibulum ante ipsum primis in faucibus orci luctus et ultrices posuere cubilia. Nunc ultricies nisl sollicitudin, maximus lacus bibendum, pharetra eros. sed nibh arcussa. Mauris orci a neque posuere fermentum. Aliquam eu accumsan nulla. Phasellus tincidunt tristique arcu sed tempus. Praesent id lorem muualle turpis porttitor semper. Quisque eic ligula erat. Pellentesque eu gravida lacus.<\/p>\n<p>Aliquam eu accumsan nulla. Phasellus tincidunt tristique arcu sed tempus. Praesent id Quisque interdum luctus est, ut consequat felis. Sed sagittis ipsum scelerisque, dictum nibh id, posuere augue. Kokonaisluku facilisis aliquet elit, a egestas quam cursus quis. In mattis volutpat arcu. Vestibulum blandit purus sed nisi elementum.<\/p>\n<h4>Suuri kuva<\/h4>\n<p>Lorem ipsum dolor sit amet, consectetur adipiscing elit. Donec posuere augue quam. Proin ligula ligula, rutrum ut consectetur id, tincidunt sit amet ipsum.<\/p>\n<figure id=\"attachment_36\" aria-describedby=\"caption-attachment-36\" style=\"width: 1600px\" class=\"wp-caption aligncenter\"><img loading=\"lazy\" decoding=\"async\" class=\"wp-image-36 size-full\" src=\"https:\/\/rethymno.villas\/wp-content\/uploads\/surf_lesson.jpg\" alt=\"\" width=\"1600\" height=\"1067\" srcset=\"https:\/\/rethymno.villas\/wp-content\/uploads\/surf_lesson.jpg 1600w, https:\/\/rethymno.villas\/wp-content\/uploads\/surf_lesson-300x200.jpg 300w, https:\/\/rethymno.villas\/wp-content\/uploads\/surf_lesson-1024x683.jpg 1024w, https:\/\/rethymno.villas\/wp-content\/uploads\/surf_lesson-768x512.jpg 768w, https:\/\/rethymno.villas\/wp-content\/uploads\/surf_lesson-1536x1024.jpg 1536w, https:\/\/rethymno.villas\/wp-content\/uploads\/surf_lesson-891x594.jpg 891w\" sizes=\"(max-width: 1600px) 100vw, 1600px\" \/><figcaption id=\"caption-attachment-36\" class=\"wp-caption-text\">surffaustunteja<\/figcaption><\/figure>\n<p>In sed porta lectus, auctor bibendum est. Mauris tempor fermentum nisl vel imperdiet. Donec consequat sapien ac nisl pellentesque, eget condimentum felis rhoncus.<\/p>","protected":false},"excerpt":{"rendered":"<p>Tuo viimeinen on korkeintaan jalkaa korkea ja noin seitsem\u00e4n askelta leve\u00e4, pelkk\u00e4 litte\u00e4 harmaan kiven latva, joka savuaa kuin kuuma tuhka suihkun j\u00e4lkeen ja jossa kukaan ei v\u00e4lit\u00e4 uskaltautua paljaalle pohjalle ennen auringonlaskua. Pikku Isabelissa vanha repaleinen k\u00e4mmen, jossa on paksu [\u2026]<\/p>","protected":false},"author":1,"featured_media":0,"parent":0,"menu_order":0,"comment_status":"closed","ping_status":"closed","template":"","meta":{"inline_featured_image":false,"footnotes":""},"class_list":["post-80","page","type-page","status-publish","hentry"],"_links":{"self":[{"href":"https:\/\/rethymno.villas\/fi\/wp-json\/wp\/v2\/pages\/80","targetHints":{"allow":["GET"]}}],"collection":[{"href":"https:\/\/rethymno.villas\/fi\/wp-json\/wp\/v2\/pages"}],"about":[{"href":"https:\/\/rethymno.villas\/fi\/wp-json\/wp\/v2\/types\/page"}],"author":[{"embeddable":true,"href":"https:\/\/rethymno.villas\/fi\/wp-json\/wp\/v2\/users\/1"}],"replies":[{"embeddable":true,"href":"https:\/\/rethymno.villas\/fi\/wp-json\/wp\/v2\/comments?post=80"}],"version-history":[{"count":0,"href":"https:\/\/rethymno.villas\/fi\/wp-json\/wp\/v2\/pages\/80\/revisions"}],"wp:attachment":[{"href":"https:\/\/rethymno.villas\/fi\/wp-json\/wp\/v2\/media?parent=80"}],"curies":[{"name":"wp","href":"https:\/\/api.w.org\/{rel}","templated":true}]}}