{"id":80,"date":"2018-08-13T10:01:27","date_gmt":"2018-08-13T10:01:27","guid":{"rendered":"https:\/\/themes.getmotopress.com\/ciestra\/?page_id=80"},"modified":"2023-09-26T03:53:34","modified_gmt":"2023-09-26T00:53:34","slug":"tipografia","status":"publish","type":"page","link":"https:\/\/rethymno.villas\/hu\/tipografia\/","title":{"rendered":"Tipogr\u00e1fia"},"content":{"rendered":"<p>Ez az utols\u00f3 legfeljebb egy l\u00e1b magas, \u00e9s k\u00f6r\u00fclbel\u00fcl h\u00e9t l\u00e9p\u00e9snyi \u00e1tm\u00e9r\u0151j\u0171, egy sz\u00fcrke szikla lapos teteje, amely zuhanyoz\u00e1s ut\u00e1n \u00fagy f\u00fcst\u00f6l\u00f6g, mint a forr\u00f3 salak, \u00e9s ahol senkinek sem lenne gondja, hogy naplemente el\u0151tt meztelen\u00fcl kock\u00e1ztasson. A Kis Isabelen egy \u00f6reg, rongyos p\u00e1lma, vastag, dombor\u00fa, t\u00fcsk\u00e9s t\u00f6rzs\u0171, p\u00e1lmaf\u00e1k k\u00f6z\u00f6tt nagyon boszork\u00e1ny, zord, elhalt levelek susog a durva homok felett.<\/p>\n<h1>1. c\u00edmsor (H1)<\/h1>\n<p>Ez az utols\u00f3 legfeljebb egy l\u00e1b magas, \u00e9s k\u00f6r\u00fclbel\u00fcl h\u00e9t l\u00e9p\u00e9snyi \u00e1tm\u00e9r\u0151j\u0171, egy sz\u00fcrke szikla lapos teteje, amely zuhanyoz\u00e1s ut\u00e1n \u00fagy f\u00fcst\u00f6l\u00f6g, mint a forr\u00f3 salak, \u00e9s ahol senkinek sem lenne gondja, hogy naplemente el\u0151tt meztelen\u00fcl kock\u00e1ztasson. A Kis Isabelen egy \u00f6reg, rongyos p\u00e1lma, vastag, dombor\u00fa, t\u00fcsk\u00e9s t\u00f6rzs\u0171, p\u00e1lmaf\u00e1k k\u00f6z\u00f6tt nagyon boszork\u00e1ny, zord, elhalt levelek susog a durva homok felett.<\/p>\n<h2>2. c\u00edmsor (H2)<\/h2>\n<p>Ez az utols\u00f3 legfeljebb egy l\u00e1b magas, \u00e9s k\u00f6r\u00fclbel\u00fcl h\u00e9t l\u00e9p\u00e9snyi \u00e1tm\u00e9r\u0151j\u0171, egy sz\u00fcrke szikla lapos teteje, amely zuhanyoz\u00e1s ut\u00e1n \u00fagy f\u00fcst\u00f6l\u00f6g, mint a forr\u00f3 salak, \u00e9s ahol senkinek sem lenne gondja, hogy naplemente el\u0151tt meztelen\u00fcl kock\u00e1ztasson. A Kis Isabelen egy \u00f6reg, rongyos p\u00e1lma, vastag, dombor\u00fa, t\u00fcsk\u00e9s t\u00f6rzs\u0171, p\u00e1lmaf\u00e1k k\u00f6z\u00f6tt nagyon boszork\u00e1ny, zord, elhalt levelek susog a durva homok felett.<\/p>\n<h3>3. c\u00edmsor (H3)<\/h3>\n<p>Ez az utols\u00f3 legfeljebb egy l\u00e1b magas, \u00e9s k\u00f6r\u00fclbel\u00fcl h\u00e9t l\u00e9p\u00e9snyi \u00e1tm\u00e9r\u0151j\u0171, egy sz\u00fcrke szikla lapos teteje, amely zuhanyoz\u00e1s ut\u00e1n \u00fagy f\u00fcst\u00f6l\u00f6g, mint a forr\u00f3 salak, \u00e9s ahol senkinek sem lenne gondja, hogy naplemente el\u0151tt meztelen\u00fcl kock\u00e1ztasson. A Kis Isabelen egy \u00f6reg, rongyos p\u00e1lma, vastag, dombor\u00fa, t\u00fcsk\u00e9s t\u00f6rzs\u0171, p\u00e1lmaf\u00e1k k\u00f6z\u00f6tt nagyon boszork\u00e1ny, zord, elhalt levelek susog a durva homok felett.<\/p>\n<h4>4. c\u00edmsor (H4)<\/h4>\n<p>Ez az utols\u00f3 legfeljebb egy l\u00e1b magas, \u00e9s k\u00f6r\u00fclbel\u00fcl h\u00e9t l\u00e9p\u00e9snyi \u00e1tm\u00e9r\u0151j\u0171, egy sz\u00fcrke szikla lapos teteje, amely zuhanyoz\u00e1s ut\u00e1n \u00fagy f\u00fcst\u00f6l\u00f6g, mint a forr\u00f3 salak, \u00e9s ahol senkinek sem lenne gondja, hogy naplemente el\u0151tt meztelen\u00fcl kock\u00e1ztasson. A Kis Isabelen egy \u00f6reg, rongyos p\u00e1lma, vastag, dombor\u00fa, t\u00fcsk\u00e9s t\u00f6rzs\u0171, p\u00e1lmaf\u00e1k k\u00f6z\u00f6tt nagyon boszork\u00e1ny, zord, elhalt levelek susog a durva homok felett.<\/p>\n<h5>5. c\u00edmsor (H5)<\/h5>\n<p>Ez az utols\u00f3 legfeljebb egy l\u00e1b magas, \u00e9s k\u00f6r\u00fclbel\u00fcl h\u00e9t l\u00e9p\u00e9snyi \u00e1tm\u00e9r\u0151j\u0171, egy sz\u00fcrke szikla lapos teteje, amely zuhanyoz\u00e1s ut\u00e1n \u00fagy f\u00fcst\u00f6l\u00f6g, mint a forr\u00f3 salak, \u00e9s ahol senkinek sem lenne gondja, hogy naplemente el\u0151tt meztelen\u00fcl kock\u00e1ztasson. A Kis Isabelen egy \u00f6reg, rongyos p\u00e1lma, vastag, dombor\u00fa, t\u00fcsk\u00e9s t\u00f6rzs\u0171, p\u00e1lmaf\u00e1k k\u00f6z\u00f6tt nagyon boszork\u00e1ny, zord, elhalt levelek susog a durva homok felett.<\/p>\n<h6>6. c\u00edmsor (H6)<\/h6>\n<p>Ez az utols\u00f3 legfeljebb egy l\u00e1b magas, \u00e9s k\u00f6r\u00fclbel\u00fcl h\u00e9t l\u00e9p\u00e9snyi \u00e1tm\u00e9r\u0151j\u0171, egy sz\u00fcrke szikla lapos teteje, amely zuhanyoz\u00e1s ut\u00e1n \u00fagy f\u00fcst\u00f6l\u00f6g, mint a forr\u00f3 salak, \u00e9s ahol senkinek sem lenne gondja, hogy naplemente el\u0151tt meztelen\u00fcl kock\u00e1ztasson. A Kis Isabelen egy \u00f6reg, rongyos p\u00e1lma, vastag, dombor\u00fa, t\u00fcsk\u00e9s t\u00f6rzs\u0171, p\u00e1lmaf\u00e1k k\u00f6z\u00f6tt nagyon boszork\u00e1ny, zord, elhalt levelek susog a durva homok felett.<\/p>\n<h2>Blokkid\u00e9zetek<\/h2>\n<p>Egysoros blokk id\u00e9zet:<\/p>\n<blockquote><p>Maradj \u00e9hes. Maradj bolond.<\/p><\/blockquote>\n<p>T\u00f6bbsoros blokk id\u00e9zet id\u00e9zettel:<\/p>\n<blockquote cite=\"https:\/\/developer.mozilla.org\/en-US\/docs\/Web\/HTML\/Element\/blockquote\"><p>A <strong>HTML <code><blockquote><\/code> Elem<\/strong> (vagy <em>HTML blokk id\u00e9zet elem<\/em>) azt jelzi, hogy a mell\u00e9kelt sz\u00f6veg egy kiterjesztett id\u00e9zet. \u00c1ltal\u00e1ban ezt vizu\u00e1lisan beh\u00faz\u00e1ssal jelen\u00edtik meg (l\u00e1sd <a href=\"https:\/\/developer.mozilla.org\/en-US\/docs\/HTML\/Element\/blockquote#Notes\" target=\"_blank\" rel=\"noopener\">Megjegyz\u00e9sek<\/a> hogyan kell megv\u00e1ltoztatni). Az \u00e1raj\u00e1nlat forr\u00e1s\u00e1nak URL-je a k\u00f6vetkez\u0151vel adhat\u00f3 meg <strong>id\u00e9zni<\/strong> attrib\u00fatum, m\u00edg a forr\u00e1s sz\u00f6veges \u00e1br\u00e1zol\u00e1sa adhat\u00f3 meg a <a title=\"A HTML id\u00e9zet elem &lt;cite&gt;egy kreat\u00edv munk\u00e1ra val\u00f3 hivatkoz\u00e1st jelent. Tartalmaznia kell egy m\u0171 c\u00edm\u00e9t vagy egy URL-hivatkoz\u00e1st, amely lehet r\u00f6vid\u00edtett form\u00e1ban is, a hivatkoz\u00e1si metaadatok hozz\u00e1ad\u00e1s\u00e1ra haszn\u00e1lt konvenci\u00f3knak megfelel\u0151en.&lt;\/cite&gt;\" href=\"https:\/\/developer.mozilla.org\/en-US\/docs\/Web\/HTML\/Element\/cite\" target=\"_blank\" rel=\"noopener\"><code><cite><\/code><\/a> elem.<\/p><\/blockquote>\n<p><cite>t\u00f6bb k\u00f6zrem\u0171k\u00f6d\u0151<\/cite> \u2013 MDN HTML elem hivatkoz\u00e1s \u2013 blockquote<\/p>\n<h2>T\u00e1bl\u00e1zatok<\/h2>\n<table>\n<thead>\n<tr>\n<th>Munkav\u00e1llal\u00f3<\/th>\n<th>Fizet\u00e9s<\/th>\n<th><\/th>\n<\/tr>\n<\/thead>\n<tbody>\n<tr>\n<th><a href=\"http:\/\/example.org\/\" target=\"_blank\" rel=\"noopener\">gipsz Jakab<\/a><\/th>\n<td>$1<\/td>\n<td>Mert Steve Jobsnak ennyi kell a fizet\u00e9shez.<\/td>\n<\/tr>\n<tr>\n<th><a href=\"http:\/\/example.org\/\" target=\"_blank\" rel=\"noopener\">Jane Doe<\/a><\/th>\n<td>$100K<\/td>\n<td>Minden blog\u00edr\u00e1s\u00e9rt, amit csin\u00e1l.<\/td>\n<\/tr>\n<tr>\n<th><a href=\"http:\/\/example.org\/\" target=\"_blank\" rel=\"noopener\">Fred Bloggs<\/a><\/th>\n<td>$100M<\/td>\n<td>A k\u00e9pek t\u00f6bbet \u00e9rnek ezer sz\u00f3n\u00e1l, nem? Sz\u00f3val Jane x 1000.<\/td>\n<\/tr>\n<tr>\n<th><a href=\"http:\/\/example.org\/\" target=\"_blank\" rel=\"noopener\">Jane Bloggs<\/a><\/th>\n<td>$100B<\/td>\n<td>Ilyen hajjal?! Eleget mondott\u2026<\/td>\n<\/tr>\n<\/tbody>\n<\/table>\n<h2>Defin\u00edci\u00f3s list\u00e1k<\/h2>\n<dl>\n<dt>Defin\u00edci\u00f3lista c\u00edme<\/dt>\n<dd>Defin\u00edci\u00f3lista feloszt\u00e1sa.<\/dd>\n<dt>\u00fczembe helyez\u00e9s<\/dt>\n<dd>A startup c\u00e9g vagy startup egy olyan v\u00e1llalat vagy ideiglenes szervezet, amelynek c\u00e9lja, hogy megism\u00e9telhet\u0151 \u00e9s m\u00e9retezhet\u0151 \u00fczleti modellt keressen.<\/dd>\n<dt>#munka<\/dt>\n<dd>Rob Dyrdek \u00e9s szem\u00e9lyes test\u0151re, Christopher \u201eBig Black\u201d Boykins alkotta meg, a \u201eDo Work\u201d \u00f6nmotiv\u00e1tork\u00e9nt motiv\u00e1lja bar\u00e1tait.<\/dd>\n<dt>Csin\u00e1ld \u00c9l\u0151ben<\/dt>\n<dd>Hagyom, hogy Bill O&#039;Reilly megteszi <a title=\"\u00c9l\u0151ben megcsin\u00e1ljuk\" href=\"https:\/\/www.youtube.com\/watch?v=O_HyZ5aW76c\" target=\"_blank\" rel=\"noopener\">megmagyar\u00e1zni<\/a> ezt.<\/dd>\n<\/dl>\n<h2>Rendezetlen list\u00e1k (be\u00e1gyazott)<\/h2>\n<ul>\n<li>Lista els\u0151 eleme\n<ul>\n<li>Lista els\u0151 eleme\n<ul>\n<li>Lista els\u0151 eleme<\/li>\n<li>Lista m\u00e1sodik elem<\/li>\n<li>Lista harmadik t\u00e9tel<\/li>\n<li>N\u00e9gyes listaelem<\/li>\n<\/ul>\n<\/li>\n<li>Lista m\u00e1sodik elem<\/li>\n<li>Lista harmadik t\u00e9tel<\/li>\n<li>N\u00e9gyes listaelem<\/li>\n<\/ul>\n<\/li>\n<li>Lista m\u00e1sodik elem<\/li>\n<li>Lista harmadik t\u00e9tel<\/li>\n<li>N\u00e9gyes listaelem<\/li>\n<\/ul>\n<h2>Rendezett lista (be\u00e1gyazott)<\/h2>\n<ol start=\"8\">\n<li>Lista els\u0151 eleme \u2013 8-t\u00f3l kezd\u0151d\u0151en\n<ol>\n<li>Lista els\u0151 eleme\n<ol reversed=\"reversed\">\n<li>Listaelem 1 -ford\u00edtott attrib\u00fatum<\/li>\n<li>Lista m\u00e1sodik elem<\/li>\n<li>Lista harmadik t\u00e9tel<\/li>\n<li>N\u00e9gyes listaelem<\/li>\n<\/ol>\n<\/li>\n<li>Lista m\u00e1sodik elem<\/li>\n<li>Lista harmadik t\u00e9tel<\/li>\n<li>N\u00e9gyes listaelem<\/li>\n<\/ol>\n<\/li>\n<li>Lista m\u00e1sodik elem<\/li>\n<li>Lista harmadik t\u00e9tel<\/li>\n<li>N\u00e9gyes listaelem<\/li>\n<\/ol>\n<h2>HTML c\u00edmk\u00e9k<\/h2>\n<p>Ezek a t\u00e1mogatott c\u00edmk\u00e9k a WordPress.com k\u00f3db\u00f3l sz\u00e1rmaznak <a title=\"K\u00f3d\" href=\"https:\/\/en.support.wordpress.com\/code\/\" target=\"_blank\" rel=\"noopener\">GYIK<\/a>.<\/p>\n<p><strong>C\u00edmc\u00edmke<\/strong><\/p>\n<address>1 V\u00e9gtelen hurok<br \/>\nCupertino, CA 95014<br \/>\nEgyes\u00fclt \u00c1llamok<\/address>\n<p><strong>Horgonyc\u00edmke (m\u00e1s n\u00e9ven link)<\/strong><\/p>\n<p>Ez egy p\u00e9lda a <a title=\"WordPress alap\u00edtv\u00e1ny\" href=\"https:\/\/wordpressfoundation.org\/\" target=\"_blank\" rel=\"noopener\">link<\/a>.<\/p>\n<p><strong>R\u00f6vid\u00edt\u00e9s C\u00edmke<\/strong><\/p>\n<p>A r\u00f6vid\u00edt\u00e9s <abbr title=\"Komolyan\">srsly<\/abbr> jelent\u00e9se \u201ekomolyan\u201d.<\/p>\n<p><strong>Bet\u0171sz\u00f3 c\u00edmke (<em>HTML5-ben elavult<\/em>)<\/strong><\/p>\n<p>A mozaiksz\u00f3 <acronym title=\"A gy\u0151zelem\u00e9rt\">ftw<\/acronym> a \u201efor the win\u201d r\u00f6vid\u00edt\u00e9se.<\/p>\n<p><strong>Big Tag<\/strong> (<em>HTML5-ben elavult<\/em>)<\/p>\n<p>Ezek a tesztek a <big>nagy<\/big> \u00fczlet, de ez a c\u00edmke m\u00e1r nem t\u00e1mogatott a HTML5-ben.<\/p>\n<p><strong>C\u00edmke id\u00e9z\u00e9se<\/strong><\/p>\n<p>&quot;A k\u00f3d k\u00f6lt\u00e9szet.&quot; \u2014<cite>Automatikus<\/cite><\/p>\n<p><strong>Code Tag<\/strong><\/p>\n<p>Ez a c\u00edmke k\u00f3dblokkokat st\u00edlusoz.<br \/>\n<code>.postai c\u00edm {<br \/>\nmarg\u00f3: 0 0 5px;<br \/>\nbet\u0171s\u00faly: f\u00e9lk\u00f6v\u00e9r;<br \/>\nbet\u0171m\u00e9ret: 38 k\u00e9ppont;<br \/>\nvonalmagass\u00e1g: 1,2;<br \/>\n\u00e9s itt van egy sor n\u00e9h\u00e1ny nagyon-nagyon-nagyon-nagyon hossz\u00fa sz\u00f6vegb\u0151l, csak az\u00e9rt, hogy l\u00e1ssuk, hogyan kezelik, \u00e9s hogy megtudjuk, hogyan csordog\u00e1l;<br \/>\n}<\/code><br \/>\nA k\u00e9s\u0151bbiekben ezekb\u0151l a tesztekb\u0151l megtudhatja, hogy a word-wrap: break-word;lesz a legjobb bar\u00e1tod.<\/p>\n<p><strong>C\u00edmke t\u00f6rl\u00e9se<\/strong><\/p>\n<p>Ez a c\u00edmke lehet\u0151v\u00e9 teszi <del>\u00e1th\u00fazni a sz\u00f6veget<\/del>, de ez a c\u00edmke az <em>aj\u00e1nlott<\/em> HTML5 t\u00e1mogatja (haszn\u00e1lja a <code><s><\/code> helyette).<\/p>\n<p><strong>Hangs\u00falyozza ki a c\u00edmk\u00e9t<\/strong><\/p>\n<p>A hangs\u00faly c\u00edmk\u00e9nek kell <em>d\u0151lt bet\u0171vel szed<\/em> <i>sz\u00f6veg<\/i>.<\/p>\n<p><strong>V\u00edzszintes szab\u00e1lyc\u00edmke<\/strong><\/p>\n<hr \/>\n<p>Ezt a mondatot k\u00f6veti a <code>&lt;hr \/&gt;<\/code> c\u00edmke.<\/p>\n<p><strong>C\u00edmke besz\u00far\u00e1sa<\/strong><\/p>\n<p>Ennek a c\u00edmk\u00e9nek jel\u00f6lnie kell <ins cite=\"inserted it\">behelyezve<\/ins> sz\u00f6veg.<\/p>\n<p><strong>Billenty\u0171zet c\u00edmke<\/strong><\/p>\n<p>Ez az alig ismert c\u00edmke emul\u00e1l <kbd>billenty\u0171zet sz\u00f6vege<\/kbd>, amelyet \u00e1ltal\u00e1ban \u00fagy alak\u00edtanak ki, mint a <code><code><\/code> c\u00edmke.<\/p>\n<p><strong>El\u0151re form\u00e1zott c\u00edmke<\/strong><\/p>\n<p>Ez a c\u00edmke a sz\u00f3k\u00f6z\u00f6k meg\u0151rz\u00e9s\u00e9re szolg\u00e1l a g\u00e9pelt sz\u00f6vegben, p\u00e9ld\u00e1ul k\u00f6lt\u00e9szetben vagy ASCII-m\u0171v\u00e9szetben.<\/p>\n<h2>Az \u00fat nem j\u00e1rt<\/h2>\n<pre><cite>\r\nRobert Frost<\/cite>\r\n\r\n\r\n  K\u00e9t \u00fat elv\u00e1lt egy s\u00e1rga erd\u0151ben, \u00e9s sajn\u00e1lom, hogy nem tudtam mindkett\u0151t bej\u00e1rni (_\/) \u00c9s egy utaz\u00f3 legyek, sok\u00e1ig \u00e1lltam (=&#039;.&#039;=) \u00c9s len\u00e9ztem az egyikre, ameddig csak tudtam (&quot;)_(&quot;) Oda, ahol az aljn\u00f6v\u00e9nyzetben hajlott; Azt\u00e1n vette a m\u00e1sikat, mint \u00e9ppoly tisztess\u00e9ges, \u00c9s miut\u00e1n tal\u00e1n a jobb k\u00f6vetel\u00e9st, |_\/| Mert f\u00fcves volt, \u00e9s viselni akart; \/ @ @ B\u00e1r ami azt illeti az elm\u00fal\u00e1s ott ( &gt; \u00ba &lt; ) Val\u00f3j\u00e1ban ugyanannyit hordta \u0151ket, `&gt;&gt;x&lt;&lt;\u00b4 \/ O \u00c9s azon a reggelen mindkett\u0151 egyform\u00e1n fek\u00fcdt a levelekben, egyetlen l\u00e9p\u00e9s sem taposott feket\u00e9n. \u00d3, az els\u0151t m\u00e9g egy napig megtartottam! M\u00e9gis, mivel tudtam, hogyan vezet az \u00fat az \u00fatra, k\u00e9telkedtem abban, hogy valaha is vissza kell-e t\u00e9rnem. S\u00f3hajtva fogom elmondani ezt Valahol korok \u00e9s korok: K\u00e9t \u00fat v\u00e1lt el egy erd\u0151ben, \u00e9s \u00e9n\u2026 a kev\u00e9sb\u00e9 j\u00e1rt utat v\u00e1lasztottam, \u00e9s ez mindent megv\u00e1ltoztatott. \u00e9s itt van egy sor n\u00e9h\u00e1ny nagyon-nagyon-nagyon-nagyon hossz\u00fa sz\u00f6vegb\u0151l, csak az\u00e9rt, hogy l\u00e1ssuk, hogyan kezelik, \u00e9s hogy megtudjuk, hogyan csordog\u00e1l;<\/pre>\n<p><strong>Id\u00e9zet c\u00edmke<\/strong> r\u00f6vid, sork\u00f6zi id\u00e9zetekhez<\/p>\n<p><q>Fejleszt\u0151k, fejleszt\u0151k, fejleszt\u0151k\u2026<\/q> \u2013 Steve Ballmer<\/p>\n<p><strong>Strike Tag<\/strong> (<em>HTML5-ben elavult<\/em>) \u00e9s <strong>S Tag<\/strong><\/p>\n<p>Ez a c\u00edmke mutatja <span style=\"text-decoration: line-through;\">\u00e1th\u00fazhat\u00f3<\/span> <s>sz\u00f6veg<\/s>.<\/p>\n<p><strong>Kis c\u00edmke<\/strong><\/p>\n<p>Ez a c\u00edmke mutatja <small>kisebb<small> sz\u00f6veg.<\/small><\/small><\/p>\n<p><strong>Er\u0151s C\u00edmke<\/strong><\/p>\n<p>Ez a c\u00edmke mutatja <strong>f\u00e9lk\u00f6v\u00e9r sz\u00f6veg.<\/strong><\/p>\n<p><strong>Index c\u00edmke<\/strong><\/p>\n<p>Tudom\u00e1nyos st\u00edlusunk kialak\u00edt\u00e1sa H<sub>2<\/sub>O, aminek le kell nyomnia a \u201e2\u201d-t.<\/p>\n<p><strong>Fels\u0151 index c\u00edmke<\/strong><\/p>\n<p>Tov\u00e1bbra is ragaszkodunk a tudom\u00e1nyhoz \u00e9s Albert Einstein E = MC-hez<sup>2<\/sup>, aminek fel kell emelnie a 2-t.<\/p>\n<p><strong>Teletype Tag <\/strong>(<em>elavult a HTML5-ben<\/em>)<\/p>\n<p>Ez a ritk\u00e1n haszn\u00e1lt c\u00edmke emul\u00e1l <tt>t\u00e1v\u00edr\u00f3 sz\u00f6veg<\/tt>, amelyet \u00e1ltal\u00e1ban \u00fagy alak\u00edtanak ki, mint a <code><code><\/code> c\u00edmke.<\/p>\n<p><strong>C\u00edmke al\u00e1h\u00faz\u00e1sa<\/strong> <em>HTML 4-ben elavult, HTML5-ben m\u00e1s szemantik\u00e1val \u00fajra bevezett\u00e9k<\/em><\/p>\n<p>Ez a c\u00edmke mutatja <u>al\u00e1h\u00fazott sz\u00f6veg<\/u>.<\/p>\n<p><strong>V\u00e1ltoz\u00f3 c\u00edmke<\/strong><\/p>\n<p>Ez lehet\u0151v\u00e9 teszi a jel\u00f6l\u00e9st <var>v\u00e1ltoz\u00f3k<\/var>.<\/p>\n<h2>Image Alightment<\/h2>\n<h4>K\u00f6z\u00e9pre igaz\u00edt\u00e1si k\u00e9p<\/h4>\n<p>Lorem ipsum dolor sit amet, consectetur adipiscing elit. Donec posuere augue quam. Proin ligula ligula, rutrum ut consectetur id, tincidunt sit amet ipsum.<\/p>\n<p><img fetchpriority=\"high\" decoding=\"async\" class=\"aligncenter size-large wp-image-39\" src=\"https:\/\/themes.getmotopress.com\/ciestra\/wp-content\/uploads\/sites\/21\/2018\/08\/triple_room_01-1024x728.jpg\" alt=\"\" width=\"746\" height=\"530\" srcset=\"https:\/\/rethymno.villas\/wp-content\/uploads\/triple_room_01-1024x728.jpg 1024w, https:\/\/rethymno.villas\/wp-content\/uploads\/triple_room_01-300x213.jpg 300w, https:\/\/rethymno.villas\/wp-content\/uploads\/triple_room_01-768x546.jpg 768w, https:\/\/rethymno.villas\/wp-content\/uploads\/triple_room_01-1536x1092.jpg 1536w, https:\/\/rethymno.villas\/wp-content\/uploads\/triple_room_01-891x633.jpg 891w, https:\/\/rethymno.villas\/wp-content\/uploads\/triple_room_01-235x167.jpg 235w, https:\/\/rethymno.villas\/wp-content\/uploads\/triple_room_01.jpg 1600w\" sizes=\"(max-width: 746px) 100vw, 746px\" \/>In sed porta lectus, auctor bibendum est. Mauris tempor fermentum nisl vel imperdiet. Donec consequat sapien ac nisl pellentesque, eget condimentum felis rhoncus.<\/p>\n<h4>Balra igaz\u00edtott k\u00e9p<\/h4>\n<p><img decoding=\"async\" class=\"alignleft wp-image-25 size-medium\" src=\"https:\/\/themes.getmotopress.com\/ciestra\/wp-content\/uploads\/sites\/21\/2018\/08\/03_conference_rom-300x233.jpg\" alt=\"\" width=\"300\" height=\"233\" \/>Lorem ipsum dolor sit amet, consectetur adipiscing elit. Donec posuere augue quam. Proin ligula ligula, rutrum ut consectetur id, tincidunt sit amet ipsum. Proin magna dolor, fringilla non malesuada vitae, suscipit at est. Pellentesque ex orci, fringilla in viverra eu, interdum \u00e9s eros. Vivamus at scelerisque est.<\/p>\n<p>Quisque in justo ultrices, efficitur lorem quis, pharetra mauris. Vestibulum ante ipsum primis in faucibus orci luctus et ultrices posuere cubilia. Nunc ultricies nisl sollicitudin, maximus lacus bibendum, pharetra eros. In sed nibh arcu. Mauris in orci a neque posuere fermentum. Aliquam eu accumsan nulla. Phasellus tincidunt tristique arcu sed tempus. Praesent id lorem nec turpis porttitor semper. Quisque nec ligula erat. Pellentesque eu gravida lacus.<\/p>\n<p>Aliquam eu accumsan nulla. Phasellus tincidunt tristique arcu sed tempus. Praesent id Quisque interdum luctus est, ut consequat felis. Sed sagittis ipsum scelerisque, dictum nibh id, posuere augue. Integer facilisis aliquet elit, a egestas quam cursus quis. In mattis volutpat arcu. Vestibulum blandit purus sed nisi elementum.<\/p>\n<h4>Jobbra igaz\u00edt\u00e1si k\u00e9p<\/h4>\n<p><img decoding=\"async\" class=\"alignright wp-image-23 size-medium\" src=\"https:\/\/themes.getmotopress.com\/ciestra\/wp-content\/uploads\/sites\/21\/2018\/08\/04_home_theather-300x233.jpg\" alt=\"\" width=\"300\" height=\"233\" \/>Lorem ipsum dolor sit amet, consectetur adipiscing elit. Donec posuere augue quam. Proin ligula ligula, rutrum ut consectetur id, tincidunt sit amet ipsum. Proin magna dolor, fringilla non malesuada vitae, suscipit at est. Pellentesque ex orci, fringilla in viverra eu, interdum \u00e9s eros. Vivamus at scelerisque est.<\/p>\n<p>Quisque in justo ultrices, efficitur lorem quis, pharetra mauris. Vestibulum ante ipsum primis in faucibus orci luctus et ultrices posuere cubilia. Nunc ultricies nisl sollicitudin, maximus lacus bibendum, pharetra eros. In sed nibh arcu. Mauris in orci a neque posuere fermentum. Aliquam eu accumsan nulla. Phasellus tincidunt tristique arcu sed tempus. Praesent id lorem nec turpis porttitor semper. Quisque nec ligula erat. Pellentesque eu gravida lacus.<\/p>\n<p>Aliquam eu accumsan nulla. Phasellus tincidunt tristique arcu sed tempus. Praesent id Quisque interdum luctus est, ut consequat felis. Sed sagittis ipsum scelerisque, dictum nibh id, posuere augue. Integer facilisis aliquet elit, a egestas quam cursus quis. In mattis volutpat arcu. Vestibulum blandit purus sed nisi elementum.<\/p>\n<h4>150 \u00d7 150 k\u00e9p, amely balra van igaz\u00edtva<\/h4>\n<p><img loading=\"lazy\" decoding=\"async\" class=\"size-thumbnail wp-image-29 alignleft\" src=\"https:\/\/themes.getmotopress.com\/ciestra\/wp-content\/uploads\/sites\/21\/2018\/08\/01_restaurant-150x150.jpg\" alt=\"\" width=\"150\" height=\"150\" \/>Lorem ipsum dolor sit amet, consectetur adipiscing elit. Donec posuere augue quam. Proin ligula ligula, rutrum ut consectetur id, tincidunt sit amet ipsum. Proin magna dolor, fringilla non malesuada vitae, suscipit at est. Pellentesque ex orci, fringilla in viverra eu, interdum \u00e9s eros. Vivamus at scelerisque est.<\/p>\n<p>Quisque in justo ultrices, efficitur lorem quis, pharetra mauris. Vestibulum ante ipsum primis in faucibus orci luctus et ultrices posuere cubilia. Nunc ultricies nisl sollicitudin, maximus lacus bibendum, pharetra eros. In sed nibh arcu. Mauris in orci a neque posuere fermentum. Aliquam eu accumsan nulla. Phasellus tincidunt tristique arcu sed tempus. Praesent id lorem nec turpis porttitor semper. Quisque nec ligula erat. Pellentesque eu gravida lacus.<\/p>\n<p>Aliquam eu accumsan nulla. Phasellus tincidunt tristique arcu sed tempus. Praesent id Quisque interdum luctus est, ut consequat felis. Sed sagittis ipsum scelerisque, dictum nibh id, posuere augue. Integer facilisis aliquet elit, a egestas quam cursus quis. In mattis volutpat arcu. Vestibulum blandit purus sed nisi elementum.<\/p>\n<h4>Nagy k\u00e9p<\/h4>\n<p>Lorem ipsum dolor sit amet, consectetur adipiscing elit. Donec posuere augue quam. Proin ligula ligula, rutrum ut consectetur id, tincidunt sit amet ipsum.<\/p>\n<figure id=\"attachment_36\" aria-describedby=\"caption-attachment-36\" style=\"width: 1600px\" class=\"wp-caption aligncenter\"><img loading=\"lazy\" decoding=\"async\" class=\"wp-image-36 size-full\" src=\"https:\/\/rethymno.villas\/wp-content\/uploads\/surf_lesson.jpg\" alt=\"\" width=\"1600\" height=\"1067\" srcset=\"https:\/\/rethymno.villas\/wp-content\/uploads\/surf_lesson.jpg 1600w, https:\/\/rethymno.villas\/wp-content\/uploads\/surf_lesson-300x200.jpg 300w, https:\/\/rethymno.villas\/wp-content\/uploads\/surf_lesson-1024x683.jpg 1024w, https:\/\/rethymno.villas\/wp-content\/uploads\/surf_lesson-768x512.jpg 768w, https:\/\/rethymno.villas\/wp-content\/uploads\/surf_lesson-1536x1024.jpg 1536w, https:\/\/rethymno.villas\/wp-content\/uploads\/surf_lesson-891x594.jpg 891w\" sizes=\"(max-width: 1600px) 100vw, 1600px\" \/><figcaption id=\"caption-attachment-36\" class=\"wp-caption-text\">sz\u00f6rf leck\u00e9k<\/figcaption><\/figure>\n<p>In sed porta lectus, auctor bibendum est. Mauris tempor fermentum nisl vel imperdiet. Donec consequat sapien ac nisl pellentesque, eget condimentum felis rhoncus.<\/p>","protected":false},"excerpt":{"rendered":"<p>Ez az utols\u00f3 legfeljebb egy l\u00e1b magas, \u00e9s k\u00f6r\u00fclbel\u00fcl h\u00e9t l\u00e9p\u00e9snyi \u00e1tm\u00e9r\u0151j\u0171, egy sz\u00fcrke szikla lapos teteje, amely \u00fagy f\u00fcst\u00f6l, mint a forr\u00f3 salak zuhany ut\u00e1n, \u00e9s ahol senkinek sem lenne gondja, hogy naplemente el\u0151tt meztelen\u00fcl kock\u00e1ztasson. A Kis Isabelen egy r\u00e9gi rongyos teny\u00e9r, vastag [\u2026]<\/p>","protected":false},"author":1,"featured_media":0,"parent":0,"menu_order":0,"comment_status":"closed","ping_status":"closed","template":"","meta":{"inline_featured_image":false,"footnotes":""},"class_list":["post-80","page","type-page","status-publish","hentry"],"_links":{"self":[{"href":"https:\/\/rethymno.villas\/hu\/wp-json\/wp\/v2\/pages\/80","targetHints":{"allow":["GET"]}}],"collection":[{"href":"https:\/\/rethymno.villas\/hu\/wp-json\/wp\/v2\/pages"}],"about":[{"href":"https:\/\/rethymno.villas\/hu\/wp-json\/wp\/v2\/types\/page"}],"author":[{"embeddable":true,"href":"https:\/\/rethymno.villas\/hu\/wp-json\/wp\/v2\/users\/1"}],"replies":[{"embeddable":true,"href":"https:\/\/rethymno.villas\/hu\/wp-json\/wp\/v2\/comments?post=80"}],"version-history":[{"count":0,"href":"https:\/\/rethymno.villas\/hu\/wp-json\/wp\/v2\/pages\/80\/revisions"}],"wp:attachment":[{"href":"https:\/\/rethymno.villas\/hu\/wp-json\/wp\/v2\/media?parent=80"}],"curies":[{"name":"wp","href":"https:\/\/api.w.org\/{rel}","templated":true}]}}