{"id":80,"date":"2018-08-13T10:01:27","date_gmt":"2018-08-13T10:01:27","guid":{"rendered":"https:\/\/themes.getmotopress.com\/ciestra\/?page_id=80"},"modified":"2023-09-26T03:53:34","modified_gmt":"2023-09-26T00:53:34","slug":"tipografia","status":"publish","type":"page","link":"https:\/\/rethymno.villas\/it\/tipografia\/","title":{"rendered":"Tipografia"},"content":{"rendered":"<p>Quest&#039;ultima non \u00e8 pi\u00f9 alta di trenta centimetri e larga circa sette passi, \u00e8 una semplice cima piatta di una roccia grigia che fuma come una cenere calda dopo una doccia, e dove nessun uomo si prenderebbe la briga di avventurarsi con una suola nuda prima del tramonto. Sulla Piccola Isabella una vecchia palma cenciosa, dal tronco grosso e rigonfio, irto di spine, una vera strega tra le palme, fa frusciare un lugubre mazzo di foglie morte sopra la sabbia grossolana.<\/p>\n<h1>Rubrica 1 (H1)<\/h1>\n<p>Quest&#039;ultima non \u00e8 pi\u00f9 alta di trenta centimetri e larga circa sette passi, \u00e8 una semplice cima piatta di una roccia grigia che fuma come una cenere calda dopo una doccia, e dove nessun uomo si prenderebbe la briga di avventurarsi con una suola nuda prima del tramonto. Sulla Piccola Isabella una vecchia palma cenciosa, dal tronco grosso e rigonfio, irto di spine, una vera strega tra le palme, fa frusciare un lugubre mazzo di foglie morte sopra la sabbia grossolana.<\/p>\n<h2>Rubrica 2 (H2)<\/h2>\n<p>Quest&#039;ultima non \u00e8 pi\u00f9 alta di trenta centimetri e larga circa sette passi, \u00e8 una semplice cima piatta di una roccia grigia che fuma come una cenere calda dopo una doccia, e dove nessun uomo si prenderebbe la briga di avventurarsi con una suola nuda prima del tramonto. Sulla Piccola Isabella una vecchia palma cenciosa, dal tronco grosso e rigonfio, irto di spine, una vera strega tra le palme, fa frusciare un lugubre mazzo di foglie morte sopra la sabbia grossolana.<\/p>\n<h3>Rubrica 3 (H3)<\/h3>\n<p>Quest&#039;ultima non \u00e8 pi\u00f9 alta di trenta centimetri e larga circa sette passi, \u00e8 una semplice cima piatta di una roccia grigia che fuma come una cenere calda dopo una doccia, e dove nessun uomo si prenderebbe la briga di avventurarsi con una suola nuda prima del tramonto. Sulla Piccola Isabella una vecchia palma cenciosa, dal tronco grosso e rigonfio, irto di spine, una vera strega tra le palme, fa frusciare un lugubre mazzo di foglie morte sopra la sabbia grossolana.<\/p>\n<h4>Rubrica 4 (H4)<\/h4>\n<p>Quest&#039;ultima non \u00e8 pi\u00f9 alta di trenta centimetri e larga circa sette passi, \u00e8 una semplice cima piatta di una roccia grigia che fuma come una cenere calda dopo una doccia, e dove nessun uomo si prenderebbe la briga di avventurarsi con una suola nuda prima del tramonto. Sulla Piccola Isabella una vecchia palma cenciosa, dal tronco grosso e rigonfio, irto di spine, una vera strega tra le palme, fa frusciare un lugubre mazzo di foglie morte sopra la sabbia grossolana.<\/p>\n<h5>Rubrica 5 (H5)<\/h5>\n<p>Quest&#039;ultima non \u00e8 pi\u00f9 alta di trenta centimetri e larga circa sette passi, \u00e8 una semplice cima piatta di una roccia grigia che fuma come una cenere calda dopo una doccia, e dove nessun uomo si prenderebbe la briga di avventurarsi con una suola nuda prima del tramonto. Sulla Piccola Isabella una vecchia palma cenciosa, dal tronco grosso e rigonfio, irto di spine, una vera strega tra le palme, fa frusciare un lugubre mazzo di foglie morte sopra la sabbia grossolana.<\/p>\n<h6>Rubrica 6 (H6)<\/h6>\n<p>Quest&#039;ultima non \u00e8 pi\u00f9 alta di trenta centimetri e larga circa sette passi, \u00e8 una semplice cima piatta di una roccia grigia che fuma come una cenere calda dopo una doccia, e dove nessun uomo si prenderebbe la briga di avventurarsi con una suola nuda prima del tramonto. Sulla Piccola Isabella una vecchia palma cenciosa, dal tronco grosso e rigonfio, irto di spine, una vera strega tra le palme, fa frusciare un lugubre mazzo di foglie morte sopra la sabbia grossolana.<\/p>\n<h2>Blockquote<\/h2>\n<p>Citazione a riga singola:<\/p>\n<blockquote><p>Sii affamato. Rimanere sciocco.<\/p><\/blockquote>\n<p>Citazione a pi\u00f9 righe con riferimento a una citazione:<\/p>\n<blockquote cite=\"https:\/\/developer.mozilla.org\/en-US\/docs\/Web\/HTML\/Element\/blockquote\"><p>IL <strong>HTML <code><blockquote><\/code> Elemento<\/strong> (O <em>Elemento citazione del blocco HTML<\/em>) indica che il testo allegato \u00e8 una citazione estesa. Di solito, questo \u00e8 reso visivamente mediante rientro (vedi <a href=\"https:\/\/developer.mozilla.org\/en-US\/docs\/HTML\/Element\/blockquote#Notes\" target=\"_blank\" rel=\"noopener\">Appunti<\/a> per sapere come cambiarlo). \u00c8 possibile fornire un URL per la fonte della citazione utilizzando il file <strong>citare<\/strong> attributo, mentre una rappresentazione testuale della fonte pu\u00f2 essere fornita utilizzando l&#039;attributo <a title=\"L&#039;elemento Citazione HTML &lt;cite&gt;rappresenta un riferimento a un&#039;opera creativa. Deve includere il titolo di un&#039;opera o un riferimento URL, che pu\u00f2 essere in forma abbreviata secondo le convenzioni utilizzate per l&#039;aggiunta dei metadati delle citazioni.&lt;\/cite&gt;\" href=\"https:\/\/developer.mozilla.org\/en-US\/docs\/Web\/HTML\/Element\/cite\" target=\"_blank\" rel=\"noopener\"><code><cite><\/code><\/a> elemento.<\/p><\/blockquote>\n<p><cite>pi\u00f9 contributori<\/cite> \u2013 Riferimento all&#039;elemento HTML MDN \u2013 blockquote<\/p>\n<h2>Tabelle<\/h2>\n<table>\n<thead>\n<tr>\n<th>Dipendente<\/th>\n<th>Stipendio<\/th>\n<th><\/th>\n<\/tr>\n<\/thead>\n<tbody>\n<tr>\n<th><a href=\"http:\/\/example.org\/\" target=\"_blank\" rel=\"noopener\">John Do<\/a><\/th>\n<td>$1<\/td>\n<td>Perch\u00e9 questo \u00e8 tutto ci\u00f2 di cui Steve Jobs ha bisogno per uno stipendio.<\/td>\n<\/tr>\n<tr>\n<th><a href=\"http:\/\/example.org\/\" target=\"_blank\" rel=\"noopener\">Jane Doe<\/a><\/th>\n<td>$100K<\/td>\n<td>Per tutto il blogging che fa.<\/td>\n<\/tr>\n<tr>\n<th><a href=\"http:\/\/example.org\/\" target=\"_blank\" rel=\"noopener\">Fred Bloggs<\/a><\/th>\n<td>$100M<\/td>\n<td>Le immagini valgono pi\u00f9 di mille parole, giusto? Quindi Jane x 1.000.<\/td>\n<\/tr>\n<tr>\n<th><a href=\"http:\/\/example.org\/\" target=\"_blank\" rel=\"noopener\">Jane Bloggs<\/a><\/th>\n<td>$100B<\/td>\n<td>Con i capelli cos\u00ec?! \u00c8 stato detto abbastanza\u2026<\/td>\n<\/tr>\n<\/tbody>\n<\/table>\n<h2>Elenchi di definizioni<\/h2>\n<dl>\n<dt>Titolo dell&#039;elenco delle definizioni<\/dt>\n<dd>Divisione dell&#039;elenco di definizioni.<\/dd>\n<dt>Avviare<\/dt>\n<dd>Una startup o startup \u00e8 un&#039;azienda o un&#039;organizzazione temporanea progettata per ricercare un modello di business ripetibile e scalabile.<\/dd>\n<dt>#lavoro<\/dt>\n<dd>Coniato da Rob Dyrdek e dalla sua guardia del corpo personale Christopher &quot;Big Black&quot; Boykins, &quot;Do Work&quot; funziona come auto-motivante, per motivare i tuoi amici.<\/dd>\n<dt>Fallo dal vivo<\/dt>\n<dd>Lascer\u00f2 che lo faccia Bill O&#039;Reilly <a title=\"Lo faremo dal vivo\" href=\"https:\/\/www.youtube.com\/watch?v=O_HyZ5aW76c\" target=\"_blank\" rel=\"noopener\">spiegare<\/a> Questo.<\/dd>\n<\/dl>\n<h2>Elenchi non ordinati (nidificati)<\/h2>\n<ul>\n<li>Elenca la voce uno\n<ul>\n<li>Elenca la voce uno\n<ul>\n<li>Elenca la voce uno<\/li>\n<li>Elenca la voce due<\/li>\n<li>Elenca la voce tre<\/li>\n<li>Elenca la voce quattro<\/li>\n<\/ul>\n<\/li>\n<li>Elenca la voce due<\/li>\n<li>Elenca la voce tre<\/li>\n<li>Elenca la voce quattro<\/li>\n<\/ul>\n<\/li>\n<li>Elenca la voce due<\/li>\n<li>Elenca la voce tre<\/li>\n<li>Elenca la voce quattro<\/li>\n<\/ul>\n<h2>Elenco ordinato (nidificato)<\/h2>\n<ol start=\"8\">\n<li>Voce dell&#039;elenco uno: inizia dalle 8\n<ol>\n<li>Elenca la voce uno\n<ol reversed=\"reversed\">\n<li>Elemento dell&#039;elenco uno: attributo invertito<\/li>\n<li>Elenca la voce due<\/li>\n<li>Elenca la voce tre<\/li>\n<li>Elenca la voce quattro<\/li>\n<\/ol>\n<\/li>\n<li>Elenca la voce due<\/li>\n<li>Elenca la voce tre<\/li>\n<li>Elenca la voce quattro<\/li>\n<\/ol>\n<\/li>\n<li>Elenca la voce due<\/li>\n<li>Elenca la voce tre<\/li>\n<li>Elenca la voce quattro<\/li>\n<\/ol>\n<h2>Tag HTML<\/h2>\n<p>Questi tag supportati provengono dal codice WordPress.com <a title=\"Codice\" href=\"https:\/\/en.support.wordpress.com\/code\/\" target=\"_blank\" rel=\"noopener\">FAQ<\/a>.<\/p>\n<p><strong>Etichetta indirizzo<\/strong><\/p>\n<address>1 ciclo infinito<br \/>\nCopertino, CA 95014<br \/>\nstati Uniti<\/address>\n<p><strong>Tag di ancoraggio (ovvero collegamento)<\/strong><\/p>\n<p>Questo \u00e8 un esempio di a <a title=\"Fondazione WordPress\" href=\"https:\/\/wordpressfoundation.org\/\" target=\"_blank\" rel=\"noopener\">collegamento<\/a>.<\/p>\n<p><strong>Etichetta di abbreviazione<\/strong><\/p>\n<p>L&#039;abbreviazione <abbr title=\"Sul serio\">davvero<\/abbr> sta per \u201csul serio\u201d.<\/p>\n<p><strong>Acronimo Tag (<em>deprecato in HTML5<\/em>)<\/strong><\/p>\n<p>La sigla <acronym title=\"Per la vittoria\">ftw<\/acronym> sta per \u201cper la vittoria\u201d.<\/p>\n<p><strong>Grande etichetta<\/strong> (<em>deprecato in HTML5<\/em>)<\/p>\n<p>Questi test sono a <big>grande<\/big> deal, ma questo tag non \u00e8 pi\u00f9 supportato in HTML5.<\/p>\n<p><strong>Citare l&#039;etichetta<\/strong><\/p>\n<p>\u201cIl codice \u00e8 poesia.\u201d \u2014<cite>Automatico<\/cite><\/p>\n<p><strong>Etichetta codice<\/strong><\/p>\n<p>Questo tag stilizza blocchi di codice.<br \/>\n<code>.titolo del post {<br \/>\nmargine: 0 0 5px;<br \/>\npeso carattere: grassetto;<br \/>\ndimensione carattere: 38px;<br \/>\naltezza della linea: 1,2;<br \/>\ned ecco una riga di testo davvero, davvero, davvero, davvero lungo, solo per vedere come viene gestito e per scoprire come trabocca;<br \/>\n}<\/code><br \/>\nImparerai pi\u00f9 avanti in questi test che l&#039;avvolgimento delle parole: spezza-parola; sar\u00e0 il tuo migliore amico.<\/p>\n<p><strong>Elimina etichetta<\/strong><\/p>\n<p>Questo tag te lo permetter\u00e0 <del>barrare il testo<\/del>, ma questo tag lo \u00e8 <em>consigliato<\/em> supportato in HTML5 (utilizzare il file <code><s><\/code> Invece).<\/p>\n<p><strong>Enfatizza il tag<\/strong><\/p>\n<p>Il tag enfatizza dovrebbe <em>corsivo<\/em> <i>testo<\/i>.<\/p>\n<p><strong>Etichetta della regola orizzontale<\/strong><\/p>\n<hr \/>\n<p>Questa frase segue a <code>&lt;hr \/&gt;<\/code> etichetta.<\/p>\n<p><strong>Inserisci etichetta<\/strong><\/p>\n<p>Questo tag dovrebbe denotare <ins cite=\"inserted it\">inserito<\/ins> testo.<\/p>\n<p><strong>Etichetta della tastiera<\/strong><\/p>\n<p>Questo tag poco conosciuto emula <kbd>testo della tastiera<\/kbd>, che di solito ha lo stile di <code><code><\/code> etichetta.<\/p>\n<p><strong>Etichetta preformattata<\/strong><\/p>\n<p>Questo tag serve a preservare gli spazi bianchi cos\u00ec come vengono digitati, come nella poesia o nell&#039;arte ASCII.<\/p>\n<h2>La strada non presa<\/h2>\n<pre><cite>\r\nRoberto Gelo<\/cite>\r\n\r\n\r\n  Due strade divergevano in un bosco giallo, e mi dispiace non poterle percorrere entrambe (_\/) Ed essere un solo viaggiatore, a lungo rimasi fermo (=&#039;.&#039;=) E ne guardai una il pi\u00f9 lontano possibile (&quot;)_(&quot;) Dove si piegava nel sottobosco; Poi prese l&#039;altro, altrettanto giusto, e forse con la pretesa migliore, |_\/| Perch\u00e9 era erboso e aveva bisogno di segni di usura; \/ @ @ Anche se in quanto a ci\u00f2 il passaggio l\u00ec ( &gt; \u00ba &lt; ) li aveva indossati praticamente allo stesso modo, `&gt;&gt;x&lt;&lt;\u00b4 \/ O Ed entrambi quella mattina giacevano ugualmente nelle foglie nessun passo aveva calpestato il nero. Oh, ho tenuto il primo per un altro giorno! Eppure, sapendo che una strada porta all&#039;altra, dubitavo che sarei mai tornata. Lo racconter\u00f2 con un sospiro Da qualche parte tra secoli e secoli: Due strade divergevano in un bosco, e io... ho preso quella meno battuta, E questo ha fatto la differenza. ed ecco una riga di testo davvero, davvero, davvero, davvero lungo, solo per vedere come viene gestito e per scoprire come trabocca;<\/pre>\n<p><strong>Etichetta citazione<\/strong> per citazioni brevi in linea<\/p>\n<p><q>Sviluppatori, sviluppatori, sviluppatori\u2026<\/q> \u2013Steve Ballmer<\/p>\n<p><strong>Etichetta di sciopero<\/strong> (<em>deprecato in HTML5<\/em>) E <strong>Etichetta S<\/strong><\/p>\n<p>Questo tag mostra <span style=\"text-decoration: line-through;\">barrato<\/span> <s>testo<\/s>.<\/p>\n<p><strong>Etichetta piccola<\/strong><\/p>\n<p>Questo tag mostra <small>pi\u00f9 piccola<small> testo.<\/small><\/small><\/p>\n<p><strong>Etichetta forte<\/strong><\/p>\n<p>Questo tag mostra <strong>testo grassetto.<\/strong><\/p>\n<p><strong>Tag in pedice<\/strong><\/p>\n<p>Portare avanti il nostro stile scientifico con H<sub>2<\/sub>O, che dovrebbe spingere il &quot;2&quot; verso il basso.<\/p>\n<p><strong>Etichetta in apice<\/strong><\/p>\n<p>Restiamo ancora fedeli alla scienza e alla E = MC di Albert Einstein<sup>2<\/sup>, che dovrebbe sollevare il 2.<\/p>\n<p><strong>Etichetta telescrivente <\/strong>(<em>obsoleto in HTML5<\/em>)<\/p>\n<p>Questo tag usato raramente emula <tt>testo della telescrivente<\/tt>, che di solito ha lo stile di <code><code><\/code> etichetta.<\/p>\n<p><strong>Sottolinea l&#039;etichetta<\/strong> <em>deprecato in HTML 4, reintrodotto in HTML5 con altra semantica<\/em><\/p>\n<p>Questo tag mostra <u>testo sottolineato<\/u>.<\/p>\n<p><strong>Etichetta variabile<\/strong><\/p>\n<p>Ci\u00f2 ti consente di denotare <var>variabili<\/var>.<\/p>\n<h2>Allineamento dell&#039;immagine<\/h2>\n<h4>Immagine di allineamento centrale<\/h4>\n<p>Lorem ipsum dolor sit amet, consectetur adipiscing elit. Donec posuere augue quam. Proin ligula ligula, rutrum ut consectetur id, tincidunt sit amet ipsum.<\/p>\n<p><img fetchpriority=\"high\" decoding=\"async\" class=\"aligncenter size-large wp-image-39\" src=\"https:\/\/themes.getmotopress.com\/ciestra\/wp-content\/uploads\/sites\/21\/2018\/08\/triple_room_01-1024x728.jpg\" alt=\"\" width=\"746\" height=\"530\" srcset=\"https:\/\/rethymno.villas\/wp-content\/uploads\/triple_room_01-1024x728.jpg 1024w, https:\/\/rethymno.villas\/wp-content\/uploads\/triple_room_01-300x213.jpg 300w, https:\/\/rethymno.villas\/wp-content\/uploads\/triple_room_01-768x546.jpg 768w, https:\/\/rethymno.villas\/wp-content\/uploads\/triple_room_01-1536x1092.jpg 1536w, https:\/\/rethymno.villas\/wp-content\/uploads\/triple_room_01-891x633.jpg 891w, https:\/\/rethymno.villas\/wp-content\/uploads\/triple_room_01-235x167.jpg 235w, https:\/\/rethymno.villas\/wp-content\/uploads\/triple_room_01.jpg 1600w\" sizes=\"(max-width: 746px) 100vw, 746px\" \/>In sed porta lectus, auctor bibendum est. Mauris tempor fermentum nisl vel imperdiet. Donec consequat sapien ac nisl pellentesque, eget condimentum felis rhoncus.<\/p>\n<h4>Immagine di allineamento a sinistra<\/h4>\n<p><img decoding=\"async\" class=\"alignleft wp-image-25 size-medium\" src=\"https:\/\/themes.getmotopress.com\/ciestra\/wp-content\/uploads\/sites\/21\/2018\/08\/03_conference_rom-300x233.jpg\" alt=\"\" width=\"300\" height=\"233\" \/>Lorem ipsum dolor sit amet, consectetur adipiscing elit. Donec posuere augue quam. Proin ligula ligula, rutrum ut consectetur id, tincidunt sit amet ipsum. Proin magna dolor, fringilla non malesuada vitae, suscipit at est. Pellentesque ex orci, fringilla in viverra eu, interdum at eros. Vivamus at scelerisque est.<\/p>\n<p>Quisque in justo ultrices, efficitur lorem quis, pharetra mauris. Vestibolo ante ipsum primis in faucibus orci luctus et ultrices posuere cubilia. Nunc ultricies nisl sollicitudin, maximus lacus bibendum, pharetra eros. In sed nibh arcu. Mauris in orci a neque posuere fermentum. Aliquam eu accumsan nulla. Phasellus tincidunt tristique arcu sed tempus. Praesent id lorem nec turpis porttitor semper. Quisque nec ligula erat. Pellentesque eu gravida lacus.<\/p>\n<p>Aliquam eu accumsan nulla. Phasellus tincidunt tristique arcu sed tempus. Praesent id Quisque interdum luctus est, ut consequat felis. Sed sagittis ipsum scelerisque, dictum nibh id, posuere augue. Intero facilisis aliquet elit, a egestas quam cursus quis. In mattis volutpat arcu. Vestibolo blandit purus sed nisi elementum.<\/p>\n<h4>Immagine di allineamento a destra<\/h4>\n<p><img decoding=\"async\" class=\"alignright wp-image-23 size-medium\" src=\"https:\/\/themes.getmotopress.com\/ciestra\/wp-content\/uploads\/sites\/21\/2018\/08\/04_home_theather-300x233.jpg\" alt=\"\" width=\"300\" height=\"233\" \/>Lorem ipsum dolor sit amet, consectetur adipiscing elit. Donec posuere augue quam. Proin ligula ligula, rutrum ut consectetur id, tincidunt sit amet ipsum. Proin magna dolor, fringilla non malesuada vitae, suscipit at est. Pellentesque ex orci, fringilla in viverra eu, interdum at eros. Vivamus at scelerisque est.<\/p>\n<p>Quisque in justo ultrices, efficitur lorem quis, pharetra mauris. Vestibolo ante ipsum primis in faucibus orci luctus et ultrices posuere cubilia. Nunc ultricies nisl sollicitudin, maximus lacus bibendum, pharetra eros. In sed nibh arcu. Mauris in orci a neque posuere fermentum. Aliquam eu accumsan nulla. Phasellus tincidunt tristique arcu sed tempus. Praesent id lorem nec turpis porttitor semper. Quisque nec ligula erat. Pellentesque eu gravida lacus.<\/p>\n<p>Aliquam eu accumsan nulla. Phasellus tincidunt tristique arcu sed tempus. Praesent id Quisque interdum luctus est, ut consequat felis. Sed sagittis ipsum scelerisque, dictum nibh id, posuere augue. Intero facilisis aliquet elit, a egestas quam cursus quis. In mattis volutpat arcu. Vestibolo blandit purus sed nisi elementum.<\/p>\n<h4>Immagine 150 \u00d7 150, allineata a sinistra<\/h4>\n<p><img loading=\"lazy\" decoding=\"async\" class=\"size-thumbnail wp-image-29 alignleft\" src=\"https:\/\/themes.getmotopress.com\/ciestra\/wp-content\/uploads\/sites\/21\/2018\/08\/01_restaurant-150x150.jpg\" alt=\"\" width=\"150\" height=\"150\" \/>Lorem ipsum dolor sit amet, consectetur adipiscing elit. Donec posuere augue quam. Proin ligula ligula, rutrum ut consectetur id, tincidunt sit amet ipsum. Proin magna dolor, fringilla non malesuada vitae, suscipit at est. Pellentesque ex orci, fringilla in viverra eu, interdum at eros. Vivamus at scelerisque est.<\/p>\n<p>Quisque in justo ultrices, efficitur lorem quis, pharetra mauris. Vestibolo ante ipsum primis in faucibus orci luctus et ultrices posuere cubilia. Nunc ultricies nisl sollicitudin, maximus lacus bibendum, pharetra eros. In sed nibh arcu. Mauris in orci a neque posuere fermentum. Aliquam eu accumsan nulla. Phasellus tincidunt tristique arcu sed tempus. Praesent id lorem nec turpis porttitor semper. Quisque nec ligula erat. Pellentesque eu gravida lacus.<\/p>\n<p>Aliquam eu accumsan nulla. Phasellus tincidunt tristique arcu sed tempus. Praesent id Quisque interdum luctus est, ut consequat felis. Sed sagittis ipsum scelerisque, dictum nibh id, posuere augue. Intero facilisis aliquet elit, a egestas quam cursus quis. In mattis volutpat arcu. Vestibolo blandit purus sed nisi elementum.<\/p>\n<h4>Immagine di grandi dimensioni<\/h4>\n<p>Lorem ipsum dolor sit amet, consectetur adipiscing elit. Donec posuere augue quam. Proin ligula ligula, rutrum ut consectetur id, tincidunt sit amet ipsum.<\/p>\n<figure id=\"attachment_36\" aria-describedby=\"caption-attachment-36\" style=\"width: 1600px\" class=\"wp-caption aligncenter\"><img loading=\"lazy\" decoding=\"async\" class=\"wp-image-36 size-full\" src=\"https:\/\/rethymno.villas\/wp-content\/uploads\/surf_lesson.jpg\" alt=\"\" width=\"1600\" height=\"1067\" srcset=\"https:\/\/rethymno.villas\/wp-content\/uploads\/surf_lesson.jpg 1600w, https:\/\/rethymno.villas\/wp-content\/uploads\/surf_lesson-300x200.jpg 300w, https:\/\/rethymno.villas\/wp-content\/uploads\/surf_lesson-1024x683.jpg 1024w, https:\/\/rethymno.villas\/wp-content\/uploads\/surf_lesson-768x512.jpg 768w, https:\/\/rethymno.villas\/wp-content\/uploads\/surf_lesson-1536x1024.jpg 1536w, https:\/\/rethymno.villas\/wp-content\/uploads\/surf_lesson-891x594.jpg 891w\" sizes=\"(max-width: 1600px) 100vw, 1600px\" \/><figcaption id=\"caption-attachment-36\" class=\"wp-caption-text\">lezioni di surf<\/figcaption><\/figure>\n<p>In sed porta lectus, auctor bibendum est. Mauris tempor fermentum nisl vel imperdiet. Donec consequat sapien ac nisl pellentesque, eget condimentum felis rhoncus.<\/p>","protected":false},"excerpt":{"rendered":"<p>Quest&#039;ultima non \u00e8 pi\u00f9 alta di trenta centimetri e larga circa sette passi, \u00e8 una semplice cima piatta di una roccia grigia che fuma come una cenere calda dopo una doccia, e dove nessun uomo si prenderebbe la briga di avventurarsi con una suola nuda prima del tramonto. Sulla Piccola Isabella una vecchia palma cenciosa, dal folto [\u2026]<\/p>","protected":false},"author":1,"featured_media":0,"parent":0,"menu_order":0,"comment_status":"closed","ping_status":"closed","template":"","meta":{"inline_featured_image":false,"footnotes":""},"class_list":["post-80","page","type-page","status-publish","hentry"],"_links":{"self":[{"href":"https:\/\/rethymno.villas\/it\/wp-json\/wp\/v2\/pages\/80","targetHints":{"allow":["GET"]}}],"collection":[{"href":"https:\/\/rethymno.villas\/it\/wp-json\/wp\/v2\/pages"}],"about":[{"href":"https:\/\/rethymno.villas\/it\/wp-json\/wp\/v2\/types\/page"}],"author":[{"embeddable":true,"href":"https:\/\/rethymno.villas\/it\/wp-json\/wp\/v2\/users\/1"}],"replies":[{"embeddable":true,"href":"https:\/\/rethymno.villas\/it\/wp-json\/wp\/v2\/comments?post=80"}],"version-history":[{"count":0,"href":"https:\/\/rethymno.villas\/it\/wp-json\/wp\/v2\/pages\/80\/revisions"}],"wp:attachment":[{"href":"https:\/\/rethymno.villas\/it\/wp-json\/wp\/v2\/media?parent=80"}],"curies":[{"name":"scrivere","href":"https:\/\/api.w.org\/{rel}","templated":true}]}}