{"id":2,"date":"2023-09-25T19:53:56","date_gmt":"2023-09-25T19:53:56","guid":{"rendered":"https:\/\/rethymno.villas\/?page_id=2"},"modified":"2023-09-25T19:53:56","modified_gmt":"2023-09-25T19:53:56","slug":"eksempelside","status":"publish","type":"page","link":"https:\/\/rethymno.villas\/nb\/eksempelside\/","title":{"rendered":"Eksempelside"},"content":{"rendered":"<p>Dette er en eksempelside. Det er forskjellig fra et blogginnlegg fordi det forblir p\u00e5 ett sted og vises i navigasjonen p\u00e5 nettstedet ditt (i de fleste temaer). De fleste starter med en Om-side som introduserer dem til potensielle bes\u00f8kende p\u00e5 nettstedet. Det kan si noe s\u00e5nt som dette:<\/p>\n\n\n\n<blockquote class=\"wp-block-quote is-layout-flow wp-block-quote-is-layout-flow\"><p>Hei der! Jeg er en sykkelbud om dagen, ambisi\u00f8s skuespiller om natten, og dette er nettstedet mitt. Jeg bor i Los Angeles, har en flott hund som heter Jack, og jeg liker pi\u00f1a coladas. (Og blir fanget i regnet.)<\/p><\/blockquote>\n\n\n\n<p>\u2026eller noe s\u00e5nt som dette:<\/p>\n\n\n\n<blockquote class=\"wp-block-quote is-layout-flow wp-block-quote-is-layout-flow\"><p>XYZ Doohickey Company ble grunnlagt i 1971, og har levert kvalitetsdoohickeys til publikum siden den gang. XYZ ligger i Gotham City, og sysselsetter over 2000 mennesker og gj\u00f8r alle slags fantastiske ting for Gotham-samfunnet.<\/p><\/blockquote>\n\n\n\n<p>Som ny WordPress-bruker b\u00f8r du g\u00e5 til <a href=\"https:\/\/rethymno.villas\/wp-admin\/\">dashbordet ditt<\/a> for \u00e5 slette denne siden og opprette nye sider for innholdet ditt. Ha det g\u00f8y!<\/p>","protected":false},"excerpt":{"rendered":"<p>Dette er en eksempelside. Det er forskjellig fra et blogginnlegg fordi det forblir p\u00e5 ett sted og vises i navigasjonen p\u00e5 nettstedet ditt (i de fleste temaer). De fleste starter med en Om-side som introduserer dem til potensielle bes\u00f8kende p\u00e5 nettstedet. Det kan si noe s\u00e5nt som dette: Hei! Jeg er en sykkelbudbringer [\u2026]<\/p>","protected":false},"author":1,"featured_media":0,"parent":0,"menu_order":0,"comment_status":"closed","ping_status":"open","template":"","meta":{"inline_featured_image":false,"footnotes":""},"class_list":["post-2","page","type-page","status-publish","hentry"],"_links":{"self":[{"href":"https:\/\/rethymno.villas\/nb\/wp-json\/wp\/v2\/pages\/2","targetHints":{"allow":["GET"]}}],"collection":[{"href":"https:\/\/rethymno.villas\/nb\/wp-json\/wp\/v2\/pages"}],"about":[{"href":"https:\/\/rethymno.villas\/nb\/wp-json\/wp\/v2\/types\/page"}],"author":[{"embeddable":true,"href":"https:\/\/rethymno.villas\/nb\/wp-json\/wp\/v2\/users\/1"}],"replies":[{"embeddable":true,"href":"https:\/\/rethymno.villas\/nb\/wp-json\/wp\/v2\/comments?post=2"}],"version-history":[{"count":0,"href":"https:\/\/rethymno.villas\/nb\/wp-json\/wp\/v2\/pages\/2\/revisions"}],"wp:attachment":[{"href":"https:\/\/rethymno.villas\/nb\/wp-json\/wp\/v2\/media?parent=2"}],"curies":[{"name":"wp","href":"https:\/\/api.w.org\/{rel}","templated":true}]}}