{"id":80,"date":"2018-08-13T10:01:27","date_gmt":"2018-08-13T10:01:27","guid":{"rendered":"https:\/\/themes.getmotopress.com\/ciestra\/?page_id=80"},"modified":"2023-09-26T03:53:34","modified_gmt":"2023-09-26T00:53:34","slug":"typografi","status":"publish","type":"page","link":"https:\/\/rethymno.villas\/nb\/typografi\/","title":{"rendered":"Typografi"},"content":{"rendered":"<p>Den siste er ikke mer enn en fot h\u00f8y, og omtrent syv skritt p\u00e5 tvers, bare en flat topp av en gr\u00e5 stein som ryker som en varm slagg etter en dusj, og hvor ingen ville bry seg om \u00e5 v\u00e5ge en naken s\u00e5le f\u00f8r solnedgang. P\u00e5 Lille Isabel rasler en gammel fillete palme, med en tykk svulmende stamme grov med pigger, en veldig heks blant palmetr\u00e6r, en dyster haug med d\u00f8de blader over den grove sanden.<\/p>\n<h1>Overskrift 1 (H1)<\/h1>\n<p>Den siste er ikke mer enn en fot h\u00f8y, og omtrent syv skritt p\u00e5 tvers, bare en flat topp av en gr\u00e5 stein som ryker som en varm slagg etter en dusj, og hvor ingen ville bry seg om \u00e5 v\u00e5ge en naken s\u00e5le f\u00f8r solnedgang. P\u00e5 Lille Isabel rasler en gammel fillete palme, med en tykk svulmende stamme grov med pigger, en veldig heks blant palmetr\u00e6r, en dyster haug med d\u00f8de blader over den grove sanden.<\/p>\n<h2>Overskrift 2 (H2)<\/h2>\n<p>Den siste er ikke mer enn en fot h\u00f8y, og omtrent syv skritt p\u00e5 tvers, bare en flat topp av en gr\u00e5 stein som ryker som en varm slagg etter en dusj, og hvor ingen ville bry seg om \u00e5 v\u00e5ge en naken s\u00e5le f\u00f8r solnedgang. P\u00e5 Lille Isabel rasler en gammel fillete palme, med en tykk svulmende stamme grov med pigger, en veldig heks blant palmetr\u00e6r, en dyster haug med d\u00f8de blader over den grove sanden.<\/p>\n<h3>Overskrift 3 (H3)<\/h3>\n<p>Den siste er ikke mer enn en fot h\u00f8y, og omtrent syv skritt p\u00e5 tvers, bare en flat topp av en gr\u00e5 stein som ryker som en varm slagg etter en dusj, og hvor ingen ville bry seg om \u00e5 v\u00e5ge en naken s\u00e5le f\u00f8r solnedgang. P\u00e5 Lille Isabel rasler en gammel fillete palme, med en tykk svulmende stamme grov med pigger, en veldig heks blant palmetr\u00e6r, en dyster haug med d\u00f8de blader over den grove sanden.<\/p>\n<h4>Overskrift 4 (H4)<\/h4>\n<p>Den siste er ikke mer enn en fot h\u00f8y, og omtrent syv skritt p\u00e5 tvers, bare en flat topp av en gr\u00e5 stein som ryker som en varm slagg etter en dusj, og hvor ingen ville bry seg om \u00e5 v\u00e5ge en naken s\u00e5le f\u00f8r solnedgang. P\u00e5 Lille Isabel rasler en gammel fillete palme, med en tykk svulmende stamme grov med pigger, en veldig heks blant palmetr\u00e6r, en dyster haug med d\u00f8de blader over den grove sanden.<\/p>\n<h5>Overskrift 5 (H5)<\/h5>\n<p>Den siste er ikke mer enn en fot h\u00f8y, og omtrent syv skritt p\u00e5 tvers, bare en flat topp av en gr\u00e5 stein som ryker som en varm slagg etter en dusj, og hvor ingen ville bry seg om \u00e5 v\u00e5ge en naken s\u00e5le f\u00f8r solnedgang. P\u00e5 Lille Isabel rasler en gammel fillete palme, med en tykk svulmende stamme grov med pigger, en veldig heks blant palmetr\u00e6r, en dyster haug med d\u00f8de blader over den grove sanden.<\/p>\n<h6>Overskrift 6 (H6)<\/h6>\n<p>Den siste er ikke mer enn en fot h\u00f8y, og omtrent syv skritt p\u00e5 tvers, bare en flat topp av en gr\u00e5 stein som ryker som en varm slagg etter en dusj, og hvor ingen ville bry seg om \u00e5 v\u00e5ge en naken s\u00e5le f\u00f8r solnedgang. P\u00e5 Lille Isabel rasler en gammel fillete palme, med en tykk svulmende stamme grov med pigger, en veldig heks blant palmetr\u00e6r, en dyster haug med d\u00f8de blader over den grove sanden.<\/p>\n<h2>Blockquotes<\/h2>\n<p>Enkeltlinje blokksitat:<\/p>\n<blockquote><p>V\u00e6r sulten. Forbli fjasete.<\/p><\/blockquote>\n<p>Flerlinjers blokksitat med en sitatreferanse:<\/p>\n<blockquote cite=\"https:\/\/developer.mozilla.org\/en-US\/docs\/Web\/HTML\/Element\/blockquote\"><p>De <strong>HTML <code><blockquote><\/code> Element<\/strong> (eller <em>HTML Block Quote Element<\/em>) indikerer at den vedlagte teksten er et utvidet sitat. Vanligvis gjengis dette visuelt ved innrykk (se <a href=\"https:\/\/developer.mozilla.org\/en-US\/docs\/HTML\/Element\/blockquote#Notes\" target=\"_blank\" rel=\"noopener\">Notater<\/a> for hvordan du endrer det). En URL for kilden til sitatet kan gis ved \u00e5 bruke <strong>sitere<\/strong> attributt, mens en tekstrepresentasjon av kilden kan gis ved \u00e5 bruke <a title=\"HTML Citation Element &lt;cite&gt;representerer en referanse til et kreativt arbeid. Den m\u00e5 inneholde tittelen p\u00e5 et verk eller en URL-referanse, som kan v\u00e6re i forkortet form i henhold til konvensjonene som brukes for \u00e5 legge til siteringsmetadata.&lt;\/cite&gt;\" href=\"https:\/\/developer.mozilla.org\/en-US\/docs\/Web\/HTML\/Element\/cite\" target=\"_blank\" rel=\"noopener\"><code><cite><\/code><\/a> element.<\/p><\/blockquote>\n<p><cite>flere bidragsytere<\/cite> \u2013 MDN HTML-elementreferanse \u2013 blockquote<\/p>\n<h2>Tabeller<\/h2>\n<table>\n<thead>\n<tr>\n<th>Ansatt<\/th>\n<th>L\u00f8nn<\/th>\n<th><\/th>\n<\/tr>\n<\/thead>\n<tbody>\n<tr>\n<th><a href=\"http:\/\/example.org\/\" target=\"_blank\" rel=\"noopener\">John Doe<\/a><\/th>\n<td>$1<\/td>\n<td>For det er alt Steve Jobs trengte for l\u00f8nn.<\/td>\n<\/tr>\n<tr>\n<th><a href=\"http:\/\/example.org\/\" target=\"_blank\" rel=\"noopener\">Jane Doe<\/a><\/th>\n<td>$100K<\/td>\n<td>For all bloggingen hun driver med.<\/td>\n<\/tr>\n<tr>\n<th><a href=\"http:\/\/example.org\/\" target=\"_blank\" rel=\"noopener\">Fred Bloggs<\/a><\/th>\n<td>$100M<\/td>\n<td>Bilder sier mer enn tusen ord, ikke sant? S\u00e5 Jane x 1000.<\/td>\n<\/tr>\n<tr>\n<th><a href=\"http:\/\/example.org\/\" target=\"_blank\" rel=\"noopener\">Jane blogger<\/a><\/th>\n<td>$100B<\/td>\n<td>Med s\u00e5nn h\u00e5r?! Nok sagt\u2026<\/td>\n<\/tr>\n<\/tbody>\n<\/table>\n<h2>Definisjonslister<\/h2>\n<dl>\n<dt>Definisjonslistetittel<\/dt>\n<dd>Definisjon listeinndeling.<\/dd>\n<dt>Oppstart<\/dt>\n<dd>Et oppstartsselskap eller oppstart er et selskap eller en midlertidig organisasjon designet for \u00e5 s\u00f8ke etter en repeterbar og skalerbar forretningsmodell.<\/dd>\n<dt>#arbeid<\/dt>\n<dd>Laget av Rob Dyrdek og hans personlige livvakt Christopher &quot;Big Black&quot; Boykins, fungerer &quot;Do Work&quot; som en selvmotiverende for \u00e5 motivere vennene dine.<\/dd>\n<dt>Gj\u00f8r det live<\/dt>\n<dd>Jeg lar Bill O&#039;Reilly gj\u00f8re det <a title=\"Vi gj\u00f8r det live\" href=\"https:\/\/www.youtube.com\/watch?v=O_HyZ5aW76c\" target=\"_blank\" rel=\"noopener\">forklare<\/a> denne.<\/dd>\n<\/dl>\n<h2>Uordnede lister (nestet)<\/h2>\n<ul>\n<li>Listepunkt \u00e9n\n<ul>\n<li>Listepunkt \u00e9n\n<ul>\n<li>Listepunkt \u00e9n<\/li>\n<li>Listepunkt to<\/li>\n<li>Listepunkt tre<\/li>\n<li>Listepunkt fire<\/li>\n<\/ul>\n<\/li>\n<li>Listepunkt to<\/li>\n<li>Listepunkt tre<\/li>\n<li>Listepunkt fire<\/li>\n<\/ul>\n<\/li>\n<li>Listepunkt to<\/li>\n<li>Listepunkt tre<\/li>\n<li>Listepunkt fire<\/li>\n<\/ul>\n<h2>Ordnet liste (nestet)<\/h2>\n<ol start=\"8\">\n<li>Listeelement \u00e9n - start kl 8\n<ol>\n<li>Listepunkt \u00e9n\n<ol reversed=\"reversed\">\n<li>Listeelement \u00e9n - reversert attributt<\/li>\n<li>Listepunkt to<\/li>\n<li>Listepunkt tre<\/li>\n<li>Listepunkt fire<\/li>\n<\/ol>\n<\/li>\n<li>Listepunkt to<\/li>\n<li>Listepunkt tre<\/li>\n<li>Listepunkt fire<\/li>\n<\/ol>\n<\/li>\n<li>Listepunkt to<\/li>\n<li>Listepunkt tre<\/li>\n<li>Listepunkt fire<\/li>\n<\/ol>\n<h2>HTML-tagger<\/h2>\n<p>Disse st\u00f8ttede kodene kommer fra WordPress.com-koden <a title=\"Kode\" href=\"https:\/\/en.support.wordpress.com\/code\/\" target=\"_blank\" rel=\"noopener\">FAQ<\/a>.<\/p>\n<p><strong>Adresse-tag<\/strong><\/p>\n<address>1 uendelig sl\u00f8yfe<br \/>\nCupertino, CA 95014<br \/>\nforente stater<\/address>\n<p><strong>Ankermerke (aka. Link)<\/strong><\/p>\n<p>Dette er et eksempel p\u00e5 en <a title=\"WordPress Foundation\" href=\"https:\/\/wordpressfoundation.org\/\" target=\"_blank\" rel=\"noopener\">link<\/a>.<\/p>\n<p><strong>Forkortelse Tag<\/strong><\/p>\n<p>Forkortelsen <abbr title=\"Alvor\">srsly<\/abbr> st\u00e5r for &quot;seri\u00f8st&quot;.<\/p>\n<p><strong>Akronym Tag (<em>avviklet i HTML5<\/em>)<\/strong><\/p>\n<p>Akronymet <acronym title=\"For seieren\">ftw<\/acronym> st\u00e5r for \u00abfor the win\u00bb.<\/p>\n<p><strong>Stor Tag<\/strong> (<em>avviklet i HTML5<\/em>)<\/p>\n<p>Disse testene er en <big>stor<\/big> avtale, men denne taggen st\u00f8ttes ikke lenger i HTML5.<\/p>\n<p><strong>Sitere Tag<\/strong><\/p>\n<p>&quot;Kode er poesi.&quot; \u2014<cite>Automatisk<\/cite><\/p>\n<p><strong>Kode Tag<\/strong><\/p>\n<p>Denne taggen stiler blokker med kode.<br \/>\n<code>.post-title {<br \/>\nmargin: 0 0 5px;<br \/>\nfont-weight: fet;<br \/>\nskriftst\u00f8rrelse: 38px;<br \/>\nlinjeh\u00f8yde: 1,2;<br \/>\nog her er en linje med virkelig, virkelig, virkelig, veldig lang tekst, bare for \u00e5 se hvordan den blir h\u00e5ndtert og for \u00e5 finne ut hvordan den flyter over;<br \/>\n}<\/code><br \/>\nDu vil l\u00e6re senere i disse testene at ordomslag: break-word;vil v\u00e6re din beste venn.<\/p>\n<p><strong>Slett tag<\/strong><\/p>\n<p>Denne taggen lar deg <del>stryk tekst<\/del>, men denne taggen er <em>anbefales<\/em> st\u00f8ttes i HTML5 (bruk <code><s><\/code> i stedet).<\/p>\n<p><strong>Fremhev Tag<\/strong><\/p>\n<p>Fremhev-taggen skal <em>kursivere<\/em> <i>tekst<\/i>.<\/p>\n<p><strong>Horisontal regeltag<\/strong><\/p>\n<hr \/>\n<p>Denne setningen f\u00f8lger a <code>&lt;hr \/&gt;<\/code> stikkord.<\/p>\n<p><strong>Sett inn tag<\/strong><\/p>\n<p>Denne taggen skal angi <ins cite=\"inserted it\">satt inn<\/ins> tekst.<\/p>\n<p><strong>Tastaturmerke<\/strong><\/p>\n<p>Denne knapt kjente taggen emulerer <kbd>tastaturtekst<\/kbd>, som vanligvis er stylet som <code><code><\/code> stikkord.<\/p>\n<p><strong>Forh\u00e5ndsformatert tag<\/strong><\/p>\n<p>Denne taggen er for \u00e5 bevare mellomrom som skrevet, for eksempel i poesi eller ASCII-kunst.<\/p>\n<h2>Veien ikke tatt<\/h2>\n<pre><cite>\r\nRobert Frost<\/cite>\r\n\r\n\r\n  To veier skilte seg i en gul skog, Og beklager at jeg ikke kunne reise begge (_\/) Og v\u00e6re \u00e9n reisende, lenge jeg stod (=&#039;.&#039;=) Og s\u00e5 ned en s\u00e5 langt jeg kunne (&quot;)_(&quot;) Dit den b\u00f8yde seg i underskogen; S\u00e5 tok den andre, som like rettferdig, Og har kanskje bedre krav, |_\/| For det var gresskledd og ville ha slitasje; \/ @ @ Skj\u00f8nt som for at passeringen der ( &gt; \u00ba &lt; ) hadde slitt dem egentlig omtrent det samme, `&gt;&gt;x&lt;&lt;\u00b4 \/ O Og begge den morgenen l\u00e5 like i blader ingen skritt hadde tr\u00e5kket svart. \u00c5, jeg beholdt den f\u00f8rste for en annen dag! Men da jeg visste hvordan veien f\u00f8rer til veien, tvilte jeg p\u00e5 om jeg noen gang skulle komme tilbake. Jeg skal fortelle dette med et sukk. Et sted omaldrer og eldes derfor: To veier divergerte i en skog, og jeg \u2013 jeg tok den som var mindre reist, og det har gjort hele forskjellen. og her er en linje med virkelig, virkelig, virkelig, veldig lang tekst, bare for \u00e5 se hvordan den blir h\u00e5ndtert og for \u00e5 finne ut hvordan den flyter over;<\/pre>\n<p><strong>Sitat Tag<\/strong> for korte, innebygde sitater<\/p>\n<p><q>Utviklere, utviklere, utviklere...<\/q> \u2013Steve Ballmer<\/p>\n<p><strong>Strike Tag<\/strong> (<em>avviklet i HTML5<\/em>) og <strong>S Tag<\/strong><\/p>\n<p>Denne taggen viser <span style=\"text-decoration: line-through;\">gjennomslag<\/span> <s>tekst<\/s>.<\/p>\n<p><strong>Liten Tag<\/strong><\/p>\n<p>Denne taggen viser <small>mindre<small> tekst.<\/small><\/small><\/p>\n<p><strong>Sterk Tag<\/strong><\/p>\n<p>Denne taggen viser <strong>fet tekst.<\/strong><\/p>\n<p><strong>Subscript Tag<\/strong><\/p>\n<p>F\u00e5 i gang vitenskapelig styling med H<sub>2<\/sub>O, som skal trykke &quot;2&quot; ned.<\/p>\n<p><strong>Superscript Tag<\/strong><\/p>\n<p>Holder seg fortsatt til vitenskapen og Albert Einsteins E = MC<sup>2<\/sup>, som skal l\u00f8fte de 2 opp.<\/p>\n<p><strong>Teletype Tag <\/strong>(<em>foreldet i HTML5<\/em>)<\/p>\n<p>Denne sjelden brukte taggen emulerer <tt>teleskriv tekst<\/tt>, som vanligvis er stylet som <code><code><\/code> stikkord.<\/p>\n<p><strong>Understrek tag<\/strong> <em>avviklet i HTML 4, re-introdusert i HTML5 med annen semantikk<\/em><\/p>\n<p>Denne taggen viser <u>understreket tekst<\/u>.<\/p>\n<p><strong>Variabel Tag<\/strong><\/p>\n<p>Dette lar deg betegne <var>variabler<\/var>.<\/p>\n<h2>Bildebelysning<\/h2>\n<h4>Senterjusteringsbilde<\/h4>\n<p>Lorem ipsum dolor sit amet, consectetur adipiscing elit. Donec posuere augue quam. Proin ligula ligula, rutrum ut consectetur id, tincidunt sit amet ipsum.<\/p>\n<p><img fetchpriority=\"high\" decoding=\"async\" class=\"aligncenter size-large wp-image-39\" src=\"https:\/\/themes.getmotopress.com\/ciestra\/wp-content\/uploads\/sites\/21\/2018\/08\/triple_room_01-1024x728.jpg\" alt=\"\" width=\"746\" height=\"530\" srcset=\"https:\/\/rethymno.villas\/wp-content\/uploads\/triple_room_01-1024x728.jpg 1024w, https:\/\/rethymno.villas\/wp-content\/uploads\/triple_room_01-300x213.jpg 300w, https:\/\/rethymno.villas\/wp-content\/uploads\/triple_room_01-768x546.jpg 768w, https:\/\/rethymno.villas\/wp-content\/uploads\/triple_room_01-1536x1092.jpg 1536w, https:\/\/rethymno.villas\/wp-content\/uploads\/triple_room_01-891x633.jpg 891w, https:\/\/rethymno.villas\/wp-content\/uploads\/triple_room_01-235x167.jpg 235w, https:\/\/rethymno.villas\/wp-content\/uploads\/triple_room_01.jpg 1600w\" sizes=\"(max-width: 746px) 100vw, 746px\" \/>I sed porta lectus, auktor bibendum est. Mauris tempor fermentum nisl vel imperdiet. Donec consequat sapien ac nisl pellentesque, eget condimentum felis rhoncus.<\/p>\n<h4>Venstrejusteringsbilde<\/h4>\n<p><img decoding=\"async\" class=\"alignleft wp-image-25 size-medium\" src=\"https:\/\/themes.getmotopress.com\/ciestra\/wp-content\/uploads\/sites\/21\/2018\/08\/03_conference_rom-300x233.jpg\" alt=\"\" width=\"300\" height=\"233\" \/>Lorem ipsum dolor sit amet, consectetur adipiscing elit. Donec posuere augue quam. Proin ligula ligula, rutrum ut consectetur id, tincidunt sit amet ipsum. Proin magna dolor, fringilla non malesuada vitae, suscipit p\u00e5 est. Pellentesque ex orci, fringilla in viverra eu, interdum at eros. Vivamus at scelerisque est.<\/p>\n<p>Quisque in justo ultrices, efficitur lorem quis, pharetra mauris. Vestibulum ante ipsum primis i faucibus orci luctus et ultrices posuere cubilia. Nunc ultricies nisl sollicitudin, maximus lacus bibendum, pharetra eros. I sed nibh arcu. Mauris in orci a neque posuere fermentum. Aliquam eu accumsan nulla. Phasellus tincidunt tristique arcu sed tempus. Praesent id lorem nec turpis porttitor semper. Quisque nec ligula erat. Pellentesque eu gravida lacus.<\/p>\n<p>Aliquam eu accumsan nulla. Phasellus tincidunt tristique arcu sed tempus. Praesent id Quisque interdum luctus est, ut consequat felis. Sed sagittis ipsum scelerisque, dictum nibh id, posuere augue. Heltall facilisis aliquet elit, en egestas quam cursus quis. I mattis volutpat arcu. Vestibulum blandit purus sed nisi elementum.<\/p>\n<h4>H\u00f8yrejusteringsbilde<\/h4>\n<p><img decoding=\"async\" class=\"alignright wp-image-23 size-medium\" src=\"https:\/\/themes.getmotopress.com\/ciestra\/wp-content\/uploads\/sites\/21\/2018\/08\/04_home_theather-300x233.jpg\" alt=\"\" width=\"300\" height=\"233\" \/>Lorem ipsum dolor sit amet, consectetur adipiscing elit. Donec posuere augue quam. Proin ligula ligula, rutrum ut consectetur id, tincidunt sit amet ipsum. Proin magna dolor, fringilla non malesuada vitae, suscipit p\u00e5 est. Pellentesque ex orci, fringilla in viverra eu, interdum at eros. Vivamus at scelerisque est.<\/p>\n<p>Quisque in justo ultrices, efficitur lorem quis, pharetra mauris. Vestibulum ante ipsum primis i faucibus orci luctus et ultrices posuere cubilia. Nunc ultricies nisl sollicitudin, maximus lacus bibendum, pharetra eros. I sed nibh arcu. Mauris in orci a neque posuere fermentum. Aliquam eu accumsan nulla. Phasellus tincidunt tristique arcu sed tempus. Praesent id lorem nec turpis porttitor semper. Quisque nec ligula erat. Pellentesque eu gravida lacus.<\/p>\n<p>Aliquam eu accumsan nulla. Phasellus tincidunt tristique arcu sed tempus. Praesent id Quisque interdum luctus est, ut consequat felis. Sed sagittis ipsum scelerisque, dictum nibh id, posuere augue. Heltall facilisis aliquet elit, en egestas quam cursus quis. I mattis volutpat arcu. Vestibulum blandit purus sed nisi elementum.<\/p>\n<h4>150 \u00d7 150 bilde, som er venstrejustert<\/h4>\n<p><img loading=\"lazy\" decoding=\"async\" class=\"size-thumbnail wp-image-29 alignleft\" src=\"https:\/\/themes.getmotopress.com\/ciestra\/wp-content\/uploads\/sites\/21\/2018\/08\/01_restaurant-150x150.jpg\" alt=\"\" width=\"150\" height=\"150\" \/>Lorem ipsum dolor sit amet, consectetur adipiscing elit. Donec posuere augue quam. Proin ligula ligula, rutrum ut consectetur id, tincidunt sit amet ipsum. Proin magna dolor, fringilla non malesuada vitae, suscipit p\u00e5 est. Pellentesque ex orci, fringilla in viverra eu, interdum at eros. Vivamus at scelerisque est.<\/p>\n<p>Quisque in justo ultrices, efficitur lorem quis, pharetra mauris. Vestibulum ante ipsum primis i faucibus orci luctus et ultrices posuere cubilia. Nunc ultricies nisl sollicitudin, maximus lacus bibendum, pharetra eros. I sed nibh arcu. Mauris in orci a neque posuere fermentum. Aliquam eu accumsan nulla. Phasellus tincidunt tristique arcu sed tempus. Praesent id lorem nec turpis porttitor semper. Quisque nec ligula erat. Pellentesque eu gravida lacus.<\/p>\n<p>Aliquam eu accumsan nulla. Phasellus tincidunt tristique arcu sed tempus. Praesent id Quisque interdum luctus est, ut consequat felis. Sed sagittis ipsum scelerisque, dictum nibh id, posuere augue. Heltall facilisis aliquet elit, en egestas quam cursus quis. I mattis volutpat arcu. Vestibulum blandit purus sed nisi elementum.<\/p>\n<h4>Stort bilde<\/h4>\n<p>Lorem ipsum dolor sit amet, consectetur adipiscing elit. Donec posuere augue quam. Proin ligula ligula, rutrum ut consectetur id, tincidunt sit amet ipsum.<\/p>\n<figure id=\"attachment_36\" aria-describedby=\"caption-attachment-36\" style=\"width: 1600px\" class=\"wp-caption aligncenter\"><img loading=\"lazy\" decoding=\"async\" class=\"wp-image-36 size-full\" src=\"https:\/\/rethymno.villas\/wp-content\/uploads\/surf_lesson.jpg\" alt=\"\" width=\"1600\" height=\"1067\" srcset=\"https:\/\/rethymno.villas\/wp-content\/uploads\/surf_lesson.jpg 1600w, https:\/\/rethymno.villas\/wp-content\/uploads\/surf_lesson-300x200.jpg 300w, https:\/\/rethymno.villas\/wp-content\/uploads\/surf_lesson-1024x683.jpg 1024w, https:\/\/rethymno.villas\/wp-content\/uploads\/surf_lesson-768x512.jpg 768w, https:\/\/rethymno.villas\/wp-content\/uploads\/surf_lesson-1536x1024.jpg 1536w, https:\/\/rethymno.villas\/wp-content\/uploads\/surf_lesson-891x594.jpg 891w\" sizes=\"(max-width: 1600px) 100vw, 1600px\" \/><figcaption id=\"caption-attachment-36\" class=\"wp-caption-text\">surfetimer<\/figcaption><\/figure>\n<p>I sed porta lectus, auktor bibendum est. Mauris tempor fermentum nisl vel imperdiet. Donec consequat sapien ac nisl pellentesque, eget condimentum felis rhoncus.<\/p>","protected":false},"excerpt":{"rendered":"<p>Den siste er ikke mer enn en fot h\u00f8y, og omtrent syv skritt p\u00e5 tvers, bare en flat topp av en gr\u00e5 stein som ryker som en varm slagg etter en dusj, og hvor ingen ville bry seg om \u00e5 v\u00e5ge en naken s\u00e5le f\u00f8r solnedgang. P\u00e5 Lille Isabel en gammel fillete palme, med en tykk [\u2026]<\/p>","protected":false},"author":1,"featured_media":0,"parent":0,"menu_order":0,"comment_status":"closed","ping_status":"closed","template":"","meta":{"inline_featured_image":false,"footnotes":""},"class_list":["post-80","page","type-page","status-publish","hentry"],"_links":{"self":[{"href":"https:\/\/rethymno.villas\/nb\/wp-json\/wp\/v2\/pages\/80","targetHints":{"allow":["GET"]}}],"collection":[{"href":"https:\/\/rethymno.villas\/nb\/wp-json\/wp\/v2\/pages"}],"about":[{"href":"https:\/\/rethymno.villas\/nb\/wp-json\/wp\/v2\/types\/page"}],"author":[{"embeddable":true,"href":"https:\/\/rethymno.villas\/nb\/wp-json\/wp\/v2\/users\/1"}],"replies":[{"embeddable":true,"href":"https:\/\/rethymno.villas\/nb\/wp-json\/wp\/v2\/comments?post=80"}],"version-history":[{"count":0,"href":"https:\/\/rethymno.villas\/nb\/wp-json\/wp\/v2\/pages\/80\/revisions"}],"wp:attachment":[{"href":"https:\/\/rethymno.villas\/nb\/wp-json\/wp\/v2\/media?parent=80"}],"curies":[{"name":"wp","href":"https:\/\/api.w.org\/{rel}","templated":true}]}}