{"id":80,"date":"2018-08-13T10:01:27","date_gmt":"2018-08-13T10:01:27","guid":{"rendered":"https:\/\/themes.getmotopress.com\/ciestra\/?page_id=80"},"modified":"2023-09-26T03:53:34","modified_gmt":"2023-09-26T00:53:34","slug":"tipografie","status":"publish","type":"page","link":"https:\/\/rethymno.villas\/ro\/tipografie\/","title":{"rendered":"Tipografie"},"content":{"rendered":"<p>Acesta din urm\u0103 nu are mai mult de un picior \u00een\u0103l\u021bime \u0219i aproximativ \u0219apte pa\u0219i \u00een diametru, un simplu v\u00e2rf plat al unei st\u00e2nci cenu\u0219ii care fumeaz\u0103 ca o cenu\u015f\u0103 fierbinte dup\u0103 un du\u0219 \u0219i unde niciunui om nu i-ar pl\u0103cea s\u0103 se aventureze cu o talp\u0103 goal\u0103 \u00eenainte de apusul soarelui. Pe Mica Isabel, o palmier b\u0103tr\u00e2n zdren\u021buit, cu un trunchi gros bombat \u0219i aspru cu tepi, o vr\u0103jitoare printre palmieri, fo\u0219ne\u0219te un m\u0103nunchi de frunze moarte deasupra nisipului grosier.<\/p>\n<h1>Titlul 1 (H1)<\/h1>\n<p>Acesta din urm\u0103 nu are mai mult de un picior \u00een\u0103l\u021bime \u0219i aproximativ \u0219apte pa\u0219i \u00een diametru, un simplu v\u00e2rf plat al unei st\u00e2nci cenu\u0219ii care fumeaz\u0103 ca o cenu\u015f\u0103 fierbinte dup\u0103 un du\u0219 \u0219i unde niciunui om nu i-ar pl\u0103cea s\u0103 se aventureze cu o talp\u0103 goal\u0103 \u00eenainte de apusul soarelui. Pe Mica Isabel, o palmier b\u0103tr\u00e2n zdren\u021buit, cu un trunchi gros bombat \u0219i aspru cu tepi, o vr\u0103jitoare printre palmieri, fo\u0219ne\u0219te un m\u0103nunchi de frunze moarte deasupra nisipului grosier.<\/p>\n<h2>Titlul 2 (H2)<\/h2>\n<p>Acesta din urm\u0103 nu are mai mult de un picior \u00een\u0103l\u021bime \u0219i aproximativ \u0219apte pa\u0219i \u00een diametru, un simplu v\u00e2rf plat al unei st\u00e2nci cenu\u0219ii care fumeaz\u0103 ca o cenu\u015f\u0103 fierbinte dup\u0103 un du\u0219 \u0219i unde niciunui om nu i-ar pl\u0103cea s\u0103 se aventureze cu o talp\u0103 goal\u0103 \u00eenainte de apusul soarelui. Pe Mica Isabel, o palmier b\u0103tr\u00e2n zdren\u021buit, cu un trunchi gros bombat \u0219i aspru cu tepi, o vr\u0103jitoare printre palmieri, fo\u0219ne\u0219te un m\u0103nunchi de frunze moarte deasupra nisipului grosier.<\/p>\n<h3>Titlul 3 (H3)<\/h3>\n<p>Acesta din urm\u0103 nu are mai mult de un picior \u00een\u0103l\u021bime \u0219i aproximativ \u0219apte pa\u0219i \u00een diametru, un simplu v\u00e2rf plat al unei st\u00e2nci cenu\u0219ii care fumeaz\u0103 ca o cenu\u015f\u0103 fierbinte dup\u0103 un du\u0219 \u0219i unde niciunui om nu i-ar pl\u0103cea s\u0103 se aventureze cu o talp\u0103 goal\u0103 \u00eenainte de apusul soarelui. Pe Mica Isabel, o palmier b\u0103tr\u00e2n zdren\u021buit, cu un trunchi gros bombat \u0219i aspru cu tepi, o vr\u0103jitoare printre palmieri, fo\u0219ne\u0219te un m\u0103nunchi de frunze moarte deasupra nisipului grosier.<\/p>\n<h4>Titlul 4 (H4)<\/h4>\n<p>Acesta din urm\u0103 nu are mai mult de un picior \u00een\u0103l\u021bime \u0219i aproximativ \u0219apte pa\u0219i \u00een diametru, un simplu v\u00e2rf plat al unei st\u00e2nci cenu\u0219ii care fumeaz\u0103 ca o cenu\u015f\u0103 fierbinte dup\u0103 un du\u0219 \u0219i unde niciunui om nu i-ar pl\u0103cea s\u0103 se aventureze cu o talp\u0103 goal\u0103 \u00eenainte de apusul soarelui. Pe Mica Isabel, o palmier b\u0103tr\u00e2n zdren\u021buit, cu un trunchi gros bombat \u0219i aspru cu tepi, o vr\u0103jitoare printre palmieri, fo\u0219ne\u0219te un m\u0103nunchi de frunze moarte deasupra nisipului grosier.<\/p>\n<h5>Titlul 5 (H5)<\/h5>\n<p>Acesta din urm\u0103 nu are mai mult de un picior \u00een\u0103l\u021bime \u0219i aproximativ \u0219apte pa\u0219i \u00een diametru, un simplu v\u00e2rf plat al unei st\u00e2nci cenu\u0219ii care fumeaz\u0103 ca o cenu\u015f\u0103 fierbinte dup\u0103 un du\u0219 \u0219i unde niciunui om nu i-ar pl\u0103cea s\u0103 se aventureze cu o talp\u0103 goal\u0103 \u00eenainte de apusul soarelui. Pe Mica Isabel, o palmier b\u0103tr\u00e2n zdren\u021buit, cu un trunchi gros bombat \u0219i aspru cu tepi, o vr\u0103jitoare printre palmieri, fo\u0219ne\u0219te un m\u0103nunchi de frunze moarte deasupra nisipului grosier.<\/p>\n<h6>Titlul 6 (H6)<\/h6>\n<p>Acesta din urm\u0103 nu are mai mult de un picior \u00een\u0103l\u021bime \u0219i aproximativ \u0219apte pa\u0219i \u00een diametru, un simplu v\u00e2rf plat al unei st\u00e2nci cenu\u0219ii care fumeaz\u0103 ca o cenu\u015f\u0103 fierbinte dup\u0103 un du\u0219 \u0219i unde niciunui om nu i-ar pl\u0103cea s\u0103 se aventureze cu o talp\u0103 goal\u0103 \u00eenainte de apusul soarelui. Pe Mica Isabel, o palmier b\u0103tr\u00e2n zdren\u021buit, cu un trunchi gros bombat \u0219i aspru cu tepi, o vr\u0103jitoare printre palmieri, fo\u0219ne\u0219te un m\u0103nunchi de frunze moarte deasupra nisipului grosier.<\/p>\n<h2>Citate bloc<\/h2>\n<p>Citat de bloc cu un singur r\u00e2nd:<\/p>\n<blockquote><p>Stai foame. R\u0103m\u00e2ne prost.<\/p><\/blockquote>\n<p>Citat de bloc cu mai multe linii cu o referin\u021b\u0103 de citare:<\/p>\n<blockquote cite=\"https:\/\/developer.mozilla.org\/en-US\/docs\/Web\/HTML\/Element\/blockquote\"><p>The <strong>HTML <code><blockquote><\/code> Element<\/strong> (sau <em>Element de cota\u021bie bloc HTML<\/em>) indic\u0103 faptul c\u0103 textul anexat este un citat extins. De obicei, aceasta este redat\u0103 vizual prin indentare (vezi <a href=\"https:\/\/developer.mozilla.org\/en-US\/docs\/HTML\/Element\/blockquote#Notes\" target=\"_blank\" rel=\"noopener\">Note<\/a> pentru cum s\u0103-l schimbi). O adres\u0103 URL pentru sursa citatului poate fi dat\u0103 folosind <strong>cita<\/strong> atribut, \u00een timp ce o reprezentare text a sursei poate fi dat\u0103 folosind <a title=\"Elementul HTML Citation &lt;cite&gt;reprezint\u0103 o referin\u021b\u0103 la o lucrare creativ\u0103. Trebuie s\u0103 includ\u0103 titlul unei lucr\u0103ri sau o referin\u021b\u0103 URL, care poate fi \u00eentr-o form\u0103 prescurtat\u0103, conform conven\u021biilor utilizate pentru ad\u0103ugarea metadatelor de citare.&lt;\/cite&gt;\" href=\"https:\/\/developer.mozilla.org\/en-US\/docs\/Web\/HTML\/Element\/cite\" target=\"_blank\" rel=\"noopener\"><code><cite><\/code><\/a> element.<\/p><\/blockquote>\n<p><cite>colaboratori multipli<\/cite> \u2013 Referin\u021ba elementului HTML MDN \u2013 citat bloc<\/p>\n<h2>Mese<\/h2>\n<table>\n<thead>\n<tr>\n<th>Angajat<\/th>\n<th>Salariu<\/th>\n<th><\/th>\n<\/tr>\n<\/thead>\n<tbody>\n<tr>\n<th><a href=\"http:\/\/example.org\/\" target=\"_blank\" rel=\"noopener\">John Doe<\/a><\/th>\n<td>$1<\/td>\n<td>Pentru c\u0103 asta e tot ce avea nevoie lui Steve Jobs pentru un salariu.<\/td>\n<\/tr>\n<tr>\n<th><a href=\"http:\/\/example.org\/\" target=\"_blank\" rel=\"noopener\">femeie necunoscut\u0103<\/a><\/th>\n<td>$100K<\/td>\n<td>Pentru tot blogul pe care \u00eel face.<\/td>\n<\/tr>\n<tr>\n<th><a href=\"http:\/\/example.org\/\" target=\"_blank\" rel=\"noopener\">Fred Bloggs<\/a><\/th>\n<td>$100M<\/td>\n<td>Imaginile valoreaz\u0103 c\u00e2t o mie de cuvinte, nu? Deci Jane x 1.000.<\/td>\n<\/tr>\n<tr>\n<th><a href=\"http:\/\/example.org\/\" target=\"_blank\" rel=\"noopener\">Jane Bloggs<\/a><\/th>\n<td>$100B<\/td>\n<td>Cu parul asa?! Destul spus\u2026<\/td>\n<\/tr>\n<\/tbody>\n<\/table>\n<h2>Liste de defini\u021bii<\/h2>\n<dl>\n<dt>Titlul listei de defini\u021bii<\/dt>\n<dd>Diviziune list\u0103 de defini\u021bii.<\/dd>\n<dt>Lansare<\/dt>\n<dd>O companie startup sau startup este o companie sau o organiza\u021bie temporar\u0103 conceput\u0103 pentru a c\u0103uta un model de afaceri repetabil \u0219i scalabil.<\/dd>\n<dt>#dowork<\/dt>\n<dd>Creat de Rob Dyrdek \u0219i bodyguardul s\u0103u personal Christopher \u201eBig Black\u201d Boykins, \u201eDo Work\u201d func\u021bioneaz\u0103 ca un automotivator, pentru a-\u021bi motiva prietenii.<\/dd>\n<dt>Do It Live<\/dt>\n<dd>\u00cel voi l\u0103sa pe Bill O&#039;Reilly s\u0103 o fac\u0103 <a title=\"O vom face Live\" href=\"https:\/\/www.youtube.com\/watch?v=O_HyZ5aW76c\" target=\"_blank\" rel=\"noopener\">explica<\/a> Aceasta.<\/dd>\n<\/dl>\n<h2>Liste neordonate (imbricate)<\/h2>\n<ul>\n<li>Lista articolului unu\n<ul>\n<li>Lista articolului unu\n<ul>\n<li>Lista articolului unu<\/li>\n<li>Lista\u021bi elementul doi<\/li>\n<li>Lista\u021bi elementul trei<\/li>\n<li>Lista\u021bi articolul patru<\/li>\n<\/ul>\n<\/li>\n<li>Lista\u021bi elementul doi<\/li>\n<li>Lista\u021bi elementul trei<\/li>\n<li>Lista\u021bi articolul patru<\/li>\n<\/ul>\n<\/li>\n<li>Lista\u021bi elementul doi<\/li>\n<li>Lista\u021bi elementul trei<\/li>\n<li>Lista\u021bi articolul patru<\/li>\n<\/ul>\n<h2>List\u0103 ordonat\u0103 (imbricat\u0103)<\/h2>\n<ol start=\"8\">\n<li>Lista articolului unu - \u00eencepe la 8\n<ol>\n<li>Lista articolului unu\n<ol reversed=\"reversed\">\n<li>Lista articolului unu -atribut inversat<\/li>\n<li>Lista\u021bi elementul doi<\/li>\n<li>Lista\u021bi elementul trei<\/li>\n<li>Lista\u021bi articolul patru<\/li>\n<\/ol>\n<\/li>\n<li>Lista\u021bi elementul doi<\/li>\n<li>Lista\u021bi elementul trei<\/li>\n<li>Lista\u021bi articolul patru<\/li>\n<\/ol>\n<\/li>\n<li>Lista\u021bi elementul doi<\/li>\n<li>Lista\u021bi elementul trei<\/li>\n<li>Lista\u021bi articolul patru<\/li>\n<\/ol>\n<h2>Etichete HTML<\/h2>\n<p>Aceste etichete acceptate provin din codul WordPress.com <a title=\"Cod\" href=\"https:\/\/en.support.wordpress.com\/code\/\" target=\"_blank\" rel=\"noopener\">FAQ<\/a>.<\/p>\n<p><strong>Etichet\u0103 de adres\u0103<\/strong><\/p>\n<address>1 bucl\u0103 infinit\u0103<br \/>\nCupertino, CA 95014<br \/>\nStatele Unite<\/address>\n<p><strong>Etichet\u0103 de ancorare (alias Link)<\/strong><\/p>\n<p>Acesta este un exemplu de a <a title=\"Funda\u021bia WordPress\" href=\"https:\/\/wordpressfoundation.org\/\" target=\"_blank\" rel=\"noopener\">leg\u0103tur\u0103<\/a>.<\/p>\n<p><strong>Etichet\u0103 de abreviere<\/strong><\/p>\n<p>Abrevierea <abbr title=\"Serios\">srsly<\/abbr> \u00eenseamn\u0103 \u201eserios\u201d.<\/p>\n<p><strong>Etichet\u0103 acronim (<em>depreciat \u00een HTML5<\/em>)<\/strong><\/p>\n<p>Acronimul <acronym title=\"Pentru victorie\">ftw<\/acronym> reprezint\u0103 \u201epentru victorie\u201d.<\/p>\n<p><strong>Etichet\u0103 mare<\/strong> (<em>depreciat \u00een HTML5<\/em>)<\/p>\n<p>Aceste teste sunt a <big>mare<\/big> afacere, dar aceast\u0103 etichet\u0103 nu mai este acceptat\u0103 \u00een HTML5.<\/p>\n<p><strong>Cite Tag<\/strong><\/p>\n<p>\u201eCodul este poezie.\u201d \u2014<cite>automat\u0103<\/cite><\/p>\n<p><strong>Etichet\u0103 de cod<\/strong><\/p>\n<p>Aceast\u0103 etichet\u0103 stileaz\u0103 blocuri de cod.<br \/>\n<code>.post-title {<br \/>\nmarja: 0 0 5px;<br \/>\ngreutatea fontului: bold;<br \/>\ndimensiunea fontului: 38px;<br \/>\n\u00een\u0103l\u021bimea liniei: 1,2;<br \/>\n\u0219i iat\u0103 o linie de text cu adev\u0103rat, foarte, foarte, foarte lung, doar pentru a vedea cum este tratat \u0219i pentru a afla cum se revars\u0103;<br \/>\n}<\/code><br \/>\nVe\u021bi \u00eenv\u0103\u021ba mai t\u00e2rziu \u00een aceste teste c\u0103 \u00eenf\u0103\u0219urarea cuvintelor: break-word;va fi cel mai bun prieten al t\u0103u.<\/p>\n<p><strong>\u0218terge\u021bi eticheta<\/strong><\/p>\n<p>Aceast\u0103 etichet\u0103 v\u0103 va permite <del>\u015fterge textul<\/del>, dar aceast\u0103 etichet\u0103 este <em>recomandat<\/em> acceptat \u00een HTML5 (utiliza\u021bi <code><s><\/code> in schimb).<\/p>\n<p><strong>Sublinia\u021bi eticheta<\/strong><\/p>\n<p>Eticheta de accentuare ar trebui <em>italice<\/em> <i>text<\/i>.<\/p>\n<p><strong>Etichet\u0103 cu reguli orizontale<\/strong><\/p>\n<hr \/>\n<p>Aceast\u0103 propozi\u021bie urmeaz\u0103 a <code>&lt;hr \/&gt;<\/code> etichet\u0103.<\/p>\n<p><strong>Insera\u021bi etichet\u0103<\/strong><\/p>\n<p>Aceast\u0103 etichet\u0103 ar trebui s\u0103 indice <ins cite=\"inserted it\">introdus<\/ins> text.<\/p>\n<p><strong>Etichet\u0103 de tastatur\u0103<\/strong><\/p>\n<p>Aceast\u0103 etichet\u0103 abia cunoscut\u0103 emuleaz\u0103 <kbd>text de la tastatur\u0103<\/kbd>, care este de obicei stilat ca <code><code><\/code> etichet\u0103.<\/p>\n<p><strong>Etichet\u0103 preformatat\u0103<\/strong><\/p>\n<p>Aceast\u0103 etichet\u0103 este pentru p\u0103strarea spa\u021biilor albe a\u0219a cum sunt tastate, cum ar fi \u00een poezie sau art\u0103 ASCII.<\/p>\n<h2>Drumul NeParcurs<\/h2>\n<pre><cite>\r\nRobert Frost<\/cite>\r\n\r\n\r\n  Dou\u0103 drumuri s-au desp\u0103r\u021bit \u00eentr-un p\u0103dure galben, \u0218i \u00eemi pare r\u0103u c\u0103 nu am putut c\u0103l\u0103tori pe am\u00e2ndou\u0103 (_\/) \u0218i s\u0103 fiu un singur c\u0103l\u0103tor, am stat mult timp (=&#039;.&#039;=) \u0218i am privit \u00een jos unul c\u00e2t am putut (&quot;)_(&quot;) P\u00e2n\u0103 unde s-a aplecat \u00een tupus; Apoi l-a luat pe cel\u0103lalt, la fel de corect, \u0218i av\u00e2nd poate preten\u021bia mai bun\u0103, |_\/| Pentru c\u0103 era iarb\u0103 \u0219i dorea purta; \/ @ @ De\u0219i trecerea pe acolo ( &gt; \u00ba &lt; ) le purtase \u00eentr-adev\u0103r cam la fel, `&gt;&gt;x&lt;&lt;\u00b4 \/ O \u0218i am\u00e2ndoi \u00een acea diminea\u021b\u0103 z\u0103ceau \u00een egal\u0103 m\u0103sur\u0103 \u00cen frunze nici un pas nu c\u0103lcase negru. O, am p\u0103strat-o pe prima pentru \u00eenc\u0103 o zi! Cu toate acestea, \u0219tiind cum duce drumul spre drum, m\u0103 \u00eendoiam dac\u0103 ar trebui s\u0103 m\u0103 \u00eentorc vreodat\u0103. Voi spune asta oft\u00e2nd Undeva veacuri \u0219i veacuri de aici: Dou\u0103 drumuri s-au desp\u0103r\u021bit \u00eentr-un p\u0103dure \u0219i eu... l-am luat pe cel mai pu\u021bin str\u0103b\u0103tut, \u0218i asta a f\u0103cut toat\u0103 diferen\u021ba. \u0219i iat\u0103 o linie de text cu adev\u0103rat, foarte, foarte, foarte lung, doar pentru a vedea cum este tratat \u0219i pentru a afla cum se revars\u0103;<\/pre>\n<p><strong>Etichet\u0103 de citat<\/strong> pentru citate scurte, inline<\/p>\n<p><q>Dezvoltatori, dezvoltatori, dezvoltatori...<\/q> \u2013 Steve Ballmer<\/p>\n<p><strong>Strike Tag<\/strong> (<em>depreciat \u00een HTML5<\/em>) \u0219i <strong>Eticheta S<\/strong><\/p>\n<p>Aceast\u0103 etichet\u0103 arat\u0103 <span style=\"text-decoration: line-through;\">baraj<\/span> <s>text<\/s>.<\/p>\n<p><strong>Etichet\u0103 mic\u0103<\/strong><\/p>\n<p>Aceast\u0103 etichet\u0103 arat\u0103 <small>mai mic<small> text.<\/small><\/small><\/p>\n<p><strong>Etichet\u0103 puternic\u0103<\/strong><\/p>\n<p>Aceast\u0103 etichet\u0103 arat\u0103 <strong>text \u00eengro\u0219at.<\/strong><\/p>\n<p><strong>Etichet\u0103 de indice<\/strong><\/p>\n<p>S\u0103 ne pornim stilul \u0219tiin\u021bific cu H<sub>2<\/sub>O, care ar trebui s\u0103 \u00eemping\u0103 \u201e2\u201d \u00een jos.<\/p>\n<p><strong>Etichet\u0103 superscript<\/strong><\/p>\n<p>\u00cenc\u0103 r\u0103m\u00e2nem cu \u0219tiin\u021ba \u0219i E = MC al lui Albert Einstein<sup>2<\/sup>, care ar trebui s\u0103 ridice 2 \u00een sus.<\/p>\n<p><strong>Tag de teletip <\/strong>(<em>\u00eenvechit \u00een HTML5<\/em>)<\/p>\n<p>Aceast\u0103 etichet\u0103 folosit\u0103 rar emuleaz\u0103 <tt>text prin teletip<\/tt>, care este de obicei stilat ca <code><code><\/code> etichet\u0103.<\/p>\n<p><strong>Sublinia\u021bi eticheta<\/strong> <em>depreciat \u00een HTML 4, reintrodus \u00een HTML5 cu alt\u0103 semantic\u0103<\/em><\/p>\n<p>Aceast\u0103 etichet\u0103 arat\u0103 <u>text subliniat<\/u>.<\/p>\n<p><strong>Etichet\u0103 variabil\u0103<\/strong><\/p>\n<p>Acest lucru v\u0103 permite s\u0103 denota\u021bi <var>variabile<\/var>.<\/p>\n<h2>Iluminarea imaginii<\/h2>\n<h4>Imagine de aliniere la centru<\/h4>\n<p>Lorem ipsum dolor sit amet, consectetur adipiscing elit. Donec posuere augue quam. Proin ligula ligula, rutrum ut consectetur id, tincidunt sit amet ipsum.<\/p>\n<p><img fetchpriority=\"high\" decoding=\"async\" class=\"aligncenter size-large wp-image-39\" src=\"https:\/\/themes.getmotopress.com\/ciestra\/wp-content\/uploads\/sites\/21\/2018\/08\/triple_room_01-1024x728.jpg\" alt=\"\" width=\"746\" height=\"530\" srcset=\"https:\/\/rethymno.villas\/wp-content\/uploads\/triple_room_01-1024x728.jpg 1024w, https:\/\/rethymno.villas\/wp-content\/uploads\/triple_room_01-300x213.jpg 300w, https:\/\/rethymno.villas\/wp-content\/uploads\/triple_room_01-768x546.jpg 768w, https:\/\/rethymno.villas\/wp-content\/uploads\/triple_room_01-1536x1092.jpg 1536w, https:\/\/rethymno.villas\/wp-content\/uploads\/triple_room_01-891x633.jpg 891w, https:\/\/rethymno.villas\/wp-content\/uploads\/triple_room_01-235x167.jpg 235w, https:\/\/rethymno.villas\/wp-content\/uploads\/triple_room_01.jpg 1600w\" sizes=\"(max-width: 746px) 100vw, 746px\" \/>In sed porta lectus, auctor bibendum est. Mauris tempor fermentum nisl vel imperdiet. Donec consequat sapien ac nisl pellentesque, eget condimentum felis rhoncus.<\/p>\n<h4>Imagine de aliniere la st\u00e2nga<\/h4>\n<p><img decoding=\"async\" class=\"alignleft wp-image-25 size-medium\" src=\"https:\/\/themes.getmotopress.com\/ciestra\/wp-content\/uploads\/sites\/21\/2018\/08\/03_conference_rom-300x233.jpg\" alt=\"\" width=\"300\" height=\"233\" \/>Lorem ipsum dolor sit amet, consectetur adipiscing elit. Donec posuere augue quam. Proin ligula ligula, rutrum ut consectetur id, tincidunt sit amet ipsum. Proin magna dolor, fringilla non malesuada vitae, suscipit at est. Pellentesque ex orci, fringilla in viverra eu, interdum at eros. Vivamus at scelerisque est.<\/p>\n<p>Quisque in justo ultrices, efficitur lorem quis, pharetra mauris. Vestibulum ante ipsum primis in faucibus orci luctus et ultrices posuere cubilia. Nunc ultricies nisl sollicitudin, maximus lacus bibendum, pharetra eros. In sed nibh arcu. Mauris in orci a neque posuere fermentum. Aliquam eu accumsan nulla. Phasellus tincidunt tristique arcu sed tempus. Praesent id lorem nec turpis porttitor semper. Quisque nec ligula erat. Pellentesque eu gravida lacus.<\/p>\n<p>Aliquam eu accumsan nulla. Phasellus tincidunt tristique arcu sed tempus. Praesent id Quisque interdum luctus est, ut consequat felis. Sed sagittis ipsum scelerisque, dictum nibh id, posuere augue. Integer facilitis aliquet elit, a egestas quam cursus quis. In mattis volutpat arcu. Vestibulum blandit purus sed nisi elementum.<\/p>\n<h4>Imagine de aliniere la dreapta<\/h4>\n<p><img decoding=\"async\" class=\"alignright wp-image-23 size-medium\" src=\"https:\/\/themes.getmotopress.com\/ciestra\/wp-content\/uploads\/sites\/21\/2018\/08\/04_home_theather-300x233.jpg\" alt=\"\" width=\"300\" height=\"233\" \/>Lorem ipsum dolor sit amet, consectetur adipiscing elit. Donec posuere augue quam. Proin ligula ligula, rutrum ut consectetur id, tincidunt sit amet ipsum. Proin magna dolor, fringilla non malesuada vitae, suscipit at est. Pellentesque ex orci, fringilla in viverra eu, interdum at eros. Vivamus at scelerisque est.<\/p>\n<p>Quisque in justo ultrices, efficitur lorem quis, pharetra mauris. Vestibulum ante ipsum primis in faucibus orci luctus et ultrices posuere cubilia. Nunc ultricies nisl sollicitudin, maximus lacus bibendum, pharetra eros. In sed nibh arcu. Mauris in orci a neque posuere fermentum. Aliquam eu accumsan nulla. Phasellus tincidunt tristique arcu sed tempus. Praesent id lorem nec turpis porttitor semper. Quisque nec ligula erat. Pellentesque eu gravida lacus.<\/p>\n<p>Aliquam eu accumsan nulla. Phasellus tincidunt tristique arcu sed tempus. Praesent id Quisque interdum luctus est, ut consequat felis. Sed sagittis ipsum scelerisque, dictum nibh id, posuere augue. Integer facilitis aliquet elit, a egestas quam cursus quis. In mattis volutpat arcu. Vestibulum blandit purus sed nisi elementum.<\/p>\n<h4>Imagine 150 \u00d7 150, care este aliniat\u0103 la st\u00e2nga<\/h4>\n<p><img loading=\"lazy\" decoding=\"async\" class=\"size-thumbnail wp-image-29 alignleft\" src=\"https:\/\/themes.getmotopress.com\/ciestra\/wp-content\/uploads\/sites\/21\/2018\/08\/01_restaurant-150x150.jpg\" alt=\"\" width=\"150\" height=\"150\" \/>Lorem ipsum dolor sit amet, consectetur adipiscing elit. Donec posuere augue quam. Proin ligula ligula, rutrum ut consectetur id, tincidunt sit amet ipsum. Proin magna dolor, fringilla non malesuada vitae, suscipit at est. Pellentesque ex orci, fringilla in viverra eu, interdum at eros. Vivamus at scelerisque est.<\/p>\n<p>Quisque in justo ultrices, efficitur lorem quis, pharetra mauris. Vestibulum ante ipsum primis in faucibus orci luctus et ultrices posuere cubilia. Nunc ultricies nisl sollicitudin, maximus lacus bibendum, pharetra eros. In sed nibh arcu. Mauris in orci a neque posuere fermentum. Aliquam eu accumsan nulla. Phasellus tincidunt tristique arcu sed tempus. Praesent id lorem nec turpis porttitor semper. Quisque nec ligula erat. Pellentesque eu gravida lacus.<\/p>\n<p>Aliquam eu accumsan nulla. Phasellus tincidunt tristique arcu sed tempus. Praesent id Quisque interdum luctus est, ut consequat felis. Sed sagittis ipsum scelerisque, dictum nibh id, posuere augue. Integer facilitis aliquet elit, a egestas quam cursus quis. In mattis volutpat arcu. Vestibulum blandit purus sed nisi elementum.<\/p>\n<h4>Imagine mare<\/h4>\n<p>Lorem ipsum dolor sit amet, consectetur adipiscing elit. Donec posuere augue quam. Proin ligula ligula, rutrum ut consectetur id, tincidunt sit amet ipsum.<\/p>\n<figure id=\"attachment_36\" aria-describedby=\"caption-attachment-36\" style=\"width: 1600px\" class=\"wp-caption aligncenter\"><img loading=\"lazy\" decoding=\"async\" class=\"wp-image-36 size-full\" src=\"https:\/\/rethymno.villas\/wp-content\/uploads\/surf_lesson.jpg\" alt=\"\" width=\"1600\" height=\"1067\" srcset=\"https:\/\/rethymno.villas\/wp-content\/uploads\/surf_lesson.jpg 1600w, https:\/\/rethymno.villas\/wp-content\/uploads\/surf_lesson-300x200.jpg 300w, https:\/\/rethymno.villas\/wp-content\/uploads\/surf_lesson-1024x683.jpg 1024w, https:\/\/rethymno.villas\/wp-content\/uploads\/surf_lesson-768x512.jpg 768w, https:\/\/rethymno.villas\/wp-content\/uploads\/surf_lesson-1536x1024.jpg 1536w, https:\/\/rethymno.villas\/wp-content\/uploads\/surf_lesson-891x594.jpg 891w\" sizes=\"(max-width: 1600px) 100vw, 1600px\" \/><figcaption id=\"caption-attachment-36\" class=\"wp-caption-text\">lec\u021bii de surfing<\/figcaption><\/figure>\n<p>In sed porta lectus, auctor bibendum est. Mauris tempor fermentum nisl vel imperdiet. Donec consequat sapien ac nisl pellentesque, eget condimentum felis rhoncus.<\/p>","protected":false},"excerpt":{"rendered":"<p>Acesta din urm\u0103 nu are mai mult de un picior \u00een\u0103l\u021bime \u0219i aproximativ \u0219apte pa\u0219i \u00een diametru, un simplu v\u00e2rf plat al unei st\u00e2nci cenu\u0219ii care fumeaz\u0103 ca o cenu\u015f\u0103 fierbinte dup\u0103 un du\u0219 \u0219i unde niciunui om nu i-ar pl\u0103cea s\u0103 se aventureze cu o talp\u0103 goal\u0103 \u00eenainte de apusul soarelui. Pe Mica Isabel o palm\u0103 b\u0103tr\u00e2n\u0103 zdren\u021buit\u0103, cu un [\u2026]<\/p>","protected":false},"author":1,"featured_media":0,"parent":0,"menu_order":0,"comment_status":"closed","ping_status":"closed","template":"","meta":{"inline_featured_image":false,"footnotes":""},"class_list":["post-80","page","type-page","status-publish","hentry"],"_links":{"self":[{"href":"https:\/\/rethymno.villas\/ro\/wp-json\/wp\/v2\/pages\/80","targetHints":{"allow":["GET"]}}],"collection":[{"href":"https:\/\/rethymno.villas\/ro\/wp-json\/wp\/v2\/pages"}],"about":[{"href":"https:\/\/rethymno.villas\/ro\/wp-json\/wp\/v2\/types\/page"}],"author":[{"embeddable":true,"href":"https:\/\/rethymno.villas\/ro\/wp-json\/wp\/v2\/users\/1"}],"replies":[{"embeddable":true,"href":"https:\/\/rethymno.villas\/ro\/wp-json\/wp\/v2\/comments?post=80"}],"version-history":[{"count":0,"href":"https:\/\/rethymno.villas\/ro\/wp-json\/wp\/v2\/pages\/80\/revisions"}],"wp:attachment":[{"href":"https:\/\/rethymno.villas\/ro\/wp-json\/wp\/v2\/media?parent=80"}],"curies":[{"name":"wp","href":"https:\/\/api.w.org\/{rel}","templated":true}]}}