{"id":2,"date":"2023-09-25T19:53:56","date_gmt":"2023-09-25T19:53:56","guid":{"rendered":"https:\/\/rethymno.villas\/?page_id=2"},"modified":"2023-09-25T19:53:56","modified_gmt":"2023-09-25T19:53:56","slug":"vzorova-stranka","status":"publish","type":"page","link":"https:\/\/rethymno.villas\/sk\/vzorova-stranka\/","title":{"rendered":"Vzorov\u00e1 str\u00e1nka"},"content":{"rendered":"<p>Toto je pr\u00edklad str\u00e1nky. L\u00ed\u0161i sa od blogov\u00e9ho pr\u00edspevku, preto\u017ee zostane na jednom mieste a zobraz\u00ed sa v navig\u00e1cii va\u0161ej str\u00e1nky (vo v\u00e4\u010d\u0161ine t\u00e9m). V\u00e4\u010d\u0161ina \u013eud\u00ed za\u010d\u00edna str\u00e1nkou Inform\u00e1cie, ktor\u00e1 ich predstavuje potenci\u00e1lnym n\u00e1v\u0161tevn\u00edkom webu. M\u00f4\u017ee to poveda\u0165 nie\u010do tak\u00e9to:<\/p>\n\n\n\n<blockquote class=\"wp-block-quote is-layout-flow wp-block-quote-is-layout-flow\"><p>Ahoj! Cez de\u0148 som posol na bicykli, v noci cti\u017eiadostiv\u00fd herec a toto je moja webov\u00e1 str\u00e1nka. \u017dijem v Los Angeles, m\u00e1m skvel\u00e9ho psa Jacka a m\u00e1m r\u00e1d pi\u00f1a coladas. (A zastihne v\u00e1s d\u00e1\u017e\u010f.)<\/p><\/blockquote>\n\n\n\n<p>...alebo nie\u010do tak\u00e9to:<\/p>\n\n\n\n<blockquote class=\"wp-block-quote is-layout-flow wp-block-quote-is-layout-flow\"><p>Spolo\u010dnos\u0165 XYZ Doohickey Company bola zalo\u017een\u00e1 v roku 1971 a odvtedy poskytuje verejnosti kvalitn\u00e9 doohickey. XYZ so s\u00eddlom v Gotham City zamestn\u00e1va viac ako 2 000 \u013eud\u00ed a rob\u00ed pre komunitu Gotham v\u0161etky druhy \u00fa\u017easn\u00fdch vec\u00ed.<\/p><\/blockquote>\n\n\n\n<p>Ako nov\u00fd pou\u017e\u00edvate\u013e WordPress by ste mali prejs\u0165 na <a href=\"https:\/\/rethymno.villas\/wp-admin\/\">v\u00e1\u0161 pr\u00edstrojov\u00fd panel<\/a> odstr\u00e1ni\u0165 t\u00fato str\u00e1nku a vytvori\u0165 nov\u00e9 str\u00e1nky pre v\u00e1\u0161 obsah. Bavte sa!<\/p>","protected":false},"excerpt":{"rendered":"<p>Toto je pr\u00edklad str\u00e1nky. L\u00ed\u0161i sa od blogov\u00e9ho pr\u00edspevku, preto\u017ee zostane na jednom mieste a zobraz\u00ed sa v navig\u00e1cii na va\u0161ej str\u00e1nke (vo v\u00e4\u010d\u0161ine t\u00e9m). V\u00e4\u010d\u0161ina \u013eud\u00ed za\u010d\u00edna str\u00e1nkou Inform\u00e1cie, ktor\u00e1 ich predstavuje potenci\u00e1lnym n\u00e1v\u0161tevn\u00edkom webu. M\u00f4\u017ee to znie\u0165 takto: Ahoj! Som posol na bicykli [\u2026]<\/p>","protected":false},"author":1,"featured_media":0,"parent":0,"menu_order":0,"comment_status":"closed","ping_status":"open","template":"","meta":{"inline_featured_image":false,"footnotes":""},"class_list":["post-2","page","type-page","status-publish","hentry"],"_links":{"self":[{"href":"https:\/\/rethymno.villas\/sk\/wp-json\/wp\/v2\/pages\/2","targetHints":{"allow":["GET"]}}],"collection":[{"href":"https:\/\/rethymno.villas\/sk\/wp-json\/wp\/v2\/pages"}],"about":[{"href":"https:\/\/rethymno.villas\/sk\/wp-json\/wp\/v2\/types\/page"}],"author":[{"embeddable":true,"href":"https:\/\/rethymno.villas\/sk\/wp-json\/wp\/v2\/users\/1"}],"replies":[{"embeddable":true,"href":"https:\/\/rethymno.villas\/sk\/wp-json\/wp\/v2\/comments?post=2"}],"version-history":[{"count":0,"href":"https:\/\/rethymno.villas\/sk\/wp-json\/wp\/v2\/pages\/2\/revisions"}],"wp:attachment":[{"href":"https:\/\/rethymno.villas\/sk\/wp-json\/wp\/v2\/media?parent=2"}],"curies":[{"name":"wp","href":"https:\/\/api.w.org\/{rel}","templated":true}]}}