{"id":80,"date":"2018-08-13T10:01:27","date_gmt":"2018-08-13T10:01:27","guid":{"rendered":"https:\/\/themes.getmotopress.com\/ciestra\/?page_id=80"},"modified":"2023-09-26T03:53:34","modified_gmt":"2023-09-26T00:53:34","slug":"typografia","status":"publish","type":"page","link":"https:\/\/rethymno.villas\/sk\/typografia\/","title":{"rendered":"Typografia"},"content":{"rendered":"<p>T\u00e1 posledn\u00e1 nie je viac ako stopa vysok\u00e1 a asi sedem krokov v priemere, oby\u010dajn\u00fd ploch\u00fd vrchol sivej skaly, z ktorej sa po sprche dym\u00ed ako hor\u00faca \u0161kvara, a kde by sa \u017eiaden mu\u017e neodv\u00e1\u017eil pusti\u0165 pred z\u00e1padom slnka nah\u00fa podr\u00e1\u017eku. Na Malej Isabele \u0161u\u0161t\u00ed nad hrub\u00fdm pieskom pochm\u00farnym trsom odumret\u00e9ho l\u00edstia star\u00e1 o\u0161\u00fachan\u00e1 palma s hrub\u00fdm vydut\u00fdm kme\u0148om drsn\u00fdm s ost\u0148ami, ve\u013emi \u010darodejnica medzi palmami.<\/p>\n<h1>Nadpis 1 (H1)<\/h1>\n<p>T\u00e1 posledn\u00e1 nie je viac ako stopa vysok\u00e1 a asi sedem krokov v priemere, oby\u010dajn\u00fd ploch\u00fd vrchol sivej skaly, z ktorej sa po sprche dym\u00ed ako hor\u00faca \u0161kvara, a kde by sa \u017eiaden mu\u017e neodv\u00e1\u017eil pusti\u0165 pred z\u00e1padom slnka nah\u00fa podr\u00e1\u017eku. Na Malej Isabele \u0161u\u0161t\u00ed nad hrub\u00fdm pieskom pochm\u00farnym trsom odumret\u00e9ho l\u00edstia star\u00e1 o\u0161\u00fachan\u00e1 palma s hrub\u00fdm vydut\u00fdm kme\u0148om drsn\u00fdm s ost\u0148ami, ve\u013emi \u010darodejnica medzi palmami.<\/p>\n<h2>Nadpis 2 (H2)<\/h2>\n<p>T\u00e1 posledn\u00e1 nie je viac ako stopa vysok\u00e1 a asi sedem krokov v priemere, oby\u010dajn\u00fd ploch\u00fd vrchol sivej skaly, z ktorej sa po sprche dym\u00ed ako hor\u00faca \u0161kvara, a kde by sa \u017eiaden mu\u017e neodv\u00e1\u017eil pusti\u0165 pred z\u00e1padom slnka nah\u00fa podr\u00e1\u017eku. Na Malej Isabele \u0161u\u0161t\u00ed nad hrub\u00fdm pieskom pochm\u00farnym trsom odumret\u00e9ho l\u00edstia star\u00e1 o\u0161\u00fachan\u00e1 palma s hrub\u00fdm vydut\u00fdm kme\u0148om drsn\u00fdm s ost\u0148ami, ve\u013emi \u010darodejnica medzi palmami.<\/p>\n<h3>Nadpis 3 (H3)<\/h3>\n<p>T\u00e1 posledn\u00e1 nie je viac ako stopa vysok\u00e1 a asi sedem krokov v priemere, oby\u010dajn\u00fd ploch\u00fd vrchol sivej skaly, z ktorej sa po sprche dym\u00ed ako hor\u00faca \u0161kvara, a kde by sa \u017eiaden mu\u017e neodv\u00e1\u017eil pusti\u0165 pred z\u00e1padom slnka nah\u00fa podr\u00e1\u017eku. Na Malej Isabele \u0161u\u0161t\u00ed nad hrub\u00fdm pieskom pochm\u00farnym trsom odumret\u00e9ho l\u00edstia star\u00e1 o\u0161\u00fachan\u00e1 palma s hrub\u00fdm vydut\u00fdm kme\u0148om drsn\u00fdm s ost\u0148ami, ve\u013emi \u010darodejnica medzi palmami.<\/p>\n<h4>Nadpis 4 (H4)<\/h4>\n<p>T\u00e1 posledn\u00e1 nie je viac ako stopa vysok\u00e1 a asi sedem krokov v priemere, oby\u010dajn\u00fd ploch\u00fd vrchol sivej skaly, z ktorej sa po sprche dym\u00ed ako hor\u00faca \u0161kvara, a kde by sa \u017eiaden mu\u017e neodv\u00e1\u017eil pusti\u0165 pred z\u00e1padom slnka nah\u00fa podr\u00e1\u017eku. Na Malej Isabele \u0161u\u0161t\u00ed nad hrub\u00fdm pieskom pochm\u00farnym trsom odumret\u00e9ho l\u00edstia star\u00e1 o\u0161\u00fachan\u00e1 palma s hrub\u00fdm vydut\u00fdm kme\u0148om drsn\u00fdm s ost\u0148ami, ve\u013emi \u010darodejnica medzi palmami.<\/p>\n<h5>Nadpis 5 (H5)<\/h5>\n<p>T\u00e1 posledn\u00e1 nie je viac ako stopa vysok\u00e1 a asi sedem krokov v priemere, oby\u010dajn\u00fd ploch\u00fd vrchol sivej skaly, z ktorej sa po sprche dym\u00ed ako hor\u00faca \u0161kvara, a kde by sa \u017eiaden mu\u017e neodv\u00e1\u017eil pusti\u0165 pred z\u00e1padom slnka nah\u00fa podr\u00e1\u017eku. Na Malej Isabele \u0161u\u0161t\u00ed nad hrub\u00fdm pieskom pochm\u00farnym trsom odumret\u00e9ho l\u00edstia star\u00e1 o\u0161\u00fachan\u00e1 palma s hrub\u00fdm vydut\u00fdm kme\u0148om drsn\u00fdm s ost\u0148ami, ve\u013emi \u010darodejnica medzi palmami.<\/p>\n<h6>Nadpis 6 (H6)<\/h6>\n<p>T\u00e1 posledn\u00e1 nie je viac ako stopa vysok\u00e1 a asi sedem krokov v priemere, oby\u010dajn\u00fd ploch\u00fd vrchol sivej skaly, z ktorej sa po sprche dym\u00ed ako hor\u00faca \u0161kvara, a kde by sa \u017eiaden mu\u017e neodv\u00e1\u017eil pusti\u0165 pred z\u00e1padom slnka nah\u00fa podr\u00e1\u017eku. Na Malej Isabele \u0161u\u0161t\u00ed nad hrub\u00fdm pieskom pochm\u00farnym trsom odumret\u00e9ho l\u00edstia star\u00e1 o\u0161\u00fachan\u00e1 palma s hrub\u00fdm vydut\u00fdm kme\u0148om drsn\u00fdm s ost\u0148ami, ve\u013emi \u010darodejnica medzi palmami.<\/p>\n<h2>Blokov\u00e9 \u00favodzovky<\/h2>\n<p>Jednoriadkov\u00e1 blokov\u00e1 cit\u00e1cia:<\/p>\n<blockquote><p>Osta\u0148 hladn\u00fd. Zosta\u0165 bl\u00e1zniv\u00fd.<\/p><\/blockquote>\n<p>Viacriadkov\u00fd blokov\u00fd cit\u00e1t s odkazom na cit\u00e1ciu:<\/p>\n<blockquote cite=\"https:\/\/developer.mozilla.org\/en-US\/docs\/Web\/HTML\/Element\/blockquote\"><p>The <strong>HTML <code><blockquote><\/code> Element<\/strong> (alebo <em>Prvok ponuky HTML bloku<\/em>) ozna\u010duje, \u017ee prilo\u017een\u00fd text je roz\u0161\u00edrenou cit\u00e1ciou. Zvy\u010dajne sa to vykres\u013euje vizu\u00e1lne odsaden\u00edm (pozri <a href=\"https:\/\/developer.mozilla.org\/en-US\/docs\/HTML\/Element\/blockquote#Notes\" target=\"_blank\" rel=\"noopener\">Pozn\u00e1mky<\/a> ako to zmeni\u0165). Adresa URL zdroja cenovej ponuky m\u00f4\u017ee by\u0165 uveden\u00e1 pomocou <strong>citova\u0165<\/strong> atrib\u00fat, zatia\u013e \u010do textov\u00fa reprezent\u00e1ciu zdroja je mo\u017en\u00e9 zada\u0165 pomocou atrib\u00fatu <a title=\"HTML Citation Element &lt;cite&gt;predstavuje odkaz na kreat\u00edvne dielo. Mus\u00ed obsahova\u0165 n\u00e1zov diela alebo odkaz na URL, ktor\u00fd m\u00f4\u017ee by\u0165 v skr\u00e1tenej forme pod\u013ea zvyklost\u00ed pou\u017e\u00edvan\u00fdch na prid\u00e1vanie metad\u00e1t cit\u00e1ci\u00ed.&lt;\/cite&gt;\" href=\"https:\/\/developer.mozilla.org\/en-US\/docs\/Web\/HTML\/Element\/cite\" target=\"_blank\" rel=\"noopener\"><code><cite><\/code><\/a> element.<\/p><\/blockquote>\n<p><cite>viacer\u00ed prispievatelia<\/cite> \u2013 Odkaz na prvok HTML MDN \u2013 blockquote<\/p>\n<h2>Tabu\u013eky<\/h2>\n<table>\n<thead>\n<tr>\n<th>zamestnanec<\/th>\n<th>Plat<\/th>\n<th><\/th>\n<\/tr>\n<\/thead>\n<tbody>\n<tr>\n<th><a href=\"http:\/\/example.org\/\" target=\"_blank\" rel=\"noopener\">John Doe<\/a><\/th>\n<td>$1<\/td>\n<td>Preto\u017ee to je v\u0161etko, \u010do Steve Jobs potreboval k platu.<\/td>\n<\/tr>\n<tr>\n<th><a href=\"http:\/\/example.org\/\" target=\"_blank\" rel=\"noopener\">Jane Doe<\/a><\/th>\n<td>$100K<\/td>\n<td>Za v\u0161etko to blogovanie, ktor\u00e9 rob\u00ed.<\/td>\n<\/tr>\n<tr>\n<th><a href=\"http:\/\/example.org\/\" target=\"_blank\" rel=\"noopener\">Fred Bloggs<\/a><\/th>\n<td>$100M<\/td>\n<td>Obr\u00e1zky vydaj\u00fa tis\u00edc slov, v\u0161ak? Tak\u017ee Jane x 1 000.<\/td>\n<\/tr>\n<tr>\n<th><a href=\"http:\/\/example.org\/\" target=\"_blank\" rel=\"noopener\">Jane Bloggs<\/a><\/th>\n<td>$100B<\/td>\n<td>S tak\u00fdmi vlasmi?! Dos\u0165 bolo povedan\u00e9\u2026<\/td>\n<\/tr>\n<\/tbody>\n<\/table>\n<h2>Zoznamy defin\u00edci\u00ed<\/h2>\n<dl>\n<dt>N\u00e1zov zoznamu defin\u00edci\u00ed<\/dt>\n<dd>Rozdelenie zoznamu defin\u00edci\u00ed.<\/dd>\n<dt>Za\u010diatok<\/dt>\n<dd>Za\u010d\u00ednaj\u00faca spolo\u010dnos\u0165 alebo startup je spolo\u010dnos\u0165 alebo do\u010dasn\u00e1 organiz\u00e1cia navrhnut\u00e1 tak, aby h\u013eadala opakovate\u013en\u00fd a \u0161k\u00e1lovate\u013en\u00fd obchodn\u00fd model.<\/dd>\n<dt># pr\u00e1ca<\/dt>\n<dd>\u201eDo Work\u201c, ktor\u00fd vytvoril Rob Dyrdek a jeho osobn\u00fd str\u00e1\u017eca Christopher \u201eBig Black\u201c Boykins, funguje ako sebamotiv\u00e1tor, ktor\u00fd motivuje va\u0161ich priate\u013eov.<\/dd>\n<dt>Urob to na\u017eivo<\/dt>\n<dd>Nech\u00e1m Billa O&#039;Reillyho <a title=\"Urob\u00edme to na\u017eivo\" href=\"https:\/\/www.youtube.com\/watch?v=O_HyZ5aW76c\" target=\"_blank\" rel=\"noopener\">vysvetli\u0165<\/a> toto.<\/dd>\n<\/dl>\n<h2>Nezoraden\u00e9 zoznamy (vnoren\u00e9)<\/h2>\n<ul>\n<li>Prv\u00e1 polo\u017eka zoznamu\n<ul>\n<li>Prv\u00e1 polo\u017eka zoznamu\n<ul>\n<li>Prv\u00e1 polo\u017eka zoznamu<\/li>\n<li>Polo\u017eka zoznamu dva<\/li>\n<li>Polo\u017eka zoznamu tri<\/li>\n<li>Polo\u017eka zoznamu \u0161tyri<\/li>\n<\/ul>\n<\/li>\n<li>Polo\u017eka zoznamu dva<\/li>\n<li>Polo\u017eka zoznamu tri<\/li>\n<li>Polo\u017eka zoznamu \u0161tyri<\/li>\n<\/ul>\n<\/li>\n<li>Polo\u017eka zoznamu dva<\/li>\n<li>Polo\u017eka zoznamu tri<\/li>\n<li>Polo\u017eka zoznamu \u0161tyri<\/li>\n<\/ul>\n<h2>Objednan\u00fd zoznam (vnoren\u00e9)<\/h2>\n<ol start=\"8\">\n<li>Prv\u00e1 polo\u017eka zoznamu \u2013 za\u010diatok o 8\n<ol>\n<li>Prv\u00e1 polo\u017eka zoznamu\n<ol reversed=\"reversed\">\n<li>Polo\u017eka zoznamu jedna - obr\u00e1ten\u00fd atrib\u00fat<\/li>\n<li>Polo\u017eka zoznamu dva<\/li>\n<li>Polo\u017eka zoznamu tri<\/li>\n<li>Polo\u017eka zoznamu \u0161tyri<\/li>\n<\/ol>\n<\/li>\n<li>Polo\u017eka zoznamu dva<\/li>\n<li>Polo\u017eka zoznamu tri<\/li>\n<li>Polo\u017eka zoznamu \u0161tyri<\/li>\n<\/ol>\n<\/li>\n<li>Polo\u017eka zoznamu dva<\/li>\n<li>Polo\u017eka zoznamu tri<\/li>\n<li>Polo\u017eka zoznamu \u0161tyri<\/li>\n<\/ol>\n<h2>HTML tagy<\/h2>\n<p>Tieto podporovan\u00e9 zna\u010dky poch\u00e1dzaj\u00fa z k\u00f3du WordPress.com <a title=\"k\u00f3d\" href=\"https:\/\/en.support.wordpress.com\/code\/\" target=\"_blank\" rel=\"noopener\">FAQ<\/a>.<\/p>\n<p><strong>Zna\u010dka adresy<\/strong><\/p>\n<address>1 Nekone\u010dn\u00e1 slu\u010dka<br \/>\nCupertino, CA 95014<br \/>\nSpojen\u00e9 \u0161t\u00e1ty<\/address>\n<p><strong>Anchor Tag (zn\u00e1my aj ako odkaz)<\/strong><\/p>\n<p>Toto je pr\u00edklad a <a title=\"Nad\u00e1cia WordPress\" href=\"https:\/\/wordpressfoundation.org\/\" target=\"_blank\" rel=\"noopener\">odkaz<\/a>.<\/p>\n<p><strong>Zna\u010dka skratky<\/strong><\/p>\n<p>Skratka <abbr title=\"v\u00e1\u017ene\">srsly<\/abbr> znamen\u00e1 \u201ev\u00e1\u017ene\u201c.<\/p>\n<p><strong>Zna\u010dka akronymu (<em>zastaran\u00e9 v HTML5<\/em>)<\/strong><\/p>\n<p>Skratka <acronym title=\"Pre v\u00ed\u0165azstvo\">ftw<\/acronym> znamen\u00e1 \u201epre v\u00ed\u0165azstvo\u201c.<\/p>\n<p><strong>Big Tag<\/strong> (<em>zastaran\u00e9 v HTML5<\/em>)<\/p>\n<p>Tieto testy s\u00fa a <big>ve\u013ek\u00fd<\/big> dohoda, ale t\u00e1to zna\u010dka u\u017e nie je podporovan\u00e1 v HTML5.<\/p>\n<p><strong>Citova\u0165 zna\u010dku<\/strong><\/p>\n<p>&quot;K\u00f3d je po\u00e9zia.&quot; \u2014<cite>Automatick\u00e9<\/cite><\/p>\n<p><strong>K\u00f3dov\u00e1 zna\u010dka<\/strong><\/p>\n<p>T\u00e1to zna\u010dka \u0161tylizuje bloky k\u00f3du.<br \/>\n<code>.post-title {<br \/>\nokraj: 0 0 5px;<br \/>\nfont-weight: bold;<br \/>\nve\u013ekos\u0165 p\u00edsma: 38px;<br \/>\nv\u00fd\u0161ka riadku: 1,2;<br \/>\na tu je riadok nejak\u00e9ho naozaj, naozaj, naozaj, naozaj dlh\u00e9ho textu, len aby ste videli, ako sa s n\u00edm nar\u00e1ba, a aby ste zistili, ako pretek\u00e1;<br \/>\n}<\/code><br \/>\nNesk\u00f4r sa v t\u00fdchto testoch nau\u010d\u00edte, \u017ee zalamovanie slov: zlomenie slov; bude va\u0161\u00edm najlep\u0161\u00edm priate\u013eom.<\/p>\n<p><strong>Odstr\u00e1ni\u0165 zna\u010dku<\/strong><\/p>\n<p>T\u00e1to zna\u010dka v\u00e1m to umo\u017en\u00ed <del>pre\u010diarknu\u0165 text<\/del>, ale t\u00e1to zna\u010dka je <em>odpor\u00fa\u010dan\u00e9<\/em> podporovan\u00e9 v HTML5 (pou\u017eite <code><s><\/code> namiesto toho).<\/p>\n<p><strong>Zd\u00f4razni\u0165 zna\u010dku<\/strong><\/p>\n<p>Zna\u010dka zd\u00f4razni\u0165 by mala <em>kurz\u00edvou<\/em> <i>text<\/i>.<\/p>\n<p><strong>Zna\u010dka horizont\u00e1lneho pravidla<\/strong><\/p>\n<hr \/>\n<p>T\u00e1to veta nasleduje a <code>&lt;hr \/&gt;<\/code> tag.<\/p>\n<p><strong>Vlo\u017ei\u0165 zna\u010dku<\/strong><\/p>\n<p>T\u00e1to zna\u010dka by mala ozna\u010dova\u0165 <ins cite=\"inserted it\">vlo\u017een\u00e9<\/ins> text.<\/p>\n<p><strong>Zna\u010dka kl\u00e1vesnice<\/strong><\/p>\n<p>T\u00e1to sotva zn\u00e1ma zna\u010dka emuluje <kbd>text kl\u00e1vesnice<\/kbd>, ktor\u00fd je zvy\u010dajne \u0161tylizovan\u00fd ako <code><code><\/code> tag.<\/p>\n<p><strong>Predform\u00e1tovan\u00e1 zna\u010dka<\/strong><\/p>\n<p>T\u00e1to zna\u010dka sl\u00fa\u017ei na zachovanie medzier pri p\u00edsan\u00ed, napr\u00edklad v po\u00e9zii alebo umen\u00ed ASCII.<\/p>\n<h2>The Road Not Takeed<\/h2>\n<pre><cite>\r\nRobert Frost<\/cite>\r\n\r\n\r\n  Dve cesty sa rozch\u00e1dzali v \u017eltom lese A prep\u00e1\u010d, \u017ee som nemohol cestova\u0165 oboma (_\/) A by\u0165 jedn\u00fdm cestovate\u013eom, dlho som st\u00e1l (=&#039;.&#039;=) A pozeral som sa na jednu tak \u010faleko, ako som mohol (&quot;)_(&quot;) Tam, kde sa to v krov\u00ed oh\u00fdbalo; Potom vzal druh\u00fd, rovnako spravodliv\u00fd, A m\u00e1 sn\u00e1\u010f lep\u0161\u00ed n\u00e1rok, |_\/| Preto\u017ee bol tr\u00e1vnat\u00fd a chcel sa nosi\u0165; \/ @ @ Aj ke\u010f \u010do sa t\u00fdka toho prech\u00e1dzaj\u00faceho tam ( &gt; \u00ba &lt; ) Nosil som ich naozaj asi rovnako, `&gt;&gt;x&lt;&lt;\u00b4 \/ O A obaja v to r\u00e1no rovnako le\u017eali V listoch ani krok ne\u0161liapal do \u010dierneho. \u00d3, prv\u00e9 som si nechal na \u010fal\u0161\u00ed de\u0148! Napriek tomu, \u017ee som vedel, ako cesta vedie k ceste, pochyboval som, \u010di by som sa mal niekedy vr\u00e1ti\u0165. Poviem to s povzdychom Niekde veky a veky odtia\u013eto: Dve cesty sa rozch\u00e1dzali v lese, a ja \u2013 ja som si vybral t\u00fa, ktorou sa menej jazd\u00ed, A to v\u0161etko zmenilo. a tu je riadok nejak\u00e9ho naozaj, naozaj, naozaj, naozaj dlh\u00e9ho textu, len aby ste videli, ako sa s n\u00edm nar\u00e1ba, a aby ste zistili, ako pretek\u00e1;<\/pre>\n<p><strong>Cit\u00e1cia Tag<\/strong> pre kr\u00e1tke, vlo\u017een\u00e9 \u00favodzovky<\/p>\n<p><q>V\u00fdvoj\u00e1ri, v\u00fdvoj\u00e1ri, v\u00fdvoj\u00e1ri\u2026<\/q> \u2013 Steve Ballmer<\/p>\n<p><strong>Strike Tag<\/strong> (<em>zastaran\u00e9 v HTML5<\/em>) a <strong>S Tag<\/strong><\/p>\n<p>T\u00e1to zna\u010dka zobrazuje <span style=\"text-decoration: line-through;\">pre\u010diarknutie<\/span> <s>text<\/s>.<\/p>\n<p><strong>Mal\u00e1 zna\u010dka<\/strong><\/p>\n<p>T\u00e1to zna\u010dka zobrazuje <small>men\u0161ie<small> text.<\/small><\/small><\/p>\n<p><strong>Siln\u00e1 zna\u010dka<\/strong><\/p>\n<p>T\u00e1to zna\u010dka zobrazuje <strong>tu\u010dn\u00fd text.<\/strong><\/p>\n<p><strong>Zna\u010dka doln\u00e9ho indexu<\/strong><\/p>\n<p>Pokra\u010dujeme v na\u0161om vedeckom \u0161t\u00fdle s H<sub>2<\/sub>O, \u010do by malo stla\u010di\u0165 \u201e2\u201c nadol.<\/p>\n<p><strong>Zna\u010dka horn\u00e9ho indexu<\/strong><\/p>\n<p>St\u00e1le sa dr\u017e\u00edme vedy a E = MC Alberta Einsteina<sup>2<\/sup>, \u010do by malo zdvihn\u00fa\u0165 2.<\/p>\n<p><strong>Teletype Tag <\/strong>(<em>zastaran\u00e9 v HTML5<\/em>)<\/p>\n<p>T\u00e1to zriedka pou\u017e\u00edvan\u00e1 zna\u010dka emuluje <tt>teletypov\u00fd text<\/tt>, ktor\u00fd je zvy\u010dajne \u0161tylizovan\u00fd ako <code><code><\/code> tag.<\/p>\n<p><strong>Pod\u010diarknutie zna\u010dky<\/strong> <em>zastaran\u00e9 v HTML 4, znovu zaveden\u00e9 v HTML5 s inou s\u00e9mantikou<\/em><\/p>\n<p>T\u00e1to zna\u010dka zobrazuje <u>pod\u010diarknut\u00fd text<\/u>.<\/p>\n<p><strong>Variabiln\u00e1 zna\u010dka<\/strong><\/p>\n<p>To v\u00e1m umo\u017en\u00ed ozna\u010di\u0165 <var>premenn\u00e9<\/var>.<\/p>\n<h2>Obr\u00e1zok Alightment<\/h2>\n<h4>Obr\u00e1zok zarovnania na stred<\/h4>\n<p>Lorem ipsum dolor sit amet, consectetur adipiscing elit. Donec posuere augue quam. Proin ligula ligula, rutrum ut consectetur id, tincidunt sit amet ipsum.<\/p>\n<p><img fetchpriority=\"high\" decoding=\"async\" class=\"aligncenter size-large wp-image-39\" src=\"https:\/\/themes.getmotopress.com\/ciestra\/wp-content\/uploads\/sites\/21\/2018\/08\/triple_room_01-1024x728.jpg\" alt=\"\" width=\"746\" height=\"530\" srcset=\"https:\/\/rethymno.villas\/wp-content\/uploads\/triple_room_01-1024x728.jpg 1024w, https:\/\/rethymno.villas\/wp-content\/uploads\/triple_room_01-300x213.jpg 300w, https:\/\/rethymno.villas\/wp-content\/uploads\/triple_room_01-768x546.jpg 768w, https:\/\/rethymno.villas\/wp-content\/uploads\/triple_room_01-1536x1092.jpg 1536w, https:\/\/rethymno.villas\/wp-content\/uploads\/triple_room_01-891x633.jpg 891w, https:\/\/rethymno.villas\/wp-content\/uploads\/triple_room_01-235x167.jpg 235w, https:\/\/rethymno.villas\/wp-content\/uploads\/triple_room_01.jpg 1600w\" sizes=\"(max-width: 746px) 100vw, 746px\" \/>V sed porta lectus, auctor bibendum est. Mauris tempor fermentum nisl vel imperdiet. Donec consequat sapien ac nisl pellentesque, eget condimentum felis rhoncus.<\/p>\n<h4>Obr\u00e1zok zarovnania do\u013eava<\/h4>\n<p><img decoding=\"async\" class=\"alignleft wp-image-25 size-medium\" src=\"https:\/\/themes.getmotopress.com\/ciestra\/wp-content\/uploads\/sites\/21\/2018\/08\/03_conference_rom-300x233.jpg\" alt=\"\" width=\"300\" height=\"233\" \/>Lorem ipsum dolor sit amet, consectetur adipiscing elit. Donec posuere augue quam. Proin ligula ligula, rutrum ut consectetur id, tincidunt sit amet ipsum. Proin magna dolor, fringilla non malesuada vitae, suscipit at est. Pellentesque ex orci, fringilla in viverra eu, interdum at eros. Vivamus at scelerisque est.<\/p>\n<p>Quisque in justo ultrices, efficitur lorem quis, pharetra mauris. Vestibulum ante ipsum primis in faucibus orci luctus et ultrices posuere cubilia. Nunc ultricies nisl sollicitudin, maximus lacus bibendum, pharetra eros. V sed nibh arcu. Mauris in orci a neque posuere fermentum. Aliquam eu accumsan nulla. Phasellus tincidunt tristique arcu sed tempus. Praesent id lorem nec turpis porttitor semper. Quisque nec ligula erat. Pellentesque eu gravida lacus.<\/p>\n<p>Aliquam eu accumsan nulla. Phasellus tincidunt tristique arcu sed tempus. Praesent id Quisque interdum luctus est, ut consequat felis. Sed sagittis ipsum scelerisque, dictum nibh id, posuere augue. Integer facilisis aliquet elite, egestas quam cursus quis. In mattis volutpat arcu. Vestibulum blandit purus sed nisi elementum.<\/p>\n<h4>Obr\u00e1zok zarovnania vpravo<\/h4>\n<p><img decoding=\"async\" class=\"alignright wp-image-23 size-medium\" src=\"https:\/\/themes.getmotopress.com\/ciestra\/wp-content\/uploads\/sites\/21\/2018\/08\/04_home_theather-300x233.jpg\" alt=\"\" width=\"300\" height=\"233\" \/>Lorem ipsum dolor sit amet, consectetur adipiscing elit. Donec posuere augue quam. Proin ligula ligula, rutrum ut consectetur id, tincidunt sit amet ipsum. Proin magna dolor, fringilla non malesuada vitae, suscipit at est. Pellentesque ex orci, fringilla in viverra eu, interdum at eros. Vivamus at scelerisque est.<\/p>\n<p>Quisque in justo ultrices, efficitur lorem quis, pharetra mauris. Vestibulum ante ipsum primis in faucibus orci luctus et ultrices posuere cubilia. Nunc ultricies nisl sollicitudin, maximus lacus bibendum, pharetra eros. V sed nibh arcu. Mauris in orci a neque posuere fermentum. Aliquam eu accumsan nulla. Phasellus tincidunt tristique arcu sed tempus. Praesent id lorem nec turpis porttitor semper. Quisque nec ligula erat. Pellentesque eu gravida lacus.<\/p>\n<p>Aliquam eu accumsan nulla. Phasellus tincidunt tristique arcu sed tempus. Praesent id Quisque interdum luctus est, ut consequat felis. Sed sagittis ipsum scelerisque, dictum nibh id, posuere augue. Integer facilisis aliquet elite, egestas quam cursus quis. In mattis volutpat arcu. Vestibulum blandit purus sed nisi elementum.<\/p>\n<h4>Obr\u00e1zok 150 \u00d7 150, ktor\u00fd je zarovnan\u00fd do\u013eava<\/h4>\n<p><img loading=\"lazy\" decoding=\"async\" class=\"size-thumbnail wp-image-29 alignleft\" src=\"https:\/\/themes.getmotopress.com\/ciestra\/wp-content\/uploads\/sites\/21\/2018\/08\/01_restaurant-150x150.jpg\" alt=\"\" width=\"150\" height=\"150\" \/>Lorem ipsum dolor sit amet, consectetur adipiscing elit. Donec posuere augue quam. Proin ligula ligula, rutrum ut consectetur id, tincidunt sit amet ipsum. Proin magna dolor, fringilla non malesuada vitae, suscipit at est. Pellentesque ex orci, fringilla in viverra eu, interdum at eros. Vivamus at scelerisque est.<\/p>\n<p>Quisque in justo ultrices, efficitur lorem quis, pharetra mauris. Vestibulum ante ipsum primis in faucibus orci luctus et ultrices posuere cubilia. Nunc ultricies nisl sollicitudin, maximus lacus bibendum, pharetra eros. V sed nibh arcu. Mauris in orci a neque posuere fermentum. Aliquam eu accumsan nulla. Phasellus tincidunt tristique arcu sed tempus. Praesent id lorem nec turpis porttitor semper. Quisque nec ligula erat. Pellentesque eu gravida lacus.<\/p>\n<p>Aliquam eu accumsan nulla. Phasellus tincidunt tristique arcu sed tempus. Praesent id Quisque interdum luctus est, ut consequat felis. Sed sagittis ipsum scelerisque, dictum nibh id, posuere augue. Integer facilisis aliquet elite, egestas quam cursus quis. In mattis volutpat arcu. Vestibulum blandit purus sed nisi elementum.<\/p>\n<h4>Ve\u013ek\u00fd obr\u00e1zok<\/h4>\n<p>Lorem ipsum dolor sit amet, consectetur adipiscing elit. Donec posuere augue quam. Proin ligula ligula, rutrum ut consectetur id, tincidunt sit amet ipsum.<\/p>\n<figure id=\"attachment_36\" aria-describedby=\"caption-attachment-36\" style=\"width: 1600px\" class=\"wp-caption aligncenter\"><img loading=\"lazy\" decoding=\"async\" class=\"wp-image-36 size-full\" src=\"https:\/\/rethymno.villas\/wp-content\/uploads\/surf_lesson.jpg\" alt=\"\" width=\"1600\" height=\"1067\" srcset=\"https:\/\/rethymno.villas\/wp-content\/uploads\/surf_lesson.jpg 1600w, https:\/\/rethymno.villas\/wp-content\/uploads\/surf_lesson-300x200.jpg 300w, https:\/\/rethymno.villas\/wp-content\/uploads\/surf_lesson-1024x683.jpg 1024w, https:\/\/rethymno.villas\/wp-content\/uploads\/surf_lesson-768x512.jpg 768w, https:\/\/rethymno.villas\/wp-content\/uploads\/surf_lesson-1536x1024.jpg 1536w, https:\/\/rethymno.villas\/wp-content\/uploads\/surf_lesson-891x594.jpg 891w\" sizes=\"(max-width: 1600px) 100vw, 1600px\" \/><figcaption id=\"caption-attachment-36\" class=\"wp-caption-text\">lekcie surfovania<\/figcaption><\/figure>\n<p>V sed porta lectus, auctor bibendum est. Mauris tempor fermentum nisl vel imperdiet. Donec consequat sapien ac nisl pellentesque, eget condimentum felis rhoncus.<\/p>","protected":false},"excerpt":{"rendered":"<p>T\u00e1 posledn\u00e1 nie je viac ako stopa vysok\u00e1 a asi sedem krokov v priemere, oby\u010dajn\u00fd ploch\u00fd vrchol sivej skaly, z ktorej sa po sprche dym\u00ed ako hor\u00faca \u0161kvara, a kde by sa \u017eiaden mu\u017e neodv\u00e1\u017eil pusti\u0165 pred z\u00e1padom slnka nah\u00fa podr\u00e1\u017eku. Na Malej Izabele je star\u00e1 o\u0161\u00fachan\u00e1 dla\u0148 s hustou [\u2026]<\/p>","protected":false},"author":1,"featured_media":0,"parent":0,"menu_order":0,"comment_status":"closed","ping_status":"closed","template":"","meta":{"inline_featured_image":false,"footnotes":""},"class_list":["post-80","page","type-page","status-publish","hentry"],"_links":{"self":[{"href":"https:\/\/rethymno.villas\/sk\/wp-json\/wp\/v2\/pages\/80","targetHints":{"allow":["GET"]}}],"collection":[{"href":"https:\/\/rethymno.villas\/sk\/wp-json\/wp\/v2\/pages"}],"about":[{"href":"https:\/\/rethymno.villas\/sk\/wp-json\/wp\/v2\/types\/page"}],"author":[{"embeddable":true,"href":"https:\/\/rethymno.villas\/sk\/wp-json\/wp\/v2\/users\/1"}],"replies":[{"embeddable":true,"href":"https:\/\/rethymno.villas\/sk\/wp-json\/wp\/v2\/comments?post=80"}],"version-history":[{"count":0,"href":"https:\/\/rethymno.villas\/sk\/wp-json\/wp\/v2\/pages\/80\/revisions"}],"wp:attachment":[{"href":"https:\/\/rethymno.villas\/sk\/wp-json\/wp\/v2\/media?parent=80"}],"curies":[{"name":"wp","href":"https:\/\/api.w.org\/{rel}","templated":true}]}}