{"id":80,"date":"2018-08-13T10:01:27","date_gmt":"2018-08-13T10:01:27","guid":{"rendered":"https:\/\/themes.getmotopress.com\/ciestra\/?page_id=80"},"modified":"2023-09-26T03:53:34","modified_gmt":"2023-09-26T00:53:34","slug":"tipografija","status":"publish","type":"page","link":"https:\/\/rethymno.villas\/sl\/tipografija\/","title":{"rendered":"Tipografija"},"content":{"rendered":"<p>Ta zadnji ni ve\u010d kot \u010develj visok in pribli\u017eno sedem korakov v premer, je le raven vrh sive skale, ki se kadi kot vro\u010da pepel po tu\u0161iranju in kamor si nih\u010de ne bi \u017eelel stopiti goli podplat pred son\u010dnim zahodom. Na Mali Izabeli stara razdrapana palma, z debelim izbo\u010denim deblom, hrapavim z bodicami, prava \u010darovnica med palmami, \u0161ume\u010de v mra\u010dnem \u0161opku odmrlih listov nad grobim peskom.<\/p>\n<h1>Naslov 1 (H1)<\/h1>\n<p>Ta zadnji ni ve\u010d kot \u010develj visok in pribli\u017eno sedem korakov v premer, je le raven vrh sive skale, ki se kadi kot vro\u010da pepel po tu\u0161iranju in kamor si nih\u010de ne bi \u017eelel stopiti goli podplat pred son\u010dnim zahodom. Na Mali Izabeli stara razdrapana palma, z debelim izbo\u010denim deblom, hrapavim z bodicami, prava \u010darovnica med palmami, \u0161ume\u010de v mra\u010dnem \u0161opku odmrlih listov nad grobim peskom.<\/p>\n<h2>Naslov 2 (H2)<\/h2>\n<p>Ta zadnji ni ve\u010d kot \u010develj visok in pribli\u017eno sedem korakov v premer, je le raven vrh sive skale, ki se kadi kot vro\u010da pepel po tu\u0161iranju in kamor si nih\u010de ne bi \u017eelel stopiti goli podplat pred son\u010dnim zahodom. Na Mali Izabeli stara razdrapana palma, z debelim izbo\u010denim deblom, hrapavim z bodicami, prava \u010darovnica med palmami, \u0161ume\u010de v mra\u010dnem \u0161opku odmrlih listov nad grobim peskom.<\/p>\n<h3>Naslov 3 (H3)<\/h3>\n<p>Ta zadnji ni ve\u010d kot \u010develj visok in pribli\u017eno sedem korakov v premer, je le raven vrh sive skale, ki se kadi kot vro\u010da pepel po tu\u0161iranju in kamor si nih\u010de ne bi \u017eelel stopiti goli podplat pred son\u010dnim zahodom. Na Mali Izabeli stara razdrapana palma, z debelim izbo\u010denim deblom, hrapavim z bodicami, prava \u010darovnica med palmami, \u0161ume\u010de v mra\u010dnem \u0161opku odmrlih listov nad grobim peskom.<\/p>\n<h4>Naslov 4 (H4)<\/h4>\n<p>Ta zadnji ni ve\u010d kot \u010develj visok in pribli\u017eno sedem korakov v premer, je le raven vrh sive skale, ki se kadi kot vro\u010da pepel po tu\u0161iranju in kamor si nih\u010de ne bi \u017eelel stopiti goli podplat pred son\u010dnim zahodom. Na Mali Izabeli stara razdrapana palma, z debelim izbo\u010denim deblom, hrapavim z bodicami, prava \u010darovnica med palmami, \u0161ume\u010de v mra\u010dnem \u0161opku odmrlih listov nad grobim peskom.<\/p>\n<h5>Naslov 5 (H5)<\/h5>\n<p>Ta zadnji ni ve\u010d kot \u010develj visok in pribli\u017eno sedem korakov v premer, je le raven vrh sive skale, ki se kadi kot vro\u010da pepel po tu\u0161iranju in kamor si nih\u010de ne bi \u017eelel stopiti goli podplat pred son\u010dnim zahodom. Na Mali Izabeli stara razdrapana palma, z debelim izbo\u010denim deblom, hrapavim z bodicami, prava \u010darovnica med palmami, \u0161ume\u010de v mra\u010dnem \u0161opku odmrlih listov nad grobim peskom.<\/p>\n<h6>Naslov 6 (H6)<\/h6>\n<p>Ta zadnji ni ve\u010d kot \u010develj visok in pribli\u017eno sedem korakov v premer, je le raven vrh sive skale, ki se kadi kot vro\u010da pepel po tu\u0161iranju in kamor si nih\u010de ne bi \u017eelel stopiti goli podplat pred son\u010dnim zahodom. Na Mali Izabeli stara razdrapana palma, z debelim izbo\u010denim deblom, hrapavim z bodicami, prava \u010darovnica med palmami, \u0161ume\u010de v mra\u010dnem \u0161opku odmrlih listov nad grobim peskom.<\/p>\n<h2>Blockquotes<\/h2>\n<p>Enovrsti\u010dni blok citata:<\/p>\n<blockquote><p>Ostani la\u010den. Ostani nor\u010dav.<\/p><\/blockquote>\n<p>Ve\u010dvrsti\u010dni blok citat s sklicem na citat:<\/p>\n<blockquote cite=\"https:\/\/developer.mozilla.org\/en-US\/docs\/Web\/HTML\/Element\/blockquote\"><p>The <strong>HTML <code><blockquote><\/code> Element<\/strong> (oz <em>Element HTML Block Quotation<\/em>) pomeni, da je prilo\u017eeno besedilo raz\u0161irjen citat. Obi\u010dajno je to vizualno upodobljeno z zamikom (glejte <a href=\"https:\/\/developer.mozilla.org\/en-US\/docs\/HTML\/Element\/blockquote#Notes\" target=\"_blank\" rel=\"noopener\">Opombe<\/a> kako to spremeniti). URL za vir navedbe lahko navedete z uporabo <strong>citirati<\/strong> medtem ko lahko besedilno predstavitev vira podate z uporabo <a title=\"HTML Citation Element &lt;cite&gt;predstavlja referenco na ustvarjalno delo. Vklju\u010devati mora naslov dela ali sklic URL, ki je lahko v skraj\u0161ani obliki v skladu s konvencijami, ki se uporabljajo za dodajanje metapodatkov o citatih.&lt;\/cite&gt;\" href=\"https:\/\/developer.mozilla.org\/en-US\/docs\/Web\/HTML\/Element\/cite\" target=\"_blank\" rel=\"noopener\"><code><cite><\/code><\/a> element.<\/p><\/blockquote>\n<p><cite>ve\u010d sodelavcev<\/cite> \u2013 Referenca elementa MDN HTML \u2013 citat bloka<\/p>\n<h2>Mize<\/h2>\n<table>\n<thead>\n<tr>\n<th>Zaposleni<\/th>\n<th>Pla\u010da<\/th>\n<th><\/th>\n<\/tr>\n<\/thead>\n<tbody>\n<tr>\n<th><a href=\"http:\/\/example.org\/\" target=\"_blank\" rel=\"noopener\">John Doe<\/a><\/th>\n<td>$1<\/td>\n<td>Ker je to vse, kar je Steve Jobs potreboval za pla\u010do.<\/td>\n<\/tr>\n<tr>\n<th><a href=\"http:\/\/example.org\/\" target=\"_blank\" rel=\"noopener\">Jane Doe<\/a><\/th>\n<td>$100K<\/td>\n<td>Za vse bloge, ki jih po\u010dne.<\/td>\n<\/tr>\n<tr>\n<th><a href=\"http:\/\/example.org\/\" target=\"_blank\" rel=\"noopener\">Fred Bloggs<\/a><\/th>\n<td>$100M<\/td>\n<td>Slike so vredne ve\u010d kot tiso\u010d besed, kajne? Torej Jane x 1000.<\/td>\n<\/tr>\n<tr>\n<th><a href=\"http:\/\/example.org\/\" target=\"_blank\" rel=\"noopener\">Jane Bloggs<\/a><\/th>\n<td>$100B<\/td>\n<td>S takimi lasmi?! Dovolj povedanega\u2026<\/td>\n<\/tr>\n<\/tbody>\n<\/table>\n<h2>Seznami definicij<\/h2>\n<dl>\n<dt>Naslov seznama definicij<\/dt>\n<dd>Delitev seznama definicij.<\/dd>\n<dt>Za\u010deti<\/dt>\n<dd>Startup podjetje ali startup je podjetje ali za\u010dasna organizacija, zasnovana za iskanje ponovljivega in raz\u0161irljivega poslovnega modela.<\/dd>\n<dt>#dowork<\/dt>\n<dd>&quot;Do Work&quot;, ki sta ga skovala Rob Dyrdek in njegov osebni telesni stra\u017ear Christopher &quot;Big Black&quot; Boykins, deluje kot samomotivator, da motivira va\u0161e prijatelje.<\/dd>\n<dt>Naredi to v \u017eivo<\/dt>\n<dd>Dovolil bom Billu O&#039;Reillyju <a title=\"Naredili bomo to v \u017eivo\" href=\"https:\/\/www.youtube.com\/watch?v=O_HyZ5aW76c\" target=\"_blank\" rel=\"noopener\">pojasni<\/a> tale.<\/dd>\n<\/dl>\n<h2>Neurejeni seznami (gnezdeni)<\/h2>\n<ul>\n<li>Prvi element seznama\n<ul>\n<li>Prvi element seznama\n<ul>\n<li>Prvi element seznama<\/li>\n<li>Druga to\u010dka seznama<\/li>\n<li>To\u010dka seznama tri<\/li>\n<li>\u010cetrta to\u010dka seznama<\/li>\n<\/ul>\n<\/li>\n<li>Druga to\u010dka seznama<\/li>\n<li>To\u010dka seznama tri<\/li>\n<li>\u010cetrta to\u010dka seznama<\/li>\n<\/ul>\n<\/li>\n<li>Druga to\u010dka seznama<\/li>\n<li>To\u010dka seznama tri<\/li>\n<li>\u010cetrta to\u010dka seznama<\/li>\n<\/ul>\n<h2>Urejen seznam (gnezdeni)<\/h2>\n<ol start=\"8\">\n<li>Prvi element seznama - za\u010dnite pri 8\n<ol>\n<li>Prvi element seznama\n<ol reversed=\"reversed\">\n<li>Element seznama ena - obrnjen atribut<\/li>\n<li>Druga to\u010dka seznama<\/li>\n<li>To\u010dka seznama tri<\/li>\n<li>\u010cetrta to\u010dka seznama<\/li>\n<\/ol>\n<\/li>\n<li>Druga to\u010dka seznama<\/li>\n<li>To\u010dka seznama tri<\/li>\n<li>\u010cetrta to\u010dka seznama<\/li>\n<\/ol>\n<\/li>\n<li>Druga to\u010dka seznama<\/li>\n<li>To\u010dka seznama tri<\/li>\n<li>\u010cetrta to\u010dka seznama<\/li>\n<\/ol>\n<h2>Oznake HTML<\/h2>\n<p>Te podprte oznake prihajajo iz kode WordPress.com <a title=\"Koda\" href=\"https:\/\/en.support.wordpress.com\/code\/\" target=\"_blank\" rel=\"noopener\">pogosta vpra\u0161anja<\/a>.<\/p>\n<p><strong>Naslovna oznaka<\/strong><\/p>\n<address>1 Neskon\u010dna zanka<br \/>\nCupertino, CA 95014<br \/>\nZdru\u017eene dr\u017eave<\/address>\n<p><strong>Sidrna oznaka (tudi povezava)<\/strong><\/p>\n<p>To je primer a <a title=\"WordPress Foundation\" href=\"https:\/\/wordpressfoundation.org\/\" target=\"_blank\" rel=\"noopener\">povezava<\/a>.<\/p>\n<p><strong>Oznaka okraj\u0161ave<\/strong><\/p>\n<p>Okraj\u0161ava <abbr title=\"resno\">srsly<\/abbr> pomeni &quot;resno&quot;.<\/p>\n<p><strong>Oznaka akronima (<em>zastarelo v HTML5<\/em>)<\/strong><\/p>\n<p>Kratica <acronym title=\"Za zmago\">ftw<\/acronym> pomeni &quot;za zmago&quot;.<\/p>\n<p><strong>Velika oznaka<\/strong> (<em>zastarelo v HTML5<\/em>)<\/p>\n<p>Ti testi so a <big>velik<\/big> deal, vendar ta oznaka ni ve\u010d podprta v HTML5.<\/p>\n<p><strong>Cite Tag<\/strong><\/p>\n<p>&quot;Koda je poezija.&quot; \u2014<cite>Samodejno<\/cite><\/p>\n<p><strong>Oznaka kode<\/strong><\/p>\n<p>Ta oznaka stilizira bloke kode.<br \/>\n<code>.post-title {<br \/>\nrob: 0 0 5px;<br \/>\nte\u017ea pisave: krepko;<br \/>\nvelikost pisave: 38px;<br \/>\nvi\u0161ina vrstice: 1,2;<br \/>\nin tukaj je vrstica res, res, res, zelo dolgega besedila, samo da vidimo, kako se z njim ravna in da ugotovimo, kako se preliva;<br \/>\n}<\/code><br \/>\nPozneje v teh testih boste izvedeli, da bo prelom besed: break-word; va\u0161 najbolj\u0161i prijatelj.<\/p>\n<p><strong>Izbri\u0161i oznako<\/strong><\/p>\n<p>Ta oznaka vam bo omogo\u010dila <del>pre\u010drtati besedilo<\/del>, ampak ta oznaka je <em>priporo\u010dljivo<\/em> podprto v HTML5 (uporabite <code><s><\/code> namesto tega).<\/p>\n<p><strong>Poudari oznako<\/strong><\/p>\n<p>Oznaka za poudarjanje bi morala <em>le\u017ee\u010de<\/em> <i>besedilo<\/i>.<\/p>\n<p><strong>Oznaka vodoravnega pravila<\/strong><\/p>\n<hr \/>\n<p>Ta stavek sledi a <code>&lt;hr \/&gt;<\/code> oznaka.<\/p>\n<p><strong>Vstavi oznako<\/strong><\/p>\n<p>Ta oznaka naj ozna\u010duje <ins cite=\"inserted it\">vstavljeno<\/ins> besedilo.<\/p>\n<p><strong>Oznaka tipkovnice<\/strong><\/p>\n<p>Ta redko znana oznaka posnema <kbd>besedilo na tipkovnici<\/kbd>, ki je obi\u010dajno oblikovan kot <code><code><\/code> oznaka.<\/p>\n<p><strong>Vnaprej oblikovana oznaka<\/strong><\/p>\n<p>Ta oznaka je namenjena ohranjanju presledkov, kot so vneseni, na primer v poeziji ali umetnosti ASCII.<\/p>\n<h2>Pot ni \u0161la<\/h2>\n<pre><cite>\r\nRobert Frost<\/cite>\r\n\r\n\r\n  Dve cesti sta se lo\u010dili v rumenem gozdu, In \u017eal nisem mogel potovati obe (_\/) In biti en popotnik, dolgo sem stal (=&#039;.&#039;=) In gledal navzdol, kolikor sem mogel (&quot;)_(&quot;) Tja, kjer se je upognilo v podrasti; Potem je vzel drugega, prav tako po\u0161tenega, In z morda bolj\u0161im zahtevkom, |_\/| Ker je bilo travnato in je bilo potrebno nositi; \/ @ @ \u010ceprav jih je tam mimoido\u010di ( &gt; \u00ba &lt; ) Nosil res pribli\u017eno enako, `&gt;&gt;x&lt;&lt;\u00b4 \/ O In oba sta tisto jutro enako le\u017eala V listju ni korak \u010drno stopil. Joj, prvega sem obdr\u017eal \u0161e en dan! A ker vem, kako pot vodi naprej, sem dvomil, ali naj se \u0161e kdaj vrnem. To bom pripovedoval z vzdihom Nekje veke in veke od tod: Dve cesti sta se lo\u010dili v gozdu, in jaz \u2014 Ubral sem tisto, po kateri se je manj hodilo, In to je vse spremenilo. in tukaj je vrstica res, res, res, zelo dolgega besedila, samo da vidimo, kako se z njim ravna in da ugotovimo, kako se preliva;<\/pre>\n<p><strong>Oznaka citata<\/strong> za kratke, vstavljene narekovaje<\/p>\n<p><q>Razvijalci, razvijalci, razvijalci \u2026<\/q> -Steve Ballmer<\/p>\n<p><strong>Strike Tag<\/strong> (<em>zastarelo v HTML5<\/em>) in <strong>Oznaka S<\/strong><\/p>\n<p>Ta oznaka prikazuje <span style=\"text-decoration: line-through;\">pre\u010drtano<\/span> <s>besedilo<\/s>.<\/p>\n<p><strong>Majhna oznaka<\/strong><\/p>\n<p>Ta oznaka prikazuje <small>manj\u0161i<small> besedilo.<\/small><\/small><\/p>\n<p><strong>Mo\u010dna oznaka<\/strong><\/p>\n<p>Ta oznaka prikazuje <strong>krepko besedilo.<\/strong><\/p>\n<p><strong>Oznaka indeksa<\/strong><\/p>\n<p>Na\u0161 znanstveni stajling s H<sub>2<\/sub>O, kar bi moralo potisniti &quot;2&quot; navzdol.<\/p>\n<p><strong>Oznaka nadnapisa<\/strong><\/p>\n<p>\u0160e vedno ostaja pri znanosti in E = MC Alberta Einsteina<sup>2<\/sup>, ki naj dvigne 2 navzgor.<\/p>\n<p><strong>Teletype Tag <\/strong>(<em>zastarelo v HTML5<\/em>)<\/p>\n<p>Ta redko uporabljena oznaka posnema <tt>teletipsko besedilo<\/tt>, ki je obi\u010dajno oblikovan kot <code><code><\/code> oznaka.<\/p>\n<p><strong>Pod\u010drtana oznaka<\/strong> <em>opu\u0161\u010deno v HTML 4, ponovno uvedeno v HTML5 z drugo semantiko<\/em><\/p>\n<p>Ta oznaka prikazuje <u>pod\u010drtano besedilo<\/u>.<\/p>\n<p><strong>Oznaka spremenljivke<\/strong><\/p>\n<p>To vam omogo\u010da, da ozna\u010dite <var>spremenljivke<\/var>.<\/p>\n<h2>Osvetlitev slike<\/h2>\n<h4>Slika sredinske poravnave<\/h4>\n<p>Lorem ipsum dolor sit amet, consectetur adipiscing elit. Donec posuere augue quam. Proin ligula ligula, rutrum ut consectetur id, tincidunt sit amet ipsum.<\/p>\n<p><img fetchpriority=\"high\" decoding=\"async\" class=\"aligncenter size-large wp-image-39\" src=\"https:\/\/themes.getmotopress.com\/ciestra\/wp-content\/uploads\/sites\/21\/2018\/08\/triple_room_01-1024x728.jpg\" alt=\"\" width=\"746\" height=\"530\" srcset=\"https:\/\/rethymno.villas\/wp-content\/uploads\/triple_room_01-1024x728.jpg 1024w, https:\/\/rethymno.villas\/wp-content\/uploads\/triple_room_01-300x213.jpg 300w, https:\/\/rethymno.villas\/wp-content\/uploads\/triple_room_01-768x546.jpg 768w, https:\/\/rethymno.villas\/wp-content\/uploads\/triple_room_01-1536x1092.jpg 1536w, https:\/\/rethymno.villas\/wp-content\/uploads\/triple_room_01-891x633.jpg 891w, https:\/\/rethymno.villas\/wp-content\/uploads\/triple_room_01-235x167.jpg 235w, https:\/\/rethymno.villas\/wp-content\/uploads\/triple_room_01.jpg 1600w\" sizes=\"(max-width: 746px) 100vw, 746px\" \/>In sed porta lectus, auctor bibendum est. Mauris tempor fermentum nisl vel imperdiet. Donec consequat sapien ac nisl pellentesque, eget condimentum felis rhoncus.<\/p>\n<h4>Slika za levo poravnavo<\/h4>\n<p><img decoding=\"async\" class=\"alignleft wp-image-25 size-medium\" src=\"https:\/\/themes.getmotopress.com\/ciestra\/wp-content\/uploads\/sites\/21\/2018\/08\/03_conference_rom-300x233.jpg\" alt=\"\" width=\"300\" height=\"233\" \/>Lorem ipsum dolor sit amet, consectetur adipiscing elit. Donec posuere augue quam. Proin ligula ligula, rutrum ut consectetur id, tincidunt sit amet ipsum. Proin magna dolor, fringilla non malesuada vitae, suscipit at est. Pellentesque ex orci, fringilla in viverra eu, interdum in eros. Vivamus in scelerisque est.<\/p>\n<p>Quisque in justo ultrices, efficitur lorem quis, pharetra mauris. Vestibulum ante ipsum primis in faucibus orci luctus et ultrices posuere cubilia. Nunc ultricies nisl sollicitudin, maximus lacus bibendum, pharetra eros. In sed nibh arcu. Mauris in orci a neque posuere fermentum. Aliquam eu accumsan nulla. Phasellus tincidunt tristique arcu sed tempus. Praesent id lorem nec turpis porttitor semper. Quisque nec ligula erat. Pellentesque eu gravida lacus.<\/p>\n<p>Aliquam eu accumsan nulla. Phasellus tincidunt tristique arcu sed tempus. Praesent id Quisque interdum luctus est, ut consequat felis. Sed sagittis ipsum scelerisque, dictum nibh id, posuere augue. Integer facilisis aliquet elit, a egestas quam cursus quis. In mattis volutpat arcu. Vestibulum blandit purus sed nisi elementum.<\/p>\n<h4>Slika desne poravnave<\/h4>\n<p><img decoding=\"async\" class=\"alignright wp-image-23 size-medium\" src=\"https:\/\/themes.getmotopress.com\/ciestra\/wp-content\/uploads\/sites\/21\/2018\/08\/04_home_theather-300x233.jpg\" alt=\"\" width=\"300\" height=\"233\" \/>Lorem ipsum dolor sit amet, consectetur adipiscing elit. Donec posuere augue quam. Proin ligula ligula, rutrum ut consectetur id, tincidunt sit amet ipsum. Proin magna dolor, fringilla non malesuada vitae, suscipit at est. Pellentesque ex orci, fringilla in viverra eu, interdum in eros. Vivamus in scelerisque est.<\/p>\n<p>Quisque in justo ultrices, efficitur lorem quis, pharetra mauris. Vestibulum ante ipsum primis in faucibus orci luctus et ultrices posuere cubilia. Nunc ultricies nisl sollicitudin, maximus lacus bibendum, pharetra eros. In sed nibh arcu. Mauris in orci a neque posuere fermentum. Aliquam eu accumsan nulla. Phasellus tincidunt tristique arcu sed tempus. Praesent id lorem nec turpis porttitor semper. Quisque nec ligula erat. Pellentesque eu gravida lacus.<\/p>\n<p>Aliquam eu accumsan nulla. Phasellus tincidunt tristique arcu sed tempus. Praesent id Quisque interdum luctus est, ut consequat felis. Sed sagittis ipsum scelerisque, dictum nibh id, posuere augue. Integer facilisis aliquet elit, a egestas quam cursus quis. In mattis volutpat arcu. Vestibulum blandit purus sed nisi elementum.<\/p>\n<h4>Slika 150 \u00d7 150, ki je levo poravnana<\/h4>\n<p><img loading=\"lazy\" decoding=\"async\" class=\"size-thumbnail wp-image-29 alignleft\" src=\"https:\/\/themes.getmotopress.com\/ciestra\/wp-content\/uploads\/sites\/21\/2018\/08\/01_restaurant-150x150.jpg\" alt=\"\" width=\"150\" height=\"150\" \/>Lorem ipsum dolor sit amet, consectetur adipiscing elit. Donec posuere augue quam. Proin ligula ligula, rutrum ut consectetur id, tincidunt sit amet ipsum. Proin magna dolor, fringilla non malesuada vitae, suscipit at est. Pellentesque ex orci, fringilla in viverra eu, interdum in eros. Vivamus in scelerisque est.<\/p>\n<p>Quisque in justo ultrices, efficitur lorem quis, pharetra mauris. Vestibulum ante ipsum primis in faucibus orci luctus et ultrices posuere cubilia. Nunc ultricies nisl sollicitudin, maximus lacus bibendum, pharetra eros. In sed nibh arcu. Mauris in orci a neque posuere fermentum. Aliquam eu accumsan nulla. Phasellus tincidunt tristique arcu sed tempus. Praesent id lorem nec turpis porttitor semper. Quisque nec ligula erat. Pellentesque eu gravida lacus.<\/p>\n<p>Aliquam eu accumsan nulla. Phasellus tincidunt tristique arcu sed tempus. Praesent id Quisque interdum luctus est, ut consequat felis. Sed sagittis ipsum scelerisque, dictum nibh id, posuere augue. Integer facilisis aliquet elit, a egestas quam cursus quis. In mattis volutpat arcu. Vestibulum blandit purus sed nisi elementum.<\/p>\n<h4>Velika slika<\/h4>\n<p>Lorem ipsum dolor sit amet, consectetur adipiscing elit. Donec posuere augue quam. Proin ligula ligula, rutrum ut consectetur id, tincidunt sit amet ipsum.<\/p>\n<figure id=\"attachment_36\" aria-describedby=\"caption-attachment-36\" style=\"width: 1600px\" class=\"wp-caption aligncenter\"><img loading=\"lazy\" decoding=\"async\" class=\"wp-image-36 size-full\" src=\"https:\/\/rethymno.villas\/wp-content\/uploads\/surf_lesson.jpg\" alt=\"\" width=\"1600\" height=\"1067\" srcset=\"https:\/\/rethymno.villas\/wp-content\/uploads\/surf_lesson.jpg 1600w, https:\/\/rethymno.villas\/wp-content\/uploads\/surf_lesson-300x200.jpg 300w, https:\/\/rethymno.villas\/wp-content\/uploads\/surf_lesson-1024x683.jpg 1024w, https:\/\/rethymno.villas\/wp-content\/uploads\/surf_lesson-768x512.jpg 768w, https:\/\/rethymno.villas\/wp-content\/uploads\/surf_lesson-1536x1024.jpg 1536w, https:\/\/rethymno.villas\/wp-content\/uploads\/surf_lesson-891x594.jpg 891w\" sizes=\"(max-width: 1600px) 100vw, 1600px\" \/><figcaption id=\"caption-attachment-36\" class=\"wp-caption-text\">te\u010daji surfanja<\/figcaption><\/figure>\n<p>In sed porta lectus, auctor bibendum est. Mauris tempor fermentum nisl vel imperdiet. Donec consequat sapien ac nisl pellentesque, eget condimentum felis rhoncus.<\/p>","protected":false},"excerpt":{"rendered":"<p>Ta zadnji ni ve\u010d kot \u010develj visok in pribli\u017eno sedem korakov v premer, je zgolj raven vrh sive skale, ki se po tu\u0161iranju kadi kot vro\u010da pepel in kamor si nih\u010de ne \u017eeli upati golega podplata pred son\u010dnim zahodom. Na Mali Isabel stara razdrapana palma z debelim [\u2026]<\/p>","protected":false},"author":1,"featured_media":0,"parent":0,"menu_order":0,"comment_status":"closed","ping_status":"closed","template":"","meta":{"inline_featured_image":false,"footnotes":""},"class_list":["post-80","page","type-page","status-publish","hentry"],"_links":{"self":[{"href":"https:\/\/rethymno.villas\/sl\/wp-json\/wp\/v2\/pages\/80","targetHints":{"allow":["GET"]}}],"collection":[{"href":"https:\/\/rethymno.villas\/sl\/wp-json\/wp\/v2\/pages"}],"about":[{"href":"https:\/\/rethymno.villas\/sl\/wp-json\/wp\/v2\/types\/page"}],"author":[{"embeddable":true,"href":"https:\/\/rethymno.villas\/sl\/wp-json\/wp\/v2\/users\/1"}],"replies":[{"embeddable":true,"href":"https:\/\/rethymno.villas\/sl\/wp-json\/wp\/v2\/comments?post=80"}],"version-history":[{"count":0,"href":"https:\/\/rethymno.villas\/sl\/wp-json\/wp\/v2\/pages\/80\/revisions"}],"wp:attachment":[{"href":"https:\/\/rethymno.villas\/sl\/wp-json\/wp\/v2\/media?parent=80"}],"curies":[{"name":"wp","href":"https:\/\/api.w.org\/{rel}","templated":true}]}}