{"id":80,"date":"2018-08-13T10:01:27","date_gmt":"2018-08-13T10:01:27","guid":{"rendered":"https:\/\/themes.getmotopress.com\/ciestra\/?page_id=80"},"modified":"2023-09-26T03:53:34","modified_gmt":"2023-09-26T00:53:34","slug":"typografi","status":"publish","type":"page","link":"https:\/\/rethymno.villas\/sv\/typografi\/","title":{"rendered":"Typografi"},"content":{"rendered":"<p>Den sista \u00e4r inte mer \u00e4n en fot h\u00f6g och cirka sju steg tv\u00e4rs \u00f6ver, bara en platt topp av en gr\u00e5 sten som ryker som en varm aske efter en dusch, och d\u00e4r ingen m\u00e4nniska skulle bry sig om att v\u00e5ga sig p\u00e5 en naken sula f\u00f6re solnedg\u00e5ngen. P\u00e5 Lilla Isabel prasslar en gammal trasig palm, med en tjock utbuktande stam grov med ryggar, en mycket h\u00e4xa bland palmer, en dyster massa d\u00f6da l\u00f6v ovanf\u00f6r den grova sanden.<\/p>\n<h1>Rubrik 1 (H1)<\/h1>\n<p>Den sista \u00e4r inte mer \u00e4n en fot h\u00f6g och cirka sju steg tv\u00e4rs \u00f6ver, bara en platt topp av en gr\u00e5 sten som ryker som en varm aske efter en dusch, och d\u00e4r ingen m\u00e4nniska skulle bry sig om att v\u00e5ga sig p\u00e5 en naken sula f\u00f6re solnedg\u00e5ngen. P\u00e5 Lilla Isabel prasslar en gammal trasig palm, med en tjock utbuktande stam grov med ryggar, en mycket h\u00e4xa bland palmer, en dyster massa d\u00f6da l\u00f6v ovanf\u00f6r den grova sanden.<\/p>\n<h2>Rubrik 2 (H2)<\/h2>\n<p>Den sista \u00e4r inte mer \u00e4n en fot h\u00f6g och cirka sju steg tv\u00e4rs \u00f6ver, bara en platt topp av en gr\u00e5 sten som ryker som en varm aske efter en dusch, och d\u00e4r ingen m\u00e4nniska skulle bry sig om att v\u00e5ga sig p\u00e5 en naken sula f\u00f6re solnedg\u00e5ngen. P\u00e5 Lilla Isabel prasslar en gammal trasig palm, med en tjock utbuktande stam grov med ryggar, en mycket h\u00e4xa bland palmer, en dyster massa d\u00f6da l\u00f6v ovanf\u00f6r den grova sanden.<\/p>\n<h3>Rubrik 3 (H3)<\/h3>\n<p>Den sista \u00e4r inte mer \u00e4n en fot h\u00f6g och cirka sju steg tv\u00e4rs \u00f6ver, bara en platt topp av en gr\u00e5 sten som ryker som en varm aske efter en dusch, och d\u00e4r ingen m\u00e4nniska skulle bry sig om att v\u00e5ga sig p\u00e5 en naken sula f\u00f6re solnedg\u00e5ngen. P\u00e5 Lilla Isabel prasslar en gammal trasig palm, med en tjock utbuktande stam grov med ryggar, en mycket h\u00e4xa bland palmer, en dyster massa d\u00f6da l\u00f6v ovanf\u00f6r den grova sanden.<\/p>\n<h4>Rubrik 4 (H4)<\/h4>\n<p>Den sista \u00e4r inte mer \u00e4n en fot h\u00f6g och cirka sju steg tv\u00e4rs \u00f6ver, bara en platt topp av en gr\u00e5 sten som ryker som en varm aske efter en dusch, och d\u00e4r ingen m\u00e4nniska skulle bry sig om att v\u00e5ga sig p\u00e5 en naken sula f\u00f6re solnedg\u00e5ngen. P\u00e5 Lilla Isabel prasslar en gammal trasig palm, med en tjock utbuktande stam grov med ryggar, en mycket h\u00e4xa bland palmer, en dyster massa d\u00f6da l\u00f6v ovanf\u00f6r den grova sanden.<\/p>\n<h5>Rubrik 5 (H5)<\/h5>\n<p>Den sista \u00e4r inte mer \u00e4n en fot h\u00f6g och cirka sju steg tv\u00e4rs \u00f6ver, bara en platt topp av en gr\u00e5 sten som ryker som en varm aske efter en dusch, och d\u00e4r ingen m\u00e4nniska skulle bry sig om att v\u00e5ga sig p\u00e5 en naken sula f\u00f6re solnedg\u00e5ngen. P\u00e5 Lilla Isabel prasslar en gammal trasig palm, med en tjock utbuktande stam grov med ryggar, en mycket h\u00e4xa bland palmer, en dyster massa d\u00f6da l\u00f6v ovanf\u00f6r den grova sanden.<\/p>\n<h6>Rubrik 6 (H6)<\/h6>\n<p>Den sista \u00e4r inte mer \u00e4n en fot h\u00f6g och cirka sju steg tv\u00e4rs \u00f6ver, bara en platt topp av en gr\u00e5 sten som ryker som en varm aske efter en dusch, och d\u00e4r ingen m\u00e4nniska skulle bry sig om att v\u00e5ga sig p\u00e5 en naken sula f\u00f6re solnedg\u00e5ngen. P\u00e5 Lilla Isabel prasslar en gammal trasig palm, med en tjock utbuktande stam grov med ryggar, en mycket h\u00e4xa bland palmer, en dyster massa d\u00f6da l\u00f6v ovanf\u00f6r den grova sanden.<\/p>\n<h2>Blockcitat<\/h2>\n<p>En rad blockcitat:<\/p>\n<blockquote><p>F\u00f6rbli hungrig. H\u00e5ll dig dum.<\/p><\/blockquote>\n<p>Flerradigt blockcitat med en citatreferens:<\/p>\n<blockquote cite=\"https:\/\/developer.mozilla.org\/en-US\/docs\/Web\/HTML\/Element\/blockquote\"><p>De <strong>HTML <code><blockquote><\/code> Element<\/strong> (eller <em>HTML-block offertelement<\/em>) indikerar att den bifogade texten \u00e4r ett ut\u00f6kat citat. Vanligtvis \u00e5terges detta visuellt genom indrag (se <a href=\"https:\/\/developer.mozilla.org\/en-US\/docs\/HTML\/Element\/blockquote#Notes\" target=\"_blank\" rel=\"noopener\">Anteckningar<\/a> f\u00f6r hur man \u00e4ndrar det). En URL f\u00f6r k\u00e4llan till citatet kan ges med hj\u00e4lp av <strong>citera<\/strong> attribut, medan en textrepresentation av k\u00e4llan kan ges med hj\u00e4lp av <a title=\"HTML-citatelementet &lt;cite&gt;representerar en referens till ett kreativt arbete. Den m\u00e5ste inneh\u00e5lla titeln p\u00e5 ett verk eller en URL-referens, som kan vara i en f\u00f6rkortad form enligt de konventioner som anv\u00e4nds f\u00f6r till\u00e4gg av citeringsmetadata.&lt;\/cite&gt;\" href=\"https:\/\/developer.mozilla.org\/en-US\/docs\/Web\/HTML\/Element\/cite\" target=\"_blank\" rel=\"noopener\"><code><cite><\/code><\/a> element.<\/p><\/blockquote>\n<p><cite>flera bidragsgivare<\/cite> \u2013 MDN HTML-elementreferens \u2013 blockquote<\/p>\n<h2>Tabeller<\/h2>\n<table>\n<thead>\n<tr>\n<th>Anst\u00e4lld<\/th>\n<th>L\u00f6n<\/th>\n<th><\/th>\n<\/tr>\n<\/thead>\n<tbody>\n<tr>\n<th><a href=\"http:\/\/example.org\/\" target=\"_blank\" rel=\"noopener\">John Doe<\/a><\/th>\n<td>$1<\/td>\n<td>F\u00f6r det \u00e4r allt Steve Jobs beh\u00f6vde f\u00f6r en l\u00f6n.<\/td>\n<\/tr>\n<tr>\n<th><a href=\"http:\/\/example.org\/\" target=\"_blank\" rel=\"noopener\">ok\u00e4nd kvinna<\/a><\/th>\n<td>$100K<\/td>\n<td>F\u00f6r allt bloggande hon g\u00f6r.<\/td>\n<\/tr>\n<tr>\n<th><a href=\"http:\/\/example.org\/\" target=\"_blank\" rel=\"noopener\">Fred Bloggs<\/a><\/th>\n<td>$100M<\/td>\n<td>Bilder s\u00e4ger mer \u00e4n tusen ord, eller hur? S\u00e5 Jane x 1 000.<\/td>\n<\/tr>\n<tr>\n<th><a href=\"http:\/\/example.org\/\" target=\"_blank\" rel=\"noopener\">Jane bloggar<\/a><\/th>\n<td>$100B<\/td>\n<td>Med s\u00e5nt h\u00e5r?! Nog sagt\u2026<\/td>\n<\/tr>\n<\/tbody>\n<\/table>\n<h2>Definitionslistor<\/h2>\n<dl>\n<dt>Definition List Titel<\/dt>\n<dd>Definition listindelning.<\/dd>\n<dt>B\u00f6rja<\/dt>\n<dd>Ett nystartat f\u00f6retag eller startup \u00e4r ett f\u00f6retag eller en tillf\u00e4llig organisation som \u00e4r utformad f\u00f6r att s\u00f6ka efter en repeterbar och skalbar aff\u00e4rsmodell.<\/dd>\n<dt>#arbete<\/dt>\n<dd>Myntad av Rob Dyrdek och hans personliga livvakt Christopher &quot;Big Black&quot; Boykins, fungerar &quot;Do Work&quot; som en sj\u00e4lvmotivator f\u00f6r att motivera dina v\u00e4nner.<\/dd>\n<dt>G\u00f6r det live<\/dt>\n<dd>Jag l\u00e5ter Bill O&#039;Reilly g\u00f6ra det <a title=\"Vi g\u00f6r det live\" href=\"https:\/\/www.youtube.com\/watch?v=O_HyZ5aW76c\" target=\"_blank\" rel=\"noopener\">f\u00f6rklara<\/a> den h\u00e4r.<\/dd>\n<\/dl>\n<h2>Oordnade listor (kapslade)<\/h2>\n<ul>\n<li>Lista punkt ett\n<ul>\n<li>Lista punkt ett\n<ul>\n<li>Lista punkt ett<\/li>\n<li>Lista punkt tv\u00e5<\/li>\n<li>Lista punkt tre<\/li>\n<li>Lista punkt fyra<\/li>\n<\/ul>\n<\/li>\n<li>Lista punkt tv\u00e5<\/li>\n<li>Lista punkt tre<\/li>\n<li>Lista punkt fyra<\/li>\n<\/ul>\n<\/li>\n<li>Lista punkt tv\u00e5<\/li>\n<li>Lista punkt tre<\/li>\n<li>Lista punkt fyra<\/li>\n<\/ul>\n<h2>Best\u00e4lld lista (kapslade)<\/h2>\n<ol start=\"8\">\n<li>Listpunkt ett - b\u00f6rjar vid 8\n<ol>\n<li>Lista punkt ett\n<ol reversed=\"reversed\">\n<li>Listpunkt ett - omv\u00e4nt attribut<\/li>\n<li>Lista punkt tv\u00e5<\/li>\n<li>Lista punkt tre<\/li>\n<li>Lista punkt fyra<\/li>\n<\/ol>\n<\/li>\n<li>Lista punkt tv\u00e5<\/li>\n<li>Lista punkt tre<\/li>\n<li>Lista punkt fyra<\/li>\n<\/ol>\n<\/li>\n<li>Lista punkt tv\u00e5<\/li>\n<li>Lista punkt tre<\/li>\n<li>Lista punkt fyra<\/li>\n<\/ol>\n<h2>HTML-taggar<\/h2>\n<p>Dessa taggar som st\u00f6ds kommer fr\u00e5n WordPress.com-koden <a title=\"Koda\" href=\"https:\/\/en.support.wordpress.com\/code\/\" target=\"_blank\" rel=\"noopener\">FAQ<\/a>.<\/p>\n<p><strong>Adresstagg<\/strong><\/p>\n<address>1 o\u00e4ndlig loop<br \/>\nCupertino, CA 95014<br \/>\nF\u00f6renta staterna<\/address>\n<p><strong>Anchor Tag (aka. L\u00e4nk)<\/strong><\/p>\n<p>Detta \u00e4r ett exempel p\u00e5 en <a title=\"WordPress Foundation\" href=\"https:\/\/wordpressfoundation.org\/\" target=\"_blank\" rel=\"noopener\">l\u00e4nk<\/a>.<\/p>\n<p><strong>F\u00f6rkortning Tag<\/strong><\/p>\n<p>F\u00f6rkortningen <abbr title=\"Allvarligt\">srsly<\/abbr> st\u00e5r f\u00f6r &quot;seri\u00f6st&quot;.<\/p>\n<p><strong>Akronymtagg (<em>utfasad i HTML5<\/em>)<\/strong><\/p>\n<p>F\u00f6rkortningen <acronym title=\"F\u00f6r vinsten\">ftw<\/acronym> st\u00e5r f\u00f6r &quot;f\u00f6r att vinna&quot;.<\/p>\n<p><strong>Stor Tag<\/strong> (<em>utfasad i HTML5<\/em>)<\/p>\n<p>Dessa tester \u00e4r en <big>stor<\/big> deal, men den h\u00e4r taggen st\u00f6ds inte l\u00e4ngre i HTML5.<\/p>\n<p><strong>Citera Tag<\/strong><\/p>\n<p>&quot;Kod \u00e4r poesi.&quot; \u2014<cite>Automatisk<\/cite><\/p>\n<p><strong>Kod Tag<\/strong><\/p>\n<p>Denna tagg formaterar kodblock.<br \/>\n<code>.Post titel {<br \/>\nmarginal: 0 0 5px;<br \/>\nfont-weight: fet;<br \/>\nteckenstorlek: 38px;<br \/>\nlinjeh\u00f6jd: 1,2;<br \/>\noch h\u00e4r \u00e4r en rad med riktigt, riktigt, riktigt, riktigt l\u00e5ng text, bara f\u00f6r att se hur den hanteras och f\u00f6r att ta reda p\u00e5 hur den sv\u00e4mmar \u00f6ver;<br \/>\n}<\/code><br \/>\nDu kommer att l\u00e4ra dig senare i dessa tester att word-wrap: break-word;kommer att bli din b\u00e4sta v\u00e4n.<\/p>\n<p><strong>Ta bort Tag<\/strong><\/p>\n<p>Den h\u00e4r taggen l\u00e5ter dig <del>stryk texten<\/del>, men den h\u00e4r taggen \u00e4r <em>rekommenderad<\/em> st\u00f6ds i HTML5 (anv\u00e4nd <code><s><\/code> ist\u00e4llet).<\/p>\n<p><strong>Betona Tag<\/strong><\/p>\n<p>Understrykningstaggen ska <em>kursivera<\/em> <i>text<\/i>.<\/p>\n<p><strong>Horisontell regeltagg<\/strong><\/p>\n<hr \/>\n<p>Denna mening f\u00f6ljer a <code>&lt;hr \/&gt;<\/code> m\u00e4rka.<\/p>\n<p><strong>S\u00e4tt in Tag<\/strong><\/p>\n<p>Denna tagg ska beteckna <ins cite=\"inserted it\">insatt<\/ins> text.<\/p>\n<p><strong>Tangentbordsetikett<\/strong><\/p>\n<p>Denna knappast k\u00e4nda tagg emulerar <kbd>tangentbordstext<\/kbd>, som vanligtvis \u00e4r utformad som <code><code><\/code> m\u00e4rka.<\/p>\n<p><strong>F\u00f6rformaterad tagg<\/strong><\/p>\n<p>Den h\u00e4r taggen \u00e4r till f\u00f6r att bevara blanktecken som skrivna, till exempel i poesi eller ASCII-konst.<\/p>\n<h2>V\u00e4gen inte tagit<\/h2>\n<pre><cite>\r\nRobert Frost<\/cite>\r\n\r\n\r\n  Tv\u00e5 v\u00e4gar divergerade i en gul skog, Och ledsen att jag inte kunde resa b\u00e5da (_\/) Och vara en resen\u00e4r, l\u00e4nge jag stod (=&#039;.&#039;=) Och s\u00e5g ner en s\u00e5 l\u00e5ngt jag kunde (&quot;)_(&quot;) Dit den b\u00f6jde sig i undervegetationen; D\u00e5 tog den andra, som lika r\u00e4ttvist, Och med kanske b\u00e4ttre anspr\u00e5k, |_\/| F\u00f6r det var gr\u00e4s och ville ha slitage; \/ @ @ Fast n\u00e4r det g\u00e4ller att passerandet d\u00e4r ( &gt; \u00ba &lt; ) Hade slitit dem egentligen ungef\u00e4r likadant, `&gt;&gt;x&lt;&lt;\u00b4 \/ O Och b\u00e5da den morgonen l\u00e5g lika i l\u00f6v inget steg hade trampat svart. \u00c5h, jag beh\u00f6ll den f\u00f6rsta f\u00f6r en annan dag! Men eftersom jag visste hur v\u00e4gen leder till v\u00e4gen, tvivlade jag p\u00e5 om jag n\u00e5gonsin skulle komma tillbaka. Jag kommer att s\u00e4ga detta med en suck. N\u00e5gonstans \u00e5ldras och \u00e5ldras d\u00e4rf\u00f6r: Tv\u00e5 v\u00e4gar divergerade i en skog, och jag \u2014 Jag tog den som mindre f\u00e4rdats, Och det har gjort hela skillnaden. och h\u00e4r \u00e4r en rad med riktigt, riktigt, riktigt, riktigt l\u00e5ng text, bara f\u00f6r att se hur det hanteras och f\u00f6r att ta reda p\u00e5 hur det sv\u00e4mmar \u00f6ver;<\/pre>\n<p><strong>Citat Tag<\/strong> f\u00f6r korta, inline-citat<\/p>\n<p><q>Utvecklare, utvecklare, utvecklare...<\/q> \u2013 Steve Ballmer<\/p>\n<p><strong>Strike Tag<\/strong> (<em>utfasad i HTML5<\/em>) och <strong>S Tag<\/strong><\/p>\n<p>Den h\u00e4r taggen visar <span style=\"text-decoration: line-through;\">genomslag<\/span> <s>text<\/s>.<\/p>\n<p><strong>Liten Tag<\/strong><\/p>\n<p>Den h\u00e4r taggen visar <small>mindre<small> text.<\/small><\/small><\/p>\n<p><strong>Stark Tag<\/strong><\/p>\n<p>Den h\u00e4r taggen visar <strong>fettext.<\/strong><\/p>\n<p><strong>Subscript Tag<\/strong><\/p>\n<p>F\u00e5 ig\u00e5ng v\u00e5r vetenskapliga styling med H<sub>2<\/sub>O, som ska trycka ner &quot;2&quot;-knappen.<\/p>\n<p><strong>Upph\u00f6jd tag<\/strong><\/p>\n<p>H\u00e5ller fortfarande fast vid vetenskapen och Albert Einsteins E = MC<sup>2<\/sup>, vilket ska lyfta upp 2:an.<\/p>\n<p><strong>Teletyptagg <\/strong>(<em>f\u00f6r\u00e5ldrad i HTML5<\/em>)<\/p>\n<p>Denna s\u00e4llan anv\u00e4nda tagg emulerar <tt>teleskriv text<\/tt>, som vanligtvis \u00e4r utformad som <code><code><\/code> m\u00e4rka.<\/p>\n<p><strong>Understryka Tag<\/strong> <em>utfasad i HTML 4, \u00e5terinf\u00f6rd i HTML5 med annan semantik<\/em><\/p>\n<p>Den h\u00e4r taggen visar <u>understruken text<\/u>.<\/p>\n<p><strong>Variabel Tag<\/strong><\/p>\n<p>Detta l\u00e5ter dig beteckna <var>variabler<\/var>.<\/p>\n<h2>Bildbelysning<\/h2>\n<h4>Bild f\u00f6r mittjustering<\/h4>\n<p>Lorem ipsum dolor sit amet, consectetur adipiscing elit. Donec posuere augue quam. Proin ligula ligula, rutrum ut consectetur id, tincidunt sit amet ipsum.<\/p>\n<p><img fetchpriority=\"high\" decoding=\"async\" class=\"aligncenter size-large wp-image-39\" src=\"https:\/\/themes.getmotopress.com\/ciestra\/wp-content\/uploads\/sites\/21\/2018\/08\/triple_room_01-1024x728.jpg\" alt=\"\" width=\"746\" height=\"530\" srcset=\"https:\/\/rethymno.villas\/wp-content\/uploads\/triple_room_01-1024x728.jpg 1024w, https:\/\/rethymno.villas\/wp-content\/uploads\/triple_room_01-300x213.jpg 300w, https:\/\/rethymno.villas\/wp-content\/uploads\/triple_room_01-768x546.jpg 768w, https:\/\/rethymno.villas\/wp-content\/uploads\/triple_room_01-1536x1092.jpg 1536w, https:\/\/rethymno.villas\/wp-content\/uploads\/triple_room_01-891x633.jpg 891w, https:\/\/rethymno.villas\/wp-content\/uploads\/triple_room_01-235x167.jpg 235w, https:\/\/rethymno.villas\/wp-content\/uploads\/triple_room_01.jpg 1600w\" sizes=\"(max-width: 746px) 100vw, 746px\" \/>I sed porta lectus, auktor bibendum est. Mauris tempor fermentum nisl vel imperdiet. Donec consequat sapien ac nisl pellentesque, eget condimentum felis rhoncus.<\/p>\n<h4>V\u00e4nsterjusteringsbild<\/h4>\n<p><img decoding=\"async\" class=\"alignleft wp-image-25 size-medium\" src=\"https:\/\/themes.getmotopress.com\/ciestra\/wp-content\/uploads\/sites\/21\/2018\/08\/03_conference_rom-300x233.jpg\" alt=\"\" width=\"300\" height=\"233\" \/>Lorem ipsum dolor sit amet, consectetur adipiscing elit. Donec posuere augue quam. Proin ligula ligula, rutrum ut consectetur id, tincidunt sit amet ipsum. Proin magna dolor, fringilla non malesuada vitae, suscipit vid est. Pellentesque ex orci, fringilla in viverra eu, interdum at eros. Vivamus p\u00e5 scelerisque est.<\/p>\n<p>Quisque in justo ultrices, efficitur lorem quis, pharetra mauris. Vestibulum ante ipsum primis i faucibus orci luctus et ultrices posuere cubilia. Nunc ultricies nisl sollicitudin, maximus lacus bibendum, pharetra eros. I sed nibh arcu. Mauris in orci a neque posuere fermentum. Aliquam eu accumsan nulla. Phasellus tincidunt tristique arcu sed tempus. Praesent id lorem nec turpis porttitor semper. Quisque nec ligula erat. Pellentesque eu gravida lacus.<\/p>\n<p>Aliquam eu accumsan nulla. Phasellus tincidunt tristique arcu sed tempus. Praesent id Quisque interdum luctus est, ut consequat felis. Sed sagittis ipsum scelerisque, dictum nibh id, posuere augue. Heltal facilisis aliquet elit, en egestas quam cursus quis. I mattis volutpat arcu. Vestibulum blandit purus sed nisi elementum.<\/p>\n<h4>H\u00f6gerjusteringsbild<\/h4>\n<p><img decoding=\"async\" class=\"alignright wp-image-23 size-medium\" src=\"https:\/\/themes.getmotopress.com\/ciestra\/wp-content\/uploads\/sites\/21\/2018\/08\/04_home_theather-300x233.jpg\" alt=\"\" width=\"300\" height=\"233\" \/>Lorem ipsum dolor sit amet, consectetur adipiscing elit. Donec posuere augue quam. Proin ligula ligula, rutrum ut consectetur id, tincidunt sit amet ipsum. Proin magna dolor, fringilla non malesuada vitae, suscipit vid est. Pellentesque ex orci, fringilla in viverra eu, interdum at eros. Vivamus p\u00e5 scelerisque est.<\/p>\n<p>Quisque in justo ultrices, efficitur lorem quis, pharetra mauris. Vestibulum ante ipsum primis i faucibus orci luctus et ultrices posuere cubilia. Nunc ultricies nisl sollicitudin, maximus lacus bibendum, pharetra eros. I sed nibh arcu. Mauris in orci a neque posuere fermentum. Aliquam eu accumsan nulla. Phasellus tincidunt tristique arcu sed tempus. Praesent id lorem nec turpis porttitor semper. Quisque nec ligula erat. Pellentesque eu gravida lacus.<\/p>\n<p>Aliquam eu accumsan nulla. Phasellus tincidunt tristique arcu sed tempus. Praesent id Quisque interdum luctus est, ut consequat felis. Sed sagittis ipsum scelerisque, dictum nibh id, posuere augue. Heltal facilisis aliquet elit, en egestas quam cursus quis. I mattis volutpat arcu. Vestibulum blandit purus sed nisi elementum.<\/p>\n<h4>150 \u00d7 150 bild, som \u00e4r v\u00e4nsterjusterad<\/h4>\n<p><img loading=\"lazy\" decoding=\"async\" class=\"size-thumbnail wp-image-29 alignleft\" src=\"https:\/\/themes.getmotopress.com\/ciestra\/wp-content\/uploads\/sites\/21\/2018\/08\/01_restaurant-150x150.jpg\" alt=\"\" width=\"150\" height=\"150\" \/>Lorem ipsum dolor sit amet, consectetur adipiscing elit. Donec posuere augue quam. Proin ligula ligula, rutrum ut consectetur id, tincidunt sit amet ipsum. Proin magna dolor, fringilla non malesuada vitae, suscipit vid est. Pellentesque ex orci, fringilla in viverra eu, interdum at eros. Vivamus p\u00e5 scelerisque est.<\/p>\n<p>Quisque in justo ultrices, efficitur lorem quis, pharetra mauris. Vestibulum ante ipsum primis i faucibus orci luctus et ultrices posuere cubilia. Nunc ultricies nisl sollicitudin, maximus lacus bibendum, pharetra eros. I sed nibh arcu. Mauris in orci a neque posuere fermentum. Aliquam eu accumsan nulla. Phasellus tincidunt tristique arcu sed tempus. Praesent id lorem nec turpis porttitor semper. Quisque nec ligula erat. Pellentesque eu gravida lacus.<\/p>\n<p>Aliquam eu accumsan nulla. Phasellus tincidunt tristique arcu sed tempus. Praesent id Quisque interdum luctus est, ut consequat felis. Sed sagittis ipsum scelerisque, dictum nibh id, posuere augue. Heltal facilisis aliquet elit, en egestas quam cursus quis. I mattis volutpat arcu. Vestibulum blandit purus sed nisi elementum.<\/p>\n<h4>Stor bild<\/h4>\n<p>Lorem ipsum dolor sit amet, consectetur adipiscing elit. Donec posuere augue quam. Proin ligula ligula, rutrum ut consectetur id, tincidunt sit amet ipsum.<\/p>\n<figure id=\"attachment_36\" aria-describedby=\"caption-attachment-36\" style=\"width: 1600px\" class=\"wp-caption aligncenter\"><img loading=\"lazy\" decoding=\"async\" class=\"wp-image-36 size-full\" src=\"https:\/\/rethymno.villas\/wp-content\/uploads\/surf_lesson.jpg\" alt=\"\" width=\"1600\" height=\"1067\" srcset=\"https:\/\/rethymno.villas\/wp-content\/uploads\/surf_lesson.jpg 1600w, https:\/\/rethymno.villas\/wp-content\/uploads\/surf_lesson-300x200.jpg 300w, https:\/\/rethymno.villas\/wp-content\/uploads\/surf_lesson-1024x683.jpg 1024w, https:\/\/rethymno.villas\/wp-content\/uploads\/surf_lesson-768x512.jpg 768w, https:\/\/rethymno.villas\/wp-content\/uploads\/surf_lesson-1536x1024.jpg 1536w, https:\/\/rethymno.villas\/wp-content\/uploads\/surf_lesson-891x594.jpg 891w\" sizes=\"(max-width: 1600px) 100vw, 1600px\" \/><figcaption id=\"caption-attachment-36\" class=\"wp-caption-text\">surflektioner<\/figcaption><\/figure>\n<p>I sed porta lectus, auktor bibendum est. Mauris tempor fermentum nisl vel imperdiet. Donec consequat sapien ac nisl pellentesque, eget condimentum felis rhoncus.<\/p>","protected":false},"excerpt":{"rendered":"<p>Den sista \u00e4r inte mer \u00e4n en fot h\u00f6g och ungef\u00e4r sju steg tv\u00e4rs \u00f6ver, bara en platt topp av en gr\u00e5 sten som ryker som en varm aske efter en dusch, och d\u00e4r ingen m\u00e4nniska skulle bry sig om att v\u00e5ga sig p\u00e5 en naken sula f\u00f6re solnedg\u00e5ngen. P\u00e5 Lilla Isabel en gammal trasig palm, med en tjock [\u2026]<\/p>","protected":false},"author":1,"featured_media":0,"parent":0,"menu_order":0,"comment_status":"closed","ping_status":"closed","template":"","meta":{"inline_featured_image":false,"footnotes":""},"class_list":["post-80","page","type-page","status-publish","hentry"],"_links":{"self":[{"href":"https:\/\/rethymno.villas\/sv\/wp-json\/wp\/v2\/pages\/80","targetHints":{"allow":["GET"]}}],"collection":[{"href":"https:\/\/rethymno.villas\/sv\/wp-json\/wp\/v2\/pages"}],"about":[{"href":"https:\/\/rethymno.villas\/sv\/wp-json\/wp\/v2\/types\/page"}],"author":[{"embeddable":true,"href":"https:\/\/rethymno.villas\/sv\/wp-json\/wp\/v2\/users\/1"}],"replies":[{"embeddable":true,"href":"https:\/\/rethymno.villas\/sv\/wp-json\/wp\/v2\/comments?post=80"}],"version-history":[{"count":0,"href":"https:\/\/rethymno.villas\/sv\/wp-json\/wp\/v2\/pages\/80\/revisions"}],"wp:attachment":[{"href":"https:\/\/rethymno.villas\/sv\/wp-json\/wp\/v2\/media?parent=80"}],"curies":[{"name":"wp","href":"https:\/\/api.w.org\/{rel}","templated":true}]}}